{"id":846,"date":"2024-02-09T12:36:35","date_gmt":"2024-02-09T12:36:35","guid":{"rendered":"https:\/\/bayramdokmeci.com\/?page_id=846"},"modified":"2026-02-17T12:57:50","modified_gmt":"2026-02-17T12:57:50","slug":"linkedin-is-gelistirme","status":"publish","type":"page","link":"https:\/\/bayramdokmeci.com\/zh\/linkedin-is-gelistirme\/","title":{"rendered":"LinkedIn\u4e1a\u52a1\u53d1\u5c55"},"content":{"rendered":"<div class=\"wp-block-columns is-layout-flex wp-container-core-columns-is-layout-28f84493 wp-block-columns-is-layout-flex\">\n<div class=\"wp-block-column is-layout-flow wp-block-column-is-layout-flow\" style=\"flex-basis:100%\">\n<div class=\"wp-block-stackable-image stk-block-image stk-block stk-582b4d7\" data-block-id=\"582b4d7\"><figure><span class=\"stk-img-wrapper stk-image--shape-stretch\"><img loading=\"lazy\" decoding=\"async\" class=\"stk-img wp-image-847\" src=\"https:\/\/cdn.bayramdokmeci.com\/2024\/02\/linkedin-marketing.jpg\" width=\"1182\" height=\"634\" srcset=\"https:\/\/cdn.bayramdokmeci.com\/2024\/02\/linkedin-marketing.jpg 1182w, https:\/\/cdn.bayramdokmeci.com\/2024\/02\/linkedin-marketing-300x161.jpg 300w, https:\/\/cdn.bayramdokmeci.com\/2024\/02\/linkedin-marketing-1024x549.jpg 1024w, https:\/\/cdn.bayramdokmeci.com\/2024\/02\/linkedin-marketing-768x412.jpg 768w\" sizes=\"auto, (max-width: 1182px) 100vw, 1182px\" \/><\/span><\/figure><\/div>\n<\/div>\n<\/div>\n\n\n\n<p>LinkedIn\uff0c\u5176\u4e2d\u6709\u8d85\u8fc7\u4e00\u4ebf\u7684\u6d3b\u52a8\u7528\u6237200\u591a\u4e2a\u56fd\u5bb6\u7684\u4e16\u754c\u4e0a\u6700\u91cd\u8981\u7684\u5546\u4e1a\u7f51\u7edc\u3002 \u5efa\u7acb\u4e1a\u52a1\u8054\u7cfb\uff0c\u6216\u62db\u8058\uff0c\u6216\u8005\u83b7\u5f97\u6709\u5173\u5185\u5bb9\u8425\u9500\u3002 \u4efb\u4f55\u4eba\u8c01\u60f3\u770b\u8d77\u6765\u6d3b\u8dc3\u5728\u5546\u52a1\u4e16\u754c\u6b63\u5728LinkedIn\u3002<br><br>\u4e2a\u4eba\u7b80\u4ecb\uff0c\u516c\u53f8\u7684\u6863\u6848\uff0c\u5c31\u4e1a\u5c40\u3001\u56e2\u4f53\u3001\u65b0\u95fb\u3001LinkedIn\u5e7f\u544a\u2013LinkedIn\u5df2\u7ecf\u6210\u4e3a\u4e00\u4e2a\u7ecf\u5e38\u8bbf\u95ee\u7684\u76f8\u5f53\u4e8e\u52b3\u52a8\u529b\u5e02\u573a\u5728\u6700\u8fd1\u51e0\u5e74\uff0c\u800c\u4eca\u5929\u4eba\u4eec\u4ece\u6240\u6709\u9886\u57df\u7684\u4f01\u4e1a\u548c\u8425\u9500\u516c\u53f8\uff0c\u4ece\u6240\u6709\u90e8\u95e8\u7684\u6709\u8da3\u673a\u4f1a\u3002<\/p>\n\n\n\n<p>\u5de5\u4f5c\u5e73\u53f0\uff0c\u4eba\u5458\u7684\u5f81\u8058\u89e3\u51b3\u65b9\u6848\u7684\u624d\u534e\u5728\u4e00\u8d77\u7684\u4e0a\u4e0b\u6587\u4e2d\u7684\u9002\u5f53\u5de5\u5177\u3002 \u4e00\u4e2a\u4e13\u4e1a\u8bbe\u8ba1\u516c\u53f8\u7684\u804c\u4e1a\u751f\u6daf\u7684\u7f51\u9875\uff0c\u4ece\u8be5\u7f51\u9875\uff0c\u4ee5\u53ca\u4eba\u529b\u8d44\u6e90\u76f8\u5173\u7684\u5e02\u573a\u8425\u9500\u6d3b\u52a8\u7684\u4e00\u90e8\u5206LinkedIn\u662f\u7279\u522b\u91cd\u8981\u7684\u3002 LinkedIn\u662f\u9002\u5f53\u7684\u4e3b\u610f\u6709\u5173\u7684\u516c\u53f8\u7ed9\u5458\u5de5\u4e00\u4e2a\u6709\u610f\u4e49\u7684\u5e72\u51c0\u7684\u96c7\u4e3b\u63d0\u4f9b\u7684\u673a\u4f1a\uff0c\u521b\u9020\u4e00\u4e2a\u54c1\u724c\u3002 \u8fd9\u5305\u62ec\u7a7a\u7684\u4f4d\u7f6e\u7684\u5e73\u53f0\uff0c\u8fd9\u5c06\u4e3a\u6267\u884c\u5728\u540c\u4e00\u65f6\u95f4\u3002<\/p>\n\n\n\n<p>LinkedIn\u4e5f\u662f\u4e00\u4e2a\u5f88\u597d\u7684\u4e00\u822c\u5bf9\u4f01\u4e1a\u7684\u901a\u4fe1\u5e73\u53f0\u3002 \u628a\u4f60\u7684\u7b56\u7565\u548c\u793e\u4ea4\u5a92\u4f53\u7684\u8425\u9500\u548c\u6c9f\u901a\u7684\u5e73\u53f0\u4e4b\u95f4\u7684\u4e92\u52a8\u5458\u5de5\u548c\u516c\u53f8\u6211\u4eec\u7684\u652f\u6301\uff0c\u6211\u4eec\u5c06\u7ed9\u4f60\u7684\u6280\u5de7\u548c\u6280\u5de7\u3002<\/p>\n\n\n\n<p>LinkedIn\u5e7f\u544a\u662f\u5b8c\u7f8e\u7684\u5546\u4e1a\u73af\u5883\u3002 \u521b\u5efa\u4e3b\u529e\u7684\u5185\u5bb9\u4e0e\u6f5c\u5728\u5ba2\u6237\u3001\u63d0\u9ad8\u8ba4\u8bc6\u6216\u5ba3\u4f20\u7b49\u6d3b\u52a8\uff0c\u76ee\u6807\u662f\u53ef\u4ee5\u8fbe\u5230\u3002 \u4f46\u662f\uff0c\u60a8\u53ef\u4ee5\u521b\u5efa\u4e00\u4e2a\u6d3b\u52a8\u4e0aLinkedIn\uff0c\u8fd9\u662f\u4e0d\u5bb9\u6613\u7684\u3002 \u53f3\u8fd0\u52a8\u7684\u6218\u7565\uff0c\u7ade\u9009\u5e7f\u544a\u548c\u5408\u903b\u8f91\u7684\u7ed3\u6784\uff0c\u4ee5\u53ca\u6700\u4f73\u76ee\u6807\u7fa4\u4f53\u4f60\u53ef\u4ee5\u8fbe\u5230\u6211\u4eec\u7684\u4e1a\u52a1\u76ee\u6807\u3002 \u6211\u4eec\u4f1a\u544a\u8bc9\u4f60\u5982\u4f55\u505a\u5230\u8fd9\u4e00LinkedIn\u6700\u4f73\u5b9e\u8df5\u5efa\u8bae\u3002<\/p>\n\n\n\n<p>\u6211\u4eec\u751f\u6d3b\u5728LinkedIn! \u6211\u4eec\u5c06\u5236\u5b9a\u4e00\u9879\u6218\u7565\uff0c\u7528\u4f60\u6700\u9002\u5f53\u7684\u5185\u5bb9\u548c\u8bbf\u95ee\u60a8\u6709\u6548\u7684\u7ef4\u62a4\u548c\u7ba1\u7406\u5de5\u5177\uff0c\u6211\u4eec\u5206\u6790\u4e86\u6536\u5230\u7684\u6570\u636e\u548c\u4e00\u4e2a\u4e13\u4e1a\u6f14\u51fa\u3002<\/p>\n\n\n\n<p>LinkedIn\u4eba\u624d\u7684\u89e3\u51b3\u65b9\u6848\u7684\u5408\u4f5c\u4f19\u4f34\u3002<br>\u6211\u4eec\u7684\u56e2\u961f\u662f\u7531\u7ecf\u8fc7\u8ba4\u8bc1\u7684\u4e13\u4e1a\u4eba\u5458LinkedIn\u3002<\/p>\n\n\n\n<div class=\"wp-block-stackable-image stk-block-image has-text-align-left stk-block stk-3245efa\" data-block-id=\"3245efa\"><style>.stk-3245efa .stk-img-wrapper{width:30% !important}<\/style><figure><span class=\"stk-img-wrapper stk-image--shape-stretch\"><img loading=\"lazy\" decoding=\"async\" class=\"stk-img wp-image-1010\" src=\"https:\/\/cdn.bayramdokmeci.com\/2024\/02\/LinkedIn_Talent_Solutions_Partner.png\" width=\"240\" height=\"96\"\/><\/span><\/figure><\/div>","protected":false},"excerpt":{"rendered":"<p>200&#8217;den fazla \u00fclkede bir milyar\u0131n \u00fczerinde aktif kullan\u0131c\u0131s\u0131 bulunan LinkedIn, d\u00fcnyan\u0131n en \u00f6nemli i\u015f a\u011f\u0131d\u0131r. \u0130ster i\u015f ba\u011flant\u0131lar\u0131 kurmak, ister i\u015fe al\u0131m, ister i\u00e7erik pazarlamayla ilgili olsun. \u0130\u015f d\u00fcnyas\u0131nda g\u00f6r\u00fcnmek isteyen herkes LinkedIn\u2019de aktif. Ki\u015fisel profiller, \u015firket profilleri, i\u015f panolar\u0131, gruplar, haber ak\u0131\u015f\u0131, LinkedIn reklamlar\u0131 &#8211; LinkedIn, son y\u0131llarda olduk\u00e7a s\u0131k ziyaret edilen bir i\u015f [&hellip;]<\/p>\n","protected":false},"author":1,"featured_media":0,"parent":0,"menu_order":0,"comment_status":"closed","ping_status":"closed","template":"","meta":{"footnotes":""},"class_list":["post-846","page","type-page","status-publish","hentry"],"blocksy_meta":{"page_title_panel":"","has_hero_section":"disabled","b5eab4b45fc993c35f414f196001c1b3":"","hero_section":"type-1","hero_elements":[{"id":"custom_title","enabled":true,"heading_tag":"h1","title":"Home"},{"id":"custom_description","enabled":true,"description_visibility":{"desktop":true,"tablet":true,"mobile":false}},{"id":"custom_meta","enabled":false,"meta_elements":[{"id":"author","enabled":true,"label":"By","has_author_avatar":"yes","avatar_size":25},{"id":"post_date","enabled":true,"label":"On","date_format_source":"default","date_format":"M j, Y"},{"id":"updated_date","enabled":false,"label":"On","date_format_source":"default","date_format":"M j, Y"},{"id":"categories","enabled":false,"label":"In","style":"simple"},{"id":"comments","enabled":true}],"page_meta_elements":{"joined":true,"articles_count":true,"comments":true}},{"id":"breadcrumbs","enabled":false}],"76f4d01deefcea6e36539ad1e0b44d7b":"","hero_alignment1":"CT_CSS_SKIP_RULE","hero_margin":40,"hero_alignment2":"center","hero_vertical_alignment":"center","0949b4a7e32105b1f86c9539ab4f63fe":"","hero_structure":"narrow","8b5cdd064d547fd8f2f567b9e5031f2c":"","page_title_bg_type":"featured_image","custom_hero_background":{"attachment_id":null},"parallax":{"desktop":false,"tablet":false,"mobile":false},"b8535cf0316ce12df016fa4a68ddf005":"","hero_height":"250px","pageTitleFont":{"family":"Default","variation":"Default","size":"30px","line-height":"CT_CSS_SKIP_RULE","letter-spacing":"CT_CSS_SKIP_RULE","text-transform":"CT_CSS_SKIP_RULE","text-decoration":"CT_CSS_SKIP_RULE"},"pageTitleFontColor":{"default":{"color":"CT_CSS_SKIP_RULEDEFAULT"}},"pageMetaFont":{"family":"Default","variation":"n6","size":"12px","line-height":"1.3","letter-spacing":"CT_CSS_SKIP_RULE","text-transform":"uppercase","text-decoration":"CT_CSS_SKIP_RULE"},"pageMetaFontColor":{"default":{"color":"CT_CSS_SKIP_RULEDEFAULT"},"hover":{"color":"CT_CSS_SKIP_RULEDEFAULT"}},"page_meta_button_type_font_colors":{"default":{"color":"CT_CSS_SKIP_RULEDEFAULT"},"hover":{"color":"CT_CSS_SKIP_RULEDEFAULT"}},"page_meta_button_type_background_colors":{"default":{"color":"CT_CSS_SKIP_RULEDEFAULT"},"hover":{"color":"CT_CSS_SKIP_RULEDEFAULT"}},"pageExcerptFont":{"family":"Default","variation":"Default","size":"CT_CSS_SKIP_RULE","line-height":"CT_CSS_SKIP_RULE","letter-spacing":"CT_CSS_SKIP_RULE","text-transform":"CT_CSS_SKIP_RULE","text-decoration":"CT_CSS_SKIP_RULE"},"pageExcerptColor":{"default":{"color":"CT_CSS_SKIP_RULEDEFAULT"}},"breadcrumbsFont":{"family":"Default","variation":"Default","size":"CT_CSS_SKIP_RULE","line-height":"CT_CSS_SKIP_RULE","letter-spacing":"CT_CSS_SKIP_RULE","text-transform":"CT_CSS_SKIP_RULE","text-decoration":"CT_CSS_SKIP_RULE"},"breadcrumbsFontColor":{"default":{"color":"CT_CSS_SKIP_RULEDEFAULT"},"initial":{"color":"CT_CSS_SKIP_RULEDEFAULT"},"hover":{"color":"CT_CSS_SKIP_RULEDEFAULT"}},"pageTitleOverlay":{"background_type":"color","background_pattern":"type-1","background_image":{"attachment_id":null,"x":0,"y":0},"gradient":"linear-gradient(135deg,rgba(6,147,227,1) 0%,rgb(155,81,224) 100%)","background_repeat":"repeat","background_size":"auto","background_attachment":"scroll","patternColor":{"default":{"color":"#e5e7ea"}},"overlayColor":{"default":{"color":"CT_CSS_SKIP_RULE"}},"backgroundColor":{"default":{"color":"CT_CSS_SKIP_RULE"}}},"pageTitleBackground":{"background_type":"color","background_pattern":"type-1","background_image":{"attachment_id":null,"x":0,"y":0},"gradient":"linear-gradient(135deg,rgba(6,147,227,1) 0%,rgb(155,81,224) 100%)","background_repeat":"repeat","background_size":"auto","background_attachment":"scroll","patternColor":{"default":{"color":"#e5e7ea"}},"overlayColor":{"default":{"color":"CT_CSS_SKIP_RULE"}},"backgroundColor":{"default":{"color":"var(--theme-palette-color-6)"}}},"pageTitlePadding":{"top":"50px","bottom":"50px","left":"auto","right":"auto","linked":true},"eba25506a86953c395b61aeb80c3ca2d":"","page_structure_type":"default","653fd0425713646e5318053e5570eeb1":"","content_style_source":"inherit","content_style":"wide","vertical_spacing_source":"custom","content_area_spacing":"none","background":{"background_type":"color","background_pattern":"type-1","background_image":{"attachment_id":null,"x":0,"y":0},"gradient":"linear-gradient(135deg,rgba(6,147,227,1) 0%,rgb(155,81,224) 100%)","background_repeat":"repeat","background_size":"auto","background_attachment":"scroll","patternColor":{"default":{"color":"#e5e7ea"}},"overlayColor":{"default":{"color":"CT_CSS_SKIP_RULE"}},"backgroundColor":{"default":{"color":"CT_CSS_SKIP_RULE"}}},"content_background":{"background_type":"color","background_pattern":"type-1","background_image":{"attachment_id":null,"x":0,"y":0},"gradient":"linear-gradient(135deg,rgba(6,147,227,1) 0%,rgb(155,81,224) 100%)","background_repeat":"repeat","background_size":"auto","background_attachment":"scroll","patternColor":{"default":{"color":"#e5e7ea"}},"overlayColor":{"default":{"color":"CT_CSS_SKIP_RULE"}},"backgroundColor":{"default":{"color":"var(--theme-palette-color-8)"}}},"content_boxed_shadow":{"inherit":false,"blur":18,"spread":-6,"v_offset":12,"h_offset":0,"inset":false,"enable":true,"color":{"color":"rgba(34, 56, 101, 0.04)"}},"boxed_content_spacing":{"desktop":{"top":"40px","bottom":"40px","left":"40px","right":"40px","linked":true},"tablet":{"top":"35px","bottom":"35px","left":"35px","right":"35px","linked":true},"mobile":{"top":"20px","bottom":"20px","left":"20px","right":"20px","linked":true}},"content_boxed_radius":{"top":"3px","bottom":"3px","left":"3px","right":"3px","linked":true},"7992791a59a9cb710c125115fbd410b3":"","disable_featured_image":"no","disable_share_box":"no","disable_header":"no","disable_footer":"no","styles_descriptor":{"styles":{"desktop":"","tablet":"","mobile":""},"google_fonts":[],"version":6}},"featured_image_urls":{"full":"","thumbnail":"","medium":"","medium_large":"","large":"","1536x1536":"","2048x2048":"","trp-custom-language-flag":""},"post_excerpt_stackable":"<p>200&#8217;den fazla \u00fclkede bir milyar\u0131n \u00fczerinde aktif kullan\u0131c\u0131s\u0131 bulunan LinkedIn, d\u00fcnyan\u0131n en \u00f6nemli i\u015f a\u011f\u0131d\u0131r. \u0130ster i\u015f ba\u011flant\u0131lar\u0131 kurmak, ister i\u015fe al\u0131m, ister i\u00e7erik pazarlamayla ilgili olsun. \u0130\u015f d\u00fcnyas\u0131nda g\u00f6r\u00fcnmek isteyen herkes LinkedIn\u2019de aktif.Ki\u015fisel profiller, \u015firket profilleri, i\u015f panolar\u0131, gruplar, haber ak\u0131\u015f\u0131, LinkedIn reklamlar\u0131 &#8211; LinkedIn, son y\u0131llarda olduk\u00e7a s\u0131k ziyaret edilen bir i\u015f pazar\u0131 haline geldi ve bug\u00fcn t\u00fcm alanlardan i\u015f adamlar\u0131 ve t\u00fcm sekt\u00f6rlerden \u015firketler i\u00e7in ilgin\u00e7 pazarlama f\u0131rsatlar\u0131 sunuyor. \u0130\u015f platformu, personel al\u0131m\u0131 i\u00e7in Yetenek \u00c7\u00f6z\u00fcmleri kapsam\u0131nda uygun ara\u00e7lar\u0131 bir araya getirdi. Profesyonelce tasarlanm\u0131\u015f bir \u015firket sayfas\u0131ndan kariyer sayfas\u0131na ve ilgili \u0130K pazarlama kampanyalar\u0131na kadar, LinkedIn&#8217;in \u00f6zellikle&hellip;<\/p>\n","category_list":"","author_info":{"name":"Eid","url":"https:\/\/bayramdokmeci.com\/zh\/author\/bayram\/"},"comments_num":"0 comments","_links":{"self":[{"href":"https:\/\/bayramdokmeci.com\/zh\/wp-json\/wp\/v2\/pages\/846","targetHints":{"allow":["GET"]}}],"collection":[{"href":"https:\/\/bayramdokmeci.com\/zh\/wp-json\/wp\/v2\/pages"}],"about":[{"href":"https:\/\/bayramdokmeci.com\/zh\/wp-json\/wp\/v2\/types\/page"}],"author":[{"embeddable":true,"href":"https:\/\/bayramdokmeci.com\/zh\/wp-json\/wp\/v2\/users\/1"}],"replies":[{"embeddable":true,"href":"https:\/\/bayramdokmeci.com\/zh\/wp-json\/wp\/v2\/comments?post=846"}],"version-history":[{"count":2,"href":"https:\/\/bayramdokmeci.com\/zh\/wp-json\/wp\/v2\/pages\/846\/revisions"}],"predecessor-version":[{"id":1018,"href":"https:\/\/bayramdokmeci.com\/zh\/wp-json\/wp\/v2\/pages\/846\/revisions\/1018"}],"wp:attachment":[{"href":"https:\/\/bayramdokmeci.com\/zh\/wp-json\/wp\/v2\/media?parent=846"}],"curies":[{"name":"wp","href":"https:\/\/api.w.org\/{rel}","templated":true}]}}