{"id":842,"date":"2024-02-09T11:43:53","date_gmt":"2024-02-09T11:43:53","guid":{"rendered":"https:\/\/bayramdokmeci.com\/?page_id=842"},"modified":"2026-02-17T12:58:37","modified_gmt":"2026-02-17T12:58:37","slug":"instagram-pazarlama","status":"publish","type":"page","link":"https:\/\/bayramdokmeci.com\/zh\/instagram-pazarlama\/","title":{"rendered":"Instagram\u8425\u9500"},"content":{"rendered":"<div class=\"wp-block-columns is-layout-flex wp-container-core-columns-is-layout-28f84493 wp-block-columns-is-layout-flex\">\n<div class=\"wp-block-column is-layout-flow wp-block-column-is-layout-flow\" style=\"flex-basis:100%\">\n<div class=\"wp-block-stackable-image stk-block-image stk-block stk-582b4d7\" data-block-id=\"582b4d7\"><figure><span class=\"stk-img-wrapper stk-image--shape-stretch\"><img loading=\"lazy\" decoding=\"async\" class=\"stk-img wp-image-843\" src=\"https:\/\/cdn.bayramdokmeci.com\/2024\/02\/instagram-marketing.jpg\" width=\"1182\" height=\"634\" srcset=\"https:\/\/cdn.bayramdokmeci.com\/2024\/02\/instagram-marketing.jpg 1182w, https:\/\/cdn.bayramdokmeci.com\/2024\/02\/instagram-marketing-300x161.jpg 300w, https:\/\/cdn.bayramdokmeci.com\/2024\/02\/instagram-marketing-1024x549.jpg 1024w, https:\/\/cdn.bayramdokmeci.com\/2024\/02\/instagram-marketing-768x412.jpg 768w\" sizes=\"auto, (max-width: 1182px) 100vw, 1182px\" \/><\/span><\/figure><\/div>\n<\/div>\n<\/div>\n\n\n\n<p>\u5982Facebook,Instagram\u4e5f\u662f\u76ee\u524d\u7684\u4e1b\u6797\u662f\u4e00\u4e2a\u4e0d\u53ef\u5206\u5272\u7684\u7ec4\u6210\u90e8\u5206\u7684\u793e\u4f1a\u5a92\u4ecb\u3002 \u5927\u7ea6\u67092\u4ebf\u6d3b\u52a8\u7684\u7528\u6237\u6bcf\u6708Instagram\u4ece\u4e16\u754c\u5404\u5730\u3002 \u8d85\u8fc7200\u4e07\u7684\u516c\u53f8\u7684\u54c1\u724c\u3001\u793e\u4f1a\u5a92\u4f53\u5e73\u53f0\uff0c\u4ed6\u4eec\u7684\u4ea7\u54c1\u6216\u670d\u52a1\u4e0a\u7684\u5e73\u53f0\uff0c\u79f0\u4e3a\u6863\u6848\u3001\u5546\u4e1a\u6c14\u6c1b\u3002 \u6bcf\u4e2a\u4eba\u90fd\u6709\u81f3\u5c11\u4e00\u4e2a\u516c\u53f8\u79f8\u79c6\u548c\u8d2d\u7269\u7684\u529f\u80fd\u53d8\u5f97\u8d8a\u6765\u8d8a\u91cd\u8981\u3002 \u8be5\u91cd\u8981\u6027\u7684\u56fe\u50cf\u548c\u89c6\u9891\u5e73\u53f0\u662f\u4e0d\u53ef\u5426\u8ba4\u7684\u3002 <\/p>\n\n\n\n<p>\u94fe\u63a5\u4eba\u4e0e\u4eba\u4e4b\u95f4\uff0c\u800c\u4e14\u6211\u4eec\u8ba4\u4e3a\uff0c\u771f\u6b63\u826f\u597d\u7684\u5185\u5bb9\u5728\u6b63\u786e\u7684\u4f4d\u7f6e\u3002 \u56e0\u6b64\uff0c\u542b\u91cf\u8fbe\u5230\u90a3\u4e9b\u771f\u6b63\u662f\u76f8\u5173\u7684\u3002<\/p>\n\n\n\n<p>\u6211\u4eec\u7684\u5ea7\u53f3\u94ed\u662f\u8fd9\u6837\u7684\uff1a\u5a92\u4f53\u4e0d\u662f\u4e00\u4e2a\u6218\u7565\u7684\u53ef\u6301\u7eed\u4f7f\u7528\u7684\u5185\u5bb9\uff0c\u800c\u4e0d\u9884\u7b97\u3002 \u9965\u997f\u7684\u552f\u4e00\u5185\u5bb9\u4e3a\u4f60\u7684\u7075\u611f\u5230\u4f4d\u548c\u6d41\u52a8\u7684\u6545\u4e8b\u548c\u65b0\u95fb\u7684\u89c2\u4f17\u4e0eInstagram\u5e7f\u544a\uff0c\u4ee5\u589e\u52a0\u8ba4\u8bc6\u4f60\u7684\u54c1\u724c\u6216\u516c\u53f8\u3002 \u793e\u4f1a\u5185\u5bb9\u662f\u544a\u8bc9\u4f60\u5b83\u662f\u591a\u4e48\u4f1f\u5927,\u8bbf\u95ee\u60a8\u7684\u7f51\u7ad9\uff0c\u589e\u52a0\u9500\u552e\u548c\u8f6c\u6362\u3002 \u8ddf\u4f60Instagram\u4ece\u4f60\u7684\u76ee\u6807\u7fa4\u4f53\u3002 \u5377\u8d77\u4f60\u7684\u89c6\u9891\u5728Instagram\u6545\u4e8b\u548cInstagram. Instagram\u5e7f\u544a(\u5e7f\u544a)\u521b\u9020\u6027\u7684\u8bbe\u8ba1\u4ee5\u53ca\u89c6\u89c9\u76f8\u5f53\u82db\u523b\u7684\u4fdd\u6301\u5174\u8da3\u7684\u7528\u6237\u548c\u7528\u6237\u6709\u6548\uff0c\u5c31\u5fc5\u987b\u6301\u7eed\u76d1\u6d4b\u548c\u4f18\u5316\u6c38\u4e45\u5316\u3002<\/p>\n\n\n\n<p>\u600e\u4e48\u505a\u6211\u8fbe\u5230\u6211\u7684\u76ee\u6807\u7ec4Instagram? \u5185\u5bb9\u63d0\u8bf7\u6ce8\u610f\u6211\u81ea\u5df1\uff0c\u6211\u53ef\u4ee5\u4f7f\u7528\uff1f \u5458\u989d\uff0c\u6545\u4e8b\uff0c\u6216\u662f\u66f4\u597d\u5730\u4f7f\u7528\u5377\u8f74? Instagram\u8d2d\u7269\u5982\u4f55\u8fd0\u4f5c\uff1f \u4ee4\u4eba\u5370\u8c61\u6df1\u523b\u7684\u6211\u600e\u4e48\u786e\u4fdd\u6211\u8ba9\u4ed6\u6ce8\u610f\u5230\u6211\u5417\uff1f Hashtagler\u6211\u4f7f\u7528\uff1f<\/p>\n\n\n\n<p>\u6211\u4eec\u628a\u6211\u4eec\u7684\u76ee\u6807\uff0c\u5728\u73af\u5883\u4e2d\u5177\u6709\u9ad8\u76f8\u5173\u6027\u548c\u54c1\u724c\u548c\u516c\u53f8\uff0c\u6df1\u601d\u719f\u8651\u7684\u5185\u5bb9\u7684\u6218\u7565\u548c\u5e7f\u544a\u6d3b\u52a8\u3002<\/p>\n\n\n\n<p>\u5143\u7684\u5408\u4f5c\u4f19\u4f34<br>\u6211\u4eec\u7684\u56e2\u961f\u7684\u8ba4\u8bc1\u4e13\u5bb6\u7ec4\u6210\u7684Instagram.<\/p>\n\n\n\n<div class=\"wp-block-stackable-image stk-block-image has-text-align-left stk-block stk-58263fb\" data-block-id=\"58263fb\"><style>.stk-58263fb .stk-img-wrapper{width:30% !important}<\/style><figure><span class=\"stk-img-wrapper stk-image--shape-stretch\"><img loading=\"lazy\" decoding=\"async\" class=\"stk-img wp-image-1011\" src=\"https:\/\/cdn.bayramdokmeci.com\/2024\/02\/meta-bayram.jpg\" width=\"240\" height=\"160\"\/><\/span><\/figure><\/div>","protected":false},"excerpt":{"rendered":"<p>Facebook gibi Instagram da \u015fu anda sosyal medya orman\u0131n\u0131n ayr\u0131lmaz bir par\u00e7as\u0131. Instagram&#8217;\u0131n d\u00fcnyan\u0131n her yerinden ayda yakla\u015f\u0131k 2 milyar aktif kullan\u0131c\u0131s\u0131 var. 200 milyondan fazla \u015firket, markalar\u0131n\u0131, \u00fcr\u00fcnlerini veya hizmetlerini sosyal medya platformunda i\u015f profilleri ad\u0131 verilen platformlarda sunuyor. Herkes en az bir firmay\u0131 takip ediyor ve al\u0131\u015fveri\u015f fonksiyonu giderek \u00f6nem kazan\u0131yor. G\u00f6r\u00fcnt\u00fc ve [&hellip;]<\/p>\n","protected":false},"author":1,"featured_media":0,"parent":0,"menu_order":0,"comment_status":"closed","ping_status":"closed","template":"","meta":{"footnotes":""},"class_list":["post-842","page","type-page","status-publish","hentry"],"blocksy_meta":{"page_title_panel":"","has_hero_section":"disabled","b5eab4b45fc993c35f414f196001c1b3":"","hero_section":"type-1","hero_elements":[{"id":"custom_title","enabled":true,"heading_tag":"h1","title":"Home"},{"id":"custom_description","enabled":true,"description_visibility":{"desktop":true,"tablet":true,"mobile":false}},{"id":"custom_meta","enabled":false,"meta_elements":[{"id":"author","enabled":true,"label":"By","has_author_avatar":"yes","avatar_size":25},{"id":"post_date","enabled":true,"label":"On","date_format_source":"default","date_format":"M j, Y"},{"id":"updated_date","enabled":false,"label":"On","date_format_source":"default","date_format":"M j, Y"},{"id":"categories","enabled":false,"label":"In","style":"simple"},{"id":"comments","enabled":true}],"page_meta_elements":{"joined":true,"articles_count":true,"comments":true}},{"id":"breadcrumbs","enabled":false}],"76f4d01deefcea6e36539ad1e0b44d7b":"","hero_alignment1":"CT_CSS_SKIP_RULE","hero_margin":40,"hero_alignment2":"center","hero_vertical_alignment":"center","0949b4a7e32105b1f86c9539ab4f63fe":"","hero_structure":"narrow","8b5cdd064d547fd8f2f567b9e5031f2c":"","page_title_bg_type":"featured_image","custom_hero_background":{"attachment_id":null},"parallax":{"desktop":false,"tablet":false,"mobile":false},"b8535cf0316ce12df016fa4a68ddf005":"","hero_height":"250px","pageTitleFont":{"family":"Default","variation":"Default","size":"30px","line-height":"CT_CSS_SKIP_RULE","letter-spacing":"CT_CSS_SKIP_RULE","text-transform":"CT_CSS_SKIP_RULE","text-decoration":"CT_CSS_SKIP_RULE"},"pageTitleFontColor":{"default":{"color":"CT_CSS_SKIP_RULEDEFAULT"}},"pageMetaFont":{"family":"Default","variation":"n6","size":"12px","line-height":"1.3","letter-spacing":"CT_CSS_SKIP_RULE","text-transform":"uppercase","text-decoration":"CT_CSS_SKIP_RULE"},"pageMetaFontColor":{"default":{"color":"CT_CSS_SKIP_RULEDEFAULT"},"hover":{"color":"CT_CSS_SKIP_RULEDEFAULT"}},"page_meta_button_type_font_colors":{"default":{"color":"CT_CSS_SKIP_RULEDEFAULT"},"hover":{"color":"CT_CSS_SKIP_RULEDEFAULT"}},"page_meta_button_type_background_colors":{"default":{"color":"CT_CSS_SKIP_RULEDEFAULT"},"hover":{"color":"CT_CSS_SKIP_RULEDEFAULT"}},"pageExcerptFont":{"family":"Default","variation":"Default","size":"CT_CSS_SKIP_RULE","line-height":"CT_CSS_SKIP_RULE","letter-spacing":"CT_CSS_SKIP_RULE","text-transform":"CT_CSS_SKIP_RULE","text-decoration":"CT_CSS_SKIP_RULE"},"pageExcerptColor":{"default":{"color":"CT_CSS_SKIP_RULEDEFAULT"}},"breadcrumbsFont":{"family":"Default","variation":"Default","size":"CT_CSS_SKIP_RULE","line-height":"CT_CSS_SKIP_RULE","letter-spacing":"CT_CSS_SKIP_RULE","text-transform":"CT_CSS_SKIP_RULE","text-decoration":"CT_CSS_SKIP_RULE"},"breadcrumbsFontColor":{"default":{"color":"CT_CSS_SKIP_RULEDEFAULT"},"initial":{"color":"CT_CSS_SKIP_RULEDEFAULT"},"hover":{"color":"CT_CSS_SKIP_RULEDEFAULT"}},"pageTitleOverlay":{"background_type":"color","background_pattern":"type-1","background_image":{"attachment_id":null,"x":0,"y":0},"gradient":"linear-gradient(135deg,rgba(6,147,227,1) 0%,rgb(155,81,224) 100%)","background_repeat":"repeat","background_size":"auto","background_attachment":"scroll","patternColor":{"default":{"color":"#e5e7ea"}},"overlayColor":{"default":{"color":"CT_CSS_SKIP_RULE"}},"backgroundColor":{"default":{"color":"CT_CSS_SKIP_RULE"}}},"pageTitleBackground":{"background_type":"color","background_pattern":"type-1","background_image":{"attachment_id":null,"x":0,"y":0},"gradient":"linear-gradient(135deg,rgba(6,147,227,1) 0%,rgb(155,81,224) 100%)","background_repeat":"repeat","background_size":"auto","background_attachment":"scroll","patternColor":{"default":{"color":"#e5e7ea"}},"overlayColor":{"default":{"color":"CT_CSS_SKIP_RULE"}},"backgroundColor":{"default":{"color":"var(--theme-palette-color-6)"}}},"pageTitlePadding":{"top":"50px","bottom":"50px","left":"auto","right":"auto","linked":true},"eba25506a86953c395b61aeb80c3ca2d":"","page_structure_type":"default","653fd0425713646e5318053e5570eeb1":"","content_style_source":"inherit","content_style":"wide","vertical_spacing_source":"custom","content_area_spacing":"none","background":{"background_type":"color","background_pattern":"type-1","background_image":{"attachment_id":null,"x":0,"y":0},"gradient":"linear-gradient(135deg,rgba(6,147,227,1) 0%,rgb(155,81,224) 100%)","background_repeat":"repeat","background_size":"auto","background_attachment":"scroll","patternColor":{"default":{"color":"#e5e7ea"}},"overlayColor":{"default":{"color":"CT_CSS_SKIP_RULE"}},"backgroundColor":{"default":{"color":"CT_CSS_SKIP_RULE"}}},"content_background":{"background_type":"color","background_pattern":"type-1","background_image":{"attachment_id":null,"x":0,"y":0},"gradient":"linear-gradient(135deg,rgba(6,147,227,1) 0%,rgb(155,81,224) 100%)","background_repeat":"repeat","background_size":"auto","background_attachment":"scroll","patternColor":{"default":{"color":"#e5e7ea"}},"overlayColor":{"default":{"color":"CT_CSS_SKIP_RULE"}},"backgroundColor":{"default":{"color":"var(--theme-palette-color-8)"}}},"content_boxed_shadow":{"inherit":false,"blur":18,"spread":-6,"v_offset":12,"h_offset":0,"inset":false,"enable":true,"color":{"color":"rgba(34, 56, 101, 0.04)"}},"boxed_content_spacing":{"desktop":{"top":"40px","bottom":"40px","left":"40px","right":"40px","linked":true},"tablet":{"top":"35px","bottom":"35px","left":"35px","right":"35px","linked":true},"mobile":{"top":"20px","bottom":"20px","left":"20px","right":"20px","linked":true}},"content_boxed_radius":{"top":"3px","bottom":"3px","left":"3px","right":"3px","linked":true},"7992791a59a9cb710c125115fbd410b3":"","disable_featured_image":"no","disable_share_box":"no","disable_header":"no","disable_footer":"no","styles_descriptor":{"styles":{"desktop":"","tablet":"","mobile":""},"google_fonts":[],"version":6}},"featured_image_urls":{"full":"","thumbnail":"","medium":"","medium_large":"","large":"","1536x1536":"","2048x2048":"","trp-custom-language-flag":""},"post_excerpt_stackable":"<p>Facebook gibi Instagram da \u015fu anda sosyal medya orman\u0131n\u0131n ayr\u0131lmaz bir par\u00e7as\u0131. Instagram&#8217;\u0131n d\u00fcnyan\u0131n her yerinden ayda yakla\u015f\u0131k 2 milyar aktif kullan\u0131c\u0131s\u0131 var. 200 milyondan fazla \u015firket, markalar\u0131n\u0131, \u00fcr\u00fcnlerini veya hizmetlerini sosyal medya platformunda i\u015f profilleri ad\u0131 verilen platformlarda sunuyor. Herkes en az bir firmay\u0131 takip ediyor ve al\u0131\u015fveri\u015f fonksiyonu giderek \u00f6nem kazan\u0131yor. G\u00f6r\u00fcnt\u00fc ve video platformunun \u00f6nemi inkar edilemez. \u0130nsanlar aras\u0131ndaki ba\u011flant\u0131ya, ger\u00e7ekten iyi i\u00e7eri\u011fe ve do\u011fru yerle\u015fime inan\u0131yoruz. B\u00f6ylece i\u00e7erik ger\u00e7ekten alakal\u0131 olanlara ula\u015f\u0131r. Slogan\u0131m\u0131z \u015fudur: Medya b\u00fct\u00e7esinin s\u00fcrd\u00fcr\u00fclebilir kullan\u0131m\u0131 olmadan i\u00e7erik stratejisi olmaz. Benzersiz i\u00e7eri\u011finizi ilhama a\u00e7 hedef kitlenizin haber ve hikaye ak\u0131\u015f\u0131na yerle\u015ftirin ve Instagram Reklamlar\u0131&hellip;<\/p>\n","category_list":"","author_info":{"name":"Eid","url":"https:\/\/bayramdokmeci.com\/zh\/author\/bayram\/"},"comments_num":"0 comments","_links":{"self":[{"href":"https:\/\/bayramdokmeci.com\/zh\/wp-json\/wp\/v2\/pages\/842","targetHints":{"allow":["GET"]}}],"collection":[{"href":"https:\/\/bayramdokmeci.com\/zh\/wp-json\/wp\/v2\/pages"}],"about":[{"href":"https:\/\/bayramdokmeci.com\/zh\/wp-json\/wp\/v2\/types\/page"}],"author":[{"embeddable":true,"href":"https:\/\/bayramdokmeci.com\/zh\/wp-json\/wp\/v2\/users\/1"}],"replies":[{"embeddable":true,"href":"https:\/\/bayramdokmeci.com\/zh\/wp-json\/wp\/v2\/comments?post=842"}],"version-history":[{"count":2,"href":"https:\/\/bayramdokmeci.com\/zh\/wp-json\/wp\/v2\/pages\/842\/revisions"}],"predecessor-version":[{"id":1017,"href":"https:\/\/bayramdokmeci.com\/zh\/wp-json\/wp\/v2\/pages\/842\/revisions\/1017"}],"wp:attachment":[{"href":"https:\/\/bayramdokmeci.com\/zh\/wp-json\/wp\/v2\/media?parent=842"}],"curies":[{"name":"wp","href":"https:\/\/api.w.org\/{rel}","templated":true}]}}