{"id":835,"date":"2024-02-09T09:51:08","date_gmt":"2024-02-09T09:51:08","guid":{"rendered":"https:\/\/bayramdokmeci.com\/?page_id=835"},"modified":"2026-02-17T12:58:52","modified_gmt":"2026-02-17T12:58:52","slug":"facebook-pazarlama","status":"publish","type":"page","link":"https:\/\/bayramdokmeci.com\/zh\/facebook-pazarlama\/","title":{"rendered":"Facebook\u8425\u9500"},"content":{"rendered":"<div class=\"wp-block-columns is-layout-flex wp-container-core-columns-is-layout-28f84493 wp-block-columns-is-layout-flex\">\n<div class=\"wp-block-column is-layout-flow wp-block-column-is-layout-flow\" style=\"flex-basis:100%\">\n<div class=\"wp-block-stackable-image stk-block-image stk-block stk-582b4d7\" data-block-id=\"582b4d7\"><figure><span class=\"stk-img-wrapper stk-image--shape-stretch\"><img loading=\"lazy\" decoding=\"async\" class=\"stk-img wp-image-837\" src=\"https:\/\/cdn.bayramdokmeci.com\/2024\/02\/facebook-marketing.jpg\" width=\"1182\" height=\"634\" srcset=\"https:\/\/cdn.bayramdokmeci.com\/2024\/02\/facebook-marketing.jpg 1182w, https:\/\/cdn.bayramdokmeci.com\/2024\/02\/facebook-marketing-300x161.jpg 300w, https:\/\/cdn.bayramdokmeci.com\/2024\/02\/facebook-marketing-1024x549.jpg 1024w, https:\/\/cdn.bayramdokmeci.com\/2024\/02\/facebook-marketing-768x412.jpg 768w\" sizes=\"auto, (max-width: 1182px) 100vw, 1182px\" \/><\/span><\/figure><\/div>\n<\/div>\n<\/div>\n\n\n\n<p>Facebook\u516c\u53f8\u3001\u54c1\u724c\u3001\u673a\u6784\u548c\u5e02\u573a\u63d0\u4f9b\u4e86\u5168\u9762\u7684\u9009\u9879\u7684\u4eba\u7684\u516c\u5171\u5229\u76ca\u3002 \u8fd9\u4e0d\u662f\u4ec0\u4e48\u65b0\u4e1c\u897f\uff1b\u8d85\u8fc7140\u4e07\u6d3b\u8dc3\u7684\u516c\u53f8\u5728Facebook. \u6ca1\u6709\u5176\u4ed6\u7684\u5728\u7ebf\u5e73\u53f0\u4e0d\u65ad\u53d1\u5c55\u7684\u521b\u65b0\u5185\u5bb9\u548c\u683c\u5f0f\uff0c\u5bf9\u76ee\u6807\u7fa4\u4f53\u7684\u9009\u62e9\u4e0d\u63d0\u4f9b\u7c7b\u4f3c\u7684\u590d\u6742\u6027\u548c\u6210\u719f\u3002 \u4eca\u5929\u7535\u89c6\u3001\u65e0\u7ebf\u7535\u548c\u4f20\u7edf\u6e20\u9053\uff0c\u5982\u5370\u5237\u5a92\u4f53\uff0c\u7559\u4e0b\u4e00\u4e2a\u5f88\u5927\u7684\u4f18\u52bf\u3002 \u542c\u8d77\u6765\u4ee4\u4eba\u632f\u594b\u7684\uff0c\u5bf9\u5417\uff1f<\/p>\n\n\n\n<p>\u7136\u800c\uff0c\u5927\u591a\u6570\u516c\u53f8\uff0c\u4ed6\u4eec\u53ef\u4ee5\u5229\u7528\u751a\u81f3\u66f4\u591a\u7684\u6f5c\u5728\u4e2a\u4eba\u7684\u793e\u4f1a\u5a92\u4ecb\u7684\u5e7f\u544a\u6d3b\u52a8\u4f7f\u7528\u7684\u5927\u90e8\u5206\u65f6\u95f4\u4e0d\u77e5\u9053\u3002 \u53ea\u8981\u521b\u5efa\u4e00\u4e2aFacebook\u6d3b\u52a8\u548c\u4f60\u5b8c\u4e86\u5417\uff1f \u5728\u8fd9\u4e00\u70b9\u4e0a\uff0c\u5b83\u5c06\u662f\u5f88\u597d...\u7684Facebook\u4e13\u4e1a\u54a8\u8be2\u610f\u89c1\u5f80\u5f80\u662f\u5fc5\u8981\u7684\u3002<\/p>\n\n\n\n<p>\u8fde\u63a5\u4eba\u4e0e\u4eba\u4e4b\u95f4\u7684\u826f\u597d\u6d88\u606f\u548c\u5a92\u4f53\u6ca1\u6709\u4e00\u4e2a\u6218\u7565\u901a\u4fe1\u6218\u7565\uff0c\u5728\u6b63\u786e\u7684\u5730\u65b9\uff0c\u5bf9\u4e8e\u6211\u4eec\u548c\u6211\u4eec\u76f8\u4fe1\u5b83\u4e0d\u662f\u3002 Facebook\u8425\u9500\u6211\u4eec\u7684\u9b54\u672f\u7684\u7cbe\u786e\u5b9a\u4e49\u7684\u76ee\u6807\u7fa4\u4f53\u7684\uff0c\u5728\u4e8e\u8fbe\u5230\u786e\u5207\u6d88\u606f\u3002 \u63d0\u9ad8\u8ba4\u8bc6\u4f60\u7684\u54c1\u724c\u6216\u516c\u53f8\uff0c\u65c5\u5ba2\u4eba\u6570\u5230\u4f60\u7684\u7f51\u7ad9\uff0c\u4f7f\u7528Facebook\u5e7f\u544a\uff0c\u4ee5\u589e\u52a0\u9500\u552e\u548c\u8f6c\u6362\u3002 \u4f60\u7684\u76ee\u6807\u7fa4\u4f53\u7684Facebook\u7f51\u9875\uff0c\u4fdd\u6301\u6700\u65b0\u7684\u3002 \u4fc3\u8fdb\u4e8b\u4ef6\uff0c\u50cf\u5176\u4ed6\u7684\u6d46\u679c\uff0c\u6f5c\u5728\u7684\u5ba2\u6237\uff0c\u6536\u96c6\u7f51\u7ad9\u4e0a\u7684\u8be5\u96c6\u56e2\u8981\u76ee\u6807\u3001\u79fb\u52a8\u6216Facebook\u5e94\u7528\u7a0b\u5e8f\uff0c\u6216\u8005\u589e\u52a0\u9891\u7387\u76f4\u5230\u4f60\u7684\u5546\u5e97\u7684\u6e38\u5ba2\u3002 \u56e0\u6b64\uff0c\u542b\u91cf\u8fbe\u5230\u90a3\u4e9b\u771f\u6b63\u662f\u76f8\u5173\u7684\u3002 \u6211\u4eec\u8ba4\u4e3a\uff0c\u6211\u4eec\u653e\u7f6e\u5728\u73af\u5883\u4e2d\u662f\u9ad8\u5ea6\u76f8\u5173\u7684\u54c1\u724c\u548c\u5e7f\u544a\u6d3b\u52a8\u662f\u5148\u8fdb\u7684\u7528\u6237\uff0c\u6211\u4eec\u628a\u5b83\u4eec\u53d8\u6210\u4e86\u5fe0\u5b9e\u7684\u4e70\u5bb6\u3002<\/p>\n\n\n\n<p>\u5143\u7684\u5408\u4f5c\u4f19\u4f34<br>\u6211\u4eec\u7684\u56e2\u961fFacebook\u84dd\u56fe\u8ba4\u8bc1\u3002<\/p>\n\n\n\n<div class=\"wp-block-stackable-image stk-block-image has-text-align-left stk-block stk-477e103\" data-block-id=\"477e103\"><style>.stk-477e103 .stk-img-wrapper{width:30% !important}<\/style><figure><span class=\"stk-img-wrapper stk-image--shape-stretch\"><img loading=\"lazy\" decoding=\"async\" class=\"stk-img wp-image-1012\" src=\"https:\/\/cdn.bayramdokmeci.com\/2024\/02\/meta-partner.png\" width=\"240\" height=\"137\"\/><\/span><\/figure><\/div>","protected":false},"excerpt":{"rendered":"<p>Facebook \u015firketler, markalar, kurumlar ve kamuyu ilgilendiren ki\u015filer i\u00e7in kapsaml\u0131 pazarlama se\u00e7enekleri sunuyor. Bu yeni bir \u015fey de\u011fil; Facebook&#8217;ta 140 milyondan fazla \u015firket aktif. Ba\u015fka hi\u00e7bir \u00e7evrimi\u00e7i platform, s\u00fcrekli olarak geli\u015ftirilen yenilik\u00e7i i\u00e7erik ve formatlarla e\u015fle\u015ftirilmi\u015f, benzer \u015fekilde karma\u015f\u0131k ve sofistike bir hedef grup se\u00e7imi sunmamaktad\u0131r. Bug\u00fcn TV, radyo ve yaz\u0131l\u0131 bas\u0131n gibi geleneksel kanallar\u0131 [&hellip;]<\/p>\n","protected":false},"author":1,"featured_media":0,"parent":0,"menu_order":0,"comment_status":"closed","ping_status":"closed","template":"","meta":{"footnotes":""},"class_list":["post-835","page","type-page","status-publish","hentry"],"blocksy_meta":{"page_title_panel":"","has_hero_section":"disabled","b5eab4b45fc993c35f414f196001c1b3":"","hero_section":"type-1","hero_elements":[{"id":"custom_title","enabled":true,"heading_tag":"h1","title":"Home"},{"id":"custom_description","enabled":true,"description_visibility":{"desktop":true,"tablet":true,"mobile":false}},{"id":"custom_meta","enabled":false,"meta_elements":[{"id":"author","enabled":true,"label":"By","has_author_avatar":"yes","avatar_size":25},{"id":"post_date","enabled":true,"label":"On","date_format_source":"default","date_format":"M j, Y"},{"id":"updated_date","enabled":false,"label":"On","date_format_source":"default","date_format":"M j, Y"},{"id":"categories","enabled":false,"label":"In","style":"simple"},{"id":"comments","enabled":true}],"page_meta_elements":{"joined":true,"articles_count":true,"comments":true}},{"id":"breadcrumbs","enabled":false}],"76f4d01deefcea6e36539ad1e0b44d7b":"","hero_alignment1":"CT_CSS_SKIP_RULE","hero_margin":40,"hero_alignment2":"center","hero_vertical_alignment":"center","0949b4a7e32105b1f86c9539ab4f63fe":"","hero_structure":"narrow","8b5cdd064d547fd8f2f567b9e5031f2c":"","page_title_bg_type":"featured_image","custom_hero_background":{"attachment_id":null},"parallax":{"desktop":false,"tablet":false,"mobile":false},"b8535cf0316ce12df016fa4a68ddf005":"","hero_height":"250px","pageTitleFont":{"family":"Default","variation":"Default","size":"30px","line-height":"CT_CSS_SKIP_RULE","letter-spacing":"CT_CSS_SKIP_RULE","text-transform":"CT_CSS_SKIP_RULE","text-decoration":"CT_CSS_SKIP_RULE"},"pageTitleFontColor":{"default":{"color":"CT_CSS_SKIP_RULEDEFAULT"}},"pageMetaFont":{"family":"Default","variation":"n6","size":"12px","line-height":"1.3","letter-spacing":"CT_CSS_SKIP_RULE","text-transform":"uppercase","text-decoration":"CT_CSS_SKIP_RULE"},"pageMetaFontColor":{"default":{"color":"CT_CSS_SKIP_RULEDEFAULT"},"hover":{"color":"CT_CSS_SKIP_RULEDEFAULT"}},"page_meta_button_type_font_colors":{"default":{"color":"CT_CSS_SKIP_RULEDEFAULT"},"hover":{"color":"CT_CSS_SKIP_RULEDEFAULT"}},"page_meta_button_type_background_colors":{"default":{"color":"CT_CSS_SKIP_RULEDEFAULT"},"hover":{"color":"CT_CSS_SKIP_RULEDEFAULT"}},"pageExcerptFont":{"family":"Default","variation":"Default","size":"CT_CSS_SKIP_RULE","line-height":"CT_CSS_SKIP_RULE","letter-spacing":"CT_CSS_SKIP_RULE","text-transform":"CT_CSS_SKIP_RULE","text-decoration":"CT_CSS_SKIP_RULE"},"pageExcerptColor":{"default":{"color":"CT_CSS_SKIP_RULEDEFAULT"}},"breadcrumbsFont":{"family":"Default","variation":"Default","size":"CT_CSS_SKIP_RULE","line-height":"CT_CSS_SKIP_RULE","letter-spacing":"CT_CSS_SKIP_RULE","text-transform":"CT_CSS_SKIP_RULE","text-decoration":"CT_CSS_SKIP_RULE"},"breadcrumbsFontColor":{"default":{"color":"CT_CSS_SKIP_RULEDEFAULT"},"initial":{"color":"CT_CSS_SKIP_RULEDEFAULT"},"hover":{"color":"CT_CSS_SKIP_RULEDEFAULT"}},"pageTitleOverlay":{"background_type":"color","background_pattern":"type-1","background_image":{"attachment_id":null,"x":0,"y":0},"gradient":"linear-gradient(135deg,rgba(6,147,227,1) 0%,rgb(155,81,224) 100%)","background_repeat":"repeat","background_size":"auto","background_attachment":"scroll","patternColor":{"default":{"color":"#e5e7ea"}},"overlayColor":{"default":{"color":"CT_CSS_SKIP_RULE"}},"backgroundColor":{"default":{"color":"CT_CSS_SKIP_RULE"}}},"pageTitleBackground":{"background_type":"color","background_pattern":"type-1","background_image":{"attachment_id":null,"x":0,"y":0},"gradient":"linear-gradient(135deg,rgba(6,147,227,1) 0%,rgb(155,81,224) 100%)","background_repeat":"repeat","background_size":"auto","background_attachment":"scroll","patternColor":{"default":{"color":"#e5e7ea"}},"overlayColor":{"default":{"color":"CT_CSS_SKIP_RULE"}},"backgroundColor":{"default":{"color":"var(--theme-palette-color-6)"}}},"pageTitlePadding":{"top":"50px","bottom":"50px","left":"auto","right":"auto","linked":true},"eba25506a86953c395b61aeb80c3ca2d":"","page_structure_type":"default","653fd0425713646e5318053e5570eeb1":"","content_style_source":"inherit","content_style":"wide","vertical_spacing_source":"custom","content_area_spacing":"none","background":{"background_type":"color","background_pattern":"type-1","background_image":{"attachment_id":null,"x":0,"y":0},"gradient":"linear-gradient(135deg,rgba(6,147,227,1) 0%,rgb(155,81,224) 100%)","background_repeat":"repeat","background_size":"auto","background_attachment":"scroll","patternColor":{"default":{"color":"#e5e7ea"}},"overlayColor":{"default":{"color":"CT_CSS_SKIP_RULE"}},"backgroundColor":{"default":{"color":"CT_CSS_SKIP_RULE"}}},"content_background":{"background_type":"color","background_pattern":"type-1","background_image":{"attachment_id":null,"x":0,"y":0},"gradient":"linear-gradient(135deg,rgba(6,147,227,1) 0%,rgb(155,81,224) 100%)","background_repeat":"repeat","background_size":"auto","background_attachment":"scroll","patternColor":{"default":{"color":"#e5e7ea"}},"overlayColor":{"default":{"color":"CT_CSS_SKIP_RULE"}},"backgroundColor":{"default":{"color":"var(--theme-palette-color-8)"}}},"content_boxed_shadow":{"inherit":false,"blur":18,"spread":-6,"v_offset":12,"h_offset":0,"inset":false,"enable":true,"color":{"color":"rgba(34, 56, 101, 0.04)"}},"boxed_content_spacing":{"desktop":{"top":"40px","bottom":"40px","left":"40px","right":"40px","linked":true},"tablet":{"top":"35px","bottom":"35px","left":"35px","right":"35px","linked":true},"mobile":{"top":"20px","bottom":"20px","left":"20px","right":"20px","linked":true}},"content_boxed_radius":{"top":"3px","bottom":"3px","left":"3px","right":"3px","linked":true},"7992791a59a9cb710c125115fbd410b3":"","disable_featured_image":"no","disable_share_box":"no","disable_header":"no","disable_footer":"no","styles_descriptor":{"styles":{"desktop":"","tablet":"","mobile":""},"google_fonts":[],"version":6}},"featured_image_urls":{"full":"","thumbnail":"","medium":"","medium_large":"","large":"","1536x1536":"","2048x2048":"","trp-custom-language-flag":""},"post_excerpt_stackable":"<p>Facebook \u015firketler, markalar, kurumlar ve kamuyu ilgilendiren ki\u015filer i\u00e7in kapsaml\u0131 pazarlama se\u00e7enekleri sunuyor. Bu yeni bir \u015fey de\u011fil; Facebook&#8217;ta 140 milyondan fazla \u015firket aktif. Ba\u015fka hi\u00e7bir \u00e7evrimi\u00e7i platform, s\u00fcrekli olarak geli\u015ftirilen yenilik\u00e7i i\u00e7erik ve formatlarla e\u015fle\u015ftirilmi\u015f, benzer \u015fekilde karma\u015f\u0131k ve sofistike bir hedef grup se\u00e7imi sunmamaktad\u0131r. Bug\u00fcn TV, radyo ve yaz\u0131l\u0131 bas\u0131n gibi geleneksel kanallar\u0131 geride b\u0131rakan b\u00fcy\u00fck bir avantaj. Kula\u011fa heyecan verici geliyor de\u011fil mi? Ancak \u00e7o\u011fu \u015firket, ki\u015fiye \u00f6zel sosyal medya reklam kampanyalar\u0131 kullanarak daha da fazla potansiyelden yararlanabileceklerini \u00e7o\u011fu zaman bilmiyor. Sadece bir Facebook kampanyas\u0131 olu\u015fturun ve i\u015finiz bitti mi? G\u00fczel olurdu\u2026 \u0130\u015fte tam da bu noktada&hellip;<\/p>\n","category_list":"","author_info":{"name":"Eid","url":"https:\/\/bayramdokmeci.com\/zh\/author\/bayram\/"},"comments_num":"0 comments","_links":{"self":[{"href":"https:\/\/bayramdokmeci.com\/zh\/wp-json\/wp\/v2\/pages\/835","targetHints":{"allow":["GET"]}}],"collection":[{"href":"https:\/\/bayramdokmeci.com\/zh\/wp-json\/wp\/v2\/pages"}],"about":[{"href":"https:\/\/bayramdokmeci.com\/zh\/wp-json\/wp\/v2\/types\/page"}],"author":[{"embeddable":true,"href":"https:\/\/bayramdokmeci.com\/zh\/wp-json\/wp\/v2\/users\/1"}],"replies":[{"embeddable":true,"href":"https:\/\/bayramdokmeci.com\/zh\/wp-json\/wp\/v2\/comments?post=835"}],"version-history":[{"count":3,"href":"https:\/\/bayramdokmeci.com\/zh\/wp-json\/wp\/v2\/pages\/835\/revisions"}],"predecessor-version":[{"id":1015,"href":"https:\/\/bayramdokmeci.com\/zh\/wp-json\/wp\/v2\/pages\/835\/revisions\/1015"}],"wp:attachment":[{"href":"https:\/\/bayramdokmeci.com\/zh\/wp-json\/wp\/v2\/media?parent=835"}],"curies":[{"name":"wp","href":"https:\/\/api.w.org\/{rel}","templated":true}]}}