{"id":812,"date":"2024-02-09T07:52:51","date_gmt":"2024-02-09T07:52:51","guid":{"rendered":"https:\/\/bayramdokmeci.com\/?page_id=812"},"modified":"2026-02-17T12:59:12","modified_gmt":"2026-02-17T12:59:12","slug":"arama-motoru-pazarlama","status":"publish","type":"page","link":"https:\/\/bayramdokmeci.com\/zh\/arama-motoru-pazarlama\/","title":{"rendered":"\u641c\u7d22\u5f15\u64ce\u5e02\u573a\u8425\u9500"},"content":{"rendered":"<div class=\"wp-block-columns is-layout-flex wp-container-core-columns-is-layout-28f84493 wp-block-columns-is-layout-flex\">\n<div class=\"wp-block-column is-layout-flow wp-block-column-is-layout-flow\" style=\"flex-basis:100%\">\n<div class=\"wp-block-stackable-image stk-block-image stk-block stk-582b4d7\" data-block-id=\"582b4d7\"><figure><span class=\"stk-img-wrapper stk-image--shape-stretch\"><img loading=\"lazy\" decoding=\"async\" class=\"stk-img wp-image-833\" src=\"https:\/\/cdn.bayramdokmeci.com\/2024\/02\/Google-Ads.jpg\" width=\"1542\" height=\"1044\" srcset=\"https:\/\/cdn.bayramdokmeci.com\/2024\/02\/Google-Ads.jpg 1542w, https:\/\/cdn.bayramdokmeci.com\/2024\/02\/Google-Ads-300x203.jpg 300w, https:\/\/cdn.bayramdokmeci.com\/2024\/02\/Google-Ads-1024x693.jpg 1024w, https:\/\/cdn.bayramdokmeci.com\/2024\/02\/Google-Ads-768x520.jpg 768w, https:\/\/cdn.bayramdokmeci.com\/2024\/02\/Google-Ads-1536x1040.jpg 1536w\" sizes=\"auto, (max-width: 1542px) 100vw, 1542px\" \/><\/span><\/figure><\/div>\n<\/div>\n<\/div>\n\n\n\n<p>\u641c\u7d22\u5f15\u64ce\u5e02\u573a\u8425\u9500\u6216\u5e7f\u544a\u641c\u7d22\u5f15\u64ce(\u6d77\u4e0a)\u3001\u641c\u7d22\u5f15\u64ce\u4f18\u5316(\u641c\u7d22\u5f15\u64ce\u4f18\u5316\/SEO)\u662f\u4e24\u4e2a\u6700\u91cd\u8981\u7684\u5de5\u5177\u7684\u5728\u7ebf\u8425\u9500\u3002<\/p>\n\n\n\n<p>\u6765\u786e\u4fdd\u4f60\u7684\u7f51\u7ad9\u627e\u5230\u4e00\u4e2a\u5927\u6d77\u635e\u9488\u641c\u7d22\u4e92\u8054\u7f51\u8425\u9500\u9700\u8981\u6b63\u786e\u7684\u5173\u952e\u8bcd\uff0c\u5728\u9002\u5f53\u7684\u65f6\u95f4\u3002 \u8bc0\u7a8d\u662f\u5728\u7ec6\u8282\u901a\u5e38\uff0c\u5728\u641c\u7d22\u5f15\u64ce\u5e02\u573a\u8425\u9500\u3002<\/p>\n\n\n\n<p>\u8c37\u6b4c\u7684\u5e7f\u544a\u6216Microsoft\u5e7f\u544a(\u539f\u5175)\u5f00\u5c55\u8fd0\u52a8\uff0c\u53ef\u4ee5\u521b\u5efa\u8fc5\u901f\uff0c\u4f46\u662f\u5e94\u5f53\u6307\u51fa\uff0c\u6d77\u7684\u5371\u9669\u548coptmize\u662f\u597d\u7684\u3002 \u4e0d\u662f\u66f4\u591a\u3001\u8d28\u91cf\u7684\u6570\u91cf\u9650\u5236\u4f1a\u3002 \u9ad8\u6392\u540d\u7684\u641c\u7d22\u5f15\u64ce\u6392\u540d\uff0c\u5e76\u589e\u52a0\u4f60\u7684\u5730\u65b9\u4e4b\u95f4\u7684\u76f8\u5173\u76ee\u6807\u7fa4\u4f53\uff0c\u4f60\u4f1a\u559c\u6b22\u6536\u5230\u7684? \u7136\u540e\u6211\u4eec\u5c06\u5f88\u4e50\u610f\u5e2e\u52a9\u4f60\u5236\u5b9a\u548c\u5b9e\u65bd\u4e00\u4e2a\u6d77\u6d0b\u7684\u6d3b\u52a8\uff1b\u6240\u6709\u4f60\u9700\u8981\u505a\u7684\u5c31\u662f\u6572\u949f\u3002<\/p>\n\n\n\n<p>\u8c37\u6b4c\u7684\u5e7f\u544a\u9500\u552e\uff0c\u4ece\u9500\u552e\u6210\u672c\u66f4\u591a\u7684\u65f6\u5019\u4e0d\u6b63\u786e\u5730\u4f7f\u7528\uff0c\u5b83\u521b\u5efa\u4e86\u4e00\u4e2a\u975e\u5e38\u590d\u6742\u7684\u4e3b\u9898\u3002 \u7136\u800c\uff0c\u8be5\u5730\u70b9\uff0c\u9664\u4e86\u6709\u673a\u7684\u641c\u7d22\u5f15\u64ce(\u641c\u7d22\u5f15\u64ce\u4f18\u5316\u7684\u4e00\u79cd\u65b9\u5f0f\u5438\u5f15\u5408\u683c\u7684\u8bbf\u5ba2\u5230\u4f60\u7684\u7f51\u7ad9\u4e0a\u901a\u8fc7\u641c\u7d22\u5f15\u64ce\u5e02\u573a\u8425\u9500\u3002<\/p>\n\n\n\n<p>\u6211\u4eec\u5df2\u7ecf\u63d0\u4f9b\u54a8\u8be2\u610f\u89c1\u4f7f\u7528\u7684\u8c37\u6b4c\u7684\u5e7f\u544a\uff0c\u8c37\u6b4c\u7684\u5e7f\u544a\u548c\u516c\u53f8\u7684\u641c\u7d22\u5f15\u64ce\u5e02\u573a\u8425\u9500\u7b56\u7565\uff0c\u6211\u4eec\u4e0e\u4f60\u4e00\u9053\u5de5\u4f5c\u4ee5\u5b9e\u73b0\u5176\u76ee\u6807\u7684\u4ee5\u53d1\u5c55\u3002 \u5230\u5e95\u54ea\u4e9b\u6d3b\u52a8\u4f7f\u7528\u7684\u8c37\u6b4c\u5e7f\u544a\u6362\u7b97\u7684\u8ddf\u8e2a\u548c\u8c37\u6b4c\u5206\u6790\uff0c\u76ee\u6807\u7fa4\u4f53\u3001\u5e7f\u544a\u6587\u672c\u548c\u5173\u952e\u8bcd\uff0c\u6211\u4eec\u53ef\u4ee5\u786e\u5b9a\uff0c\u662f\u6709\u5229\u53ef\u56fe\u7684\u3002 \u8c37\u6b4c\u641c\u7d22\u67d0\u4e9b\u5173\u952e\u8bcd\u5728\u4f60\u7684\u7f51\u7ad9\u4e0e\u8c37\u6b4c\u7684\u5e7f\u544a\u4e2d\u641c\u7d22\u7684\u5e7f\u544a\u70b9\u51fb\u8be5\u7f51\u7edc\u4f18\u5316\u7684\uff0c\u56e0\u6b64\u653e\u7f6e\u5e7f\u544a\uff0c\u5728\u4f60\u7684\u7f51\u7ad9\uff0c\u4f60\u7684\u5546\u5e97\u6216\u8005\u4f60\u7684\u535a\u5ba2\u4f60\u5c06\u6709\u673a\u4f1a\u4ee5\u589e\u52a0\u6e38\u5ba2\u4eba\u6570\u548c\u5176\u4ed6\u56e0\u7d20\u3002 \u8c37\u6b4c\u663e\u793a\u7f51\u7edc\u5e7f\u544a(\u6587\u672c\/\u56fe\u50cf)\uff0c\u56e0\u6b64\uff0c\u5b83\u662f\u53ef\u4ee5\u8fbe\u5230\u51e0\u4e4e90%\u7684\u6240\u6709\u4e92\u8054\u7f51\u7528\u6237\u3002 \u4f60\u7684\u5e7f\u544a\u6d3b\u52a8\u7684\u5b9a\u4e49\u6309\u7167\u5404\u9879\u76ee\u6807\u7684\u7f51\u7ad9\uff0c\u901a\u8fc7\u4e0d\u65ad\u5206\u6790\u548c\u4f18\u5316\u5e02\u573a\u8425\u9500\u9884\u7b97\u4e2d\u7684\u6700\u597d\u65b9\u6cd5\u4f60\u53ef\u4ee5\u4f7f\u7528\u8fd9\u79cd\u7f51\u4e0a\u9500\u552e\u3002<\/p>\n\n\n\n<p>\u4f60\u8981\u653e\u5e7f\u544a\u5728\u8c37\u6b4c\u641c\u7d22\u5f15\u64ce\u7684\u5e7f\u544a\u548c\u4e13\u4e1a\u7684? \u6211\u4eecD\u00f6kmeci\u5047\u671f\u4fc3\u8fdb\u673a\u6784\uff0c\u5fae\u8f6f\u5e7f\u544a(\u539f\u5175)\u7528\u4e8e\"\u8c37\u6b4c\u8ba4\u8bc1\u7684\u9996\u8981\u5408\u4f5c\u4f19\u4f34\"\u548c\"\u4e13\u4e1a\u516c\u53f8\u7ecf\u8ba4\u53ef\u7684\u72b6\u6001\"\u571f\u8033\u5176\u54a8\u8be2\u7684\u516c\u53f8\u4e4b\u4e00\uff1b\u5e76\u4e14\u4fdd\u8bc1\u8d44\u683c\u7684\u641c\u7d22\u5f15\u64ce\u5e02\u573a\u8425\u9500\u662f\u4e00\u4e2a\u5b8c\u7f8e\u7684\u5408\u4f5c\u4f19\u4f34\u4e3a\u4f60\uff01<\/p>\n\n\n\n<p>\u5fae\u8f6f\u5e7f\u544a\u548c\u8c37\u6b4c\u9996\u7684\u5408\u4f5c\u4f19\u4f34<br>\u5047D\u00f6kmeci<br>\u8c37\u6b4c\u7684\u4e3b\u8981\u5546\u4e1a\u4f19\u4f34<br>\u4e0eMicrosoft\u7684\u5e7f\u544a\u5408\u4f5c\u4f19\u4f34\u3002<\/p>\n\n\n\n<div class=\"wp-block-stackable-image stk-block-image has-text-align-left stk-block stk-4605d12\" data-block-id=\"4605d12\"><style>.stk-4605d12 .stk-img-wrapper{width:30% !important}<\/style><figure><span class=\"stk-img-wrapper stk-image--shape-stretch\"><img loading=\"lazy\" decoding=\"async\" class=\"stk-img wp-image-1013\" src=\"https:\/\/cdn.bayramdokmeci.com\/2024\/02\/PremierPartner-RGB.svg\" width=\"30\" height=\"300\"\/><\/span><\/figure><\/div>","protected":false},"excerpt":{"rendered":"<p>Arama motoru reklamc\u0131l\u0131\u011f\u0131 veya arama motoru reklamc\u0131l\u0131\u011f\u0131 (SEA), arama motoru optimizasyonu (Arama Motoru Optimizasyonu\/SEO) ile birlikte \u00e7evrimi\u00e7i pazarlaman\u0131n en \u00f6nemli iki arac\u0131ndan biridir. Web sitenizi bulman\u0131n samanl\u0131kta i\u011fne aramaya benzememesini sa\u011flamak i\u00e7in internet pazarlamac\u0131l\u0131\u011f\u0131, do\u011fru zamanda do\u011fru anahtar kelimeleri gerektirir. Arama motoru pazarlamac\u0131l\u0131\u011f\u0131nda p\u00fcf nokta genellikle ayr\u0131nt\u0131da gizlidir. Bir Google Ads veya Microsoft Ads (eski [&hellip;]<\/p>\n","protected":false},"author":1,"featured_media":0,"parent":0,"menu_order":0,"comment_status":"closed","ping_status":"closed","template":"","meta":{"footnotes":""},"class_list":["post-812","page","type-page","status-publish","hentry"],"blocksy_meta":{"page_title_panel":"","has_hero_section":"disabled","b5eab4b45fc993c35f414f196001c1b3":"","hero_section":"type-1","hero_elements":[{"id":"custom_title","enabled":true,"heading_tag":"h1","title":"Home"},{"id":"custom_description","enabled":true,"description_visibility":{"desktop":true,"tablet":true,"mobile":false}},{"id":"custom_meta","enabled":false,"meta_elements":[{"id":"author","enabled":true,"label":"By","has_author_avatar":"yes","avatar_size":25},{"id":"post_date","enabled":true,"label":"On","date_format_source":"default","date_format":"M j, Y"},{"id":"updated_date","enabled":false,"label":"On","date_format_source":"default","date_format":"M j, Y"},{"id":"categories","enabled":false,"label":"In","style":"simple"},{"id":"comments","enabled":true}],"page_meta_elements":{"joined":true,"articles_count":true,"comments":true}},{"id":"breadcrumbs","enabled":false}],"76f4d01deefcea6e36539ad1e0b44d7b":"","hero_alignment1":"CT_CSS_SKIP_RULE","hero_margin":40,"hero_alignment2":"center","hero_vertical_alignment":"center","0949b4a7e32105b1f86c9539ab4f63fe":"","hero_structure":"narrow","8b5cdd064d547fd8f2f567b9e5031f2c":"","page_title_bg_type":"featured_image","custom_hero_background":{"attachment_id":null},"parallax":{"desktop":false,"tablet":false,"mobile":false},"b8535cf0316ce12df016fa4a68ddf005":"","hero_height":"250px","pageTitleFont":{"family":"Default","variation":"Default","size":"30px","line-height":"CT_CSS_SKIP_RULE","letter-spacing":"CT_CSS_SKIP_RULE","text-transform":"CT_CSS_SKIP_RULE","text-decoration":"CT_CSS_SKIP_RULE"},"pageTitleFontColor":{"default":{"color":"CT_CSS_SKIP_RULEDEFAULT"}},"pageMetaFont":{"family":"Default","variation":"n6","size":"12px","line-height":"1.3","letter-spacing":"CT_CSS_SKIP_RULE","text-transform":"uppercase","text-decoration":"CT_CSS_SKIP_RULE"},"pageMetaFontColor":{"default":{"color":"CT_CSS_SKIP_RULEDEFAULT"},"hover":{"color":"CT_CSS_SKIP_RULEDEFAULT"}},"page_meta_button_type_font_colors":{"default":{"color":"CT_CSS_SKIP_RULEDEFAULT"},"hover":{"color":"CT_CSS_SKIP_RULEDEFAULT"}},"page_meta_button_type_background_colors":{"default":{"color":"CT_CSS_SKIP_RULEDEFAULT"},"hover":{"color":"CT_CSS_SKIP_RULEDEFAULT"}},"pageExcerptFont":{"family":"Default","variation":"Default","size":"CT_CSS_SKIP_RULE","line-height":"CT_CSS_SKIP_RULE","letter-spacing":"CT_CSS_SKIP_RULE","text-transform":"CT_CSS_SKIP_RULE","text-decoration":"CT_CSS_SKIP_RULE"},"pageExcerptColor":{"default":{"color":"CT_CSS_SKIP_RULEDEFAULT"}},"breadcrumbsFont":{"family":"Default","variation":"Default","size":"CT_CSS_SKIP_RULE","line-height":"CT_CSS_SKIP_RULE","letter-spacing":"CT_CSS_SKIP_RULE","text-transform":"CT_CSS_SKIP_RULE","text-decoration":"CT_CSS_SKIP_RULE"},"breadcrumbsFontColor":{"default":{"color":"CT_CSS_SKIP_RULEDEFAULT"},"initial":{"color":"CT_CSS_SKIP_RULEDEFAULT"},"hover":{"color":"CT_CSS_SKIP_RULEDEFAULT"}},"pageTitleOverlay":{"background_type":"color","background_pattern":"type-1","background_image":{"attachment_id":null,"x":0,"y":0},"gradient":"linear-gradient(135deg,rgba(6,147,227,1) 0%,rgb(155,81,224) 100%)","background_repeat":"repeat","background_size":"auto","background_attachment":"scroll","patternColor":{"default":{"color":"#e5e7ea"}},"overlayColor":{"default":{"color":"CT_CSS_SKIP_RULE"}},"backgroundColor":{"default":{"color":"CT_CSS_SKIP_RULE"}}},"pageTitleBackground":{"background_type":"color","background_pattern":"type-1","background_image":{"attachment_id":null,"x":0,"y":0},"gradient":"linear-gradient(135deg,rgba(6,147,227,1) 0%,rgb(155,81,224) 100%)","background_repeat":"repeat","background_size":"auto","background_attachment":"scroll","patternColor":{"default":{"color":"#e5e7ea"}},"overlayColor":{"default":{"color":"CT_CSS_SKIP_RULE"}},"backgroundColor":{"default":{"color":"var(--theme-palette-color-6)"}}},"pageTitlePadding":{"top":"50px","bottom":"50px","left":"auto","right":"auto","linked":true},"eba25506a86953c395b61aeb80c3ca2d":"","page_structure_type":"default","653fd0425713646e5318053e5570eeb1":"","content_style_source":"inherit","content_style":"wide","vertical_spacing_source":"custom","content_area_spacing":"none","background":{"background_type":"color","background_pattern":"type-1","background_image":{"attachment_id":null,"x":0,"y":0},"gradient":"linear-gradient(135deg,rgba(6,147,227,1) 0%,rgb(155,81,224) 100%)","background_repeat":"repeat","background_size":"auto","background_attachment":"scroll","patternColor":{"default":{"color":"#e5e7ea"}},"overlayColor":{"default":{"color":"CT_CSS_SKIP_RULE"}},"backgroundColor":{"default":{"color":"CT_CSS_SKIP_RULE"}}},"content_background":{"background_type":"color","background_pattern":"type-1","background_image":{"attachment_id":null,"x":0,"y":0},"gradient":"linear-gradient(135deg,rgba(6,147,227,1) 0%,rgb(155,81,224) 100%)","background_repeat":"repeat","background_size":"auto","background_attachment":"scroll","patternColor":{"default":{"color":"#e5e7ea"}},"overlayColor":{"default":{"color":"CT_CSS_SKIP_RULE"}},"backgroundColor":{"default":{"color":"var(--theme-palette-color-8)"}}},"content_boxed_shadow":{"inherit":false,"blur":18,"spread":-6,"v_offset":12,"h_offset":0,"inset":false,"enable":true,"color":{"color":"rgba(34, 56, 101, 0.04)"}},"boxed_content_spacing":{"desktop":{"top":"40px","bottom":"40px","left":"40px","right":"40px","linked":true},"tablet":{"top":"35px","bottom":"35px","left":"35px","right":"35px","linked":true},"mobile":{"top":"20px","bottom":"20px","left":"20px","right":"20px","linked":true}},"content_boxed_radius":{"top":"3px","bottom":"3px","left":"3px","right":"3px","linked":true},"7992791a59a9cb710c125115fbd410b3":"","disable_featured_image":"no","disable_share_box":"no","disable_header":"no","disable_footer":"no","styles_descriptor":{"styles":{"desktop":"","tablet":"","mobile":""},"google_fonts":[],"version":6}},"featured_image_urls":{"full":"","thumbnail":"","medium":"","medium_large":"","large":"","1536x1536":"","2048x2048":"","trp-custom-language-flag":""},"post_excerpt_stackable":"<p>Arama motoru reklamc\u0131l\u0131\u011f\u0131 veya arama motoru reklamc\u0131l\u0131\u011f\u0131 (SEA), arama motoru optimizasyonu (Arama Motoru Optimizasyonu\/SEO) ile birlikte \u00e7evrimi\u00e7i pazarlaman\u0131n en \u00f6nemli iki arac\u0131ndan biridir. Web sitenizi bulman\u0131n samanl\u0131kta i\u011fne aramaya benzememesini sa\u011flamak i\u00e7in internet pazarlamac\u0131l\u0131\u011f\u0131, do\u011fru zamanda do\u011fru anahtar kelimeleri gerektirir. Arama motoru pazarlamac\u0131l\u0131\u011f\u0131nda p\u00fcf nokta genellikle ayr\u0131nt\u0131da gizlidir. Bir Google Ads veya Microsoft Ads (eski ad\u0131yla Bing) kampanyas\u0131 h\u0131zl\u0131 bir \u015fekilde olu\u015fturulabilir ancak SEA\u2019n\u0131n tehlikeleri ve iyi optmize oldu\u011funa dikkat edilmelidir. Daha az\u0131 daha fazlad\u0131r, kalite niceli\u011fin \u00f6n\u00fcne ge\u00e7er. \u0130lgili hedef gruplar aras\u0131nda arama motoru s\u0131ralamalar\u0131nda yerinizi artt\u0131rmak ve \u00fcst s\u0131ralarda yer almak ister misiniz? O zaman bir SEA kampanyas\u0131&hellip;<\/p>\n","category_list":"","author_info":{"name":"Eid","url":"https:\/\/bayramdokmeci.com\/zh\/author\/bayram\/"},"comments_num":"0 comments","_links":{"self":[{"href":"https:\/\/bayramdokmeci.com\/zh\/wp-json\/wp\/v2\/pages\/812","targetHints":{"allow":["GET"]}}],"collection":[{"href":"https:\/\/bayramdokmeci.com\/zh\/wp-json\/wp\/v2\/pages"}],"about":[{"href":"https:\/\/bayramdokmeci.com\/zh\/wp-json\/wp\/v2\/types\/page"}],"author":[{"embeddable":true,"href":"https:\/\/bayramdokmeci.com\/zh\/wp-json\/wp\/v2\/users\/1"}],"replies":[{"embeddable":true,"href":"https:\/\/bayramdokmeci.com\/zh\/wp-json\/wp\/v2\/comments?post=812"}],"version-history":[{"count":12,"href":"https:\/\/bayramdokmeci.com\/zh\/wp-json\/wp\/v2\/pages\/812\/revisions"}],"predecessor-version":[{"id":1016,"href":"https:\/\/bayramdokmeci.com\/zh\/wp-json\/wp\/v2\/pages\/812\/revisions\/1016"}],"wp:attachment":[{"href":"https:\/\/bayramdokmeci.com\/zh\/wp-json\/wp\/v2\/media?parent=812"}],"curies":[{"name":"wp","href":"https:\/\/api.w.org\/{rel}","templated":true}]}}