{"id":846,"date":"2024-02-09T12:36:35","date_gmt":"2024-02-09T12:36:35","guid":{"rendered":"https:\/\/bayramdokmeci.com\/?page_id=846"},"modified":"2026-02-17T12:57:50","modified_gmt":"2026-02-17T12:57:50","slug":"linkedin-is-gelistirme","status":"publish","type":"page","link":"https:\/\/bayramdokmeci.com\/vi\/linkedin-is-gelistirme\/","title":{"rendered":"Ph\u00e1t tri\u1ec3n kinh doanh tr\u00ean LinkedIn"},"content":{"rendered":"<div class=\"wp-block-columns is-layout-flex wp-container-core-columns-is-layout-28f84493 wp-block-columns-is-layout-flex\">\n<div class=\"wp-block-column is-layout-flow wp-block-column-is-layout-flow\" style=\"flex-basis:100%\">\n<div class=\"wp-block-stackable-image stk-block-image stk-block stk-582b4d7\" data-block-id=\"582b4d7\"><figure><span class=\"stk-img-wrapper stk-image--shape-stretch\"><img loading=\"lazy\" decoding=\"async\" class=\"stk-img wp-image-847\" src=\"https:\/\/cdn.bayramdokmeci.com\/2024\/02\/linkedin-marketing.jpg\" width=\"1182\" height=\"634\" srcset=\"https:\/\/cdn.bayramdokmeci.com\/2024\/02\/linkedin-marketing.jpg 1182w, https:\/\/cdn.bayramdokmeci.com\/2024\/02\/linkedin-marketing-300x161.jpg 300w, https:\/\/cdn.bayramdokmeci.com\/2024\/02\/linkedin-marketing-1024x549.jpg 1024w, https:\/\/cdn.bayramdokmeci.com\/2024\/02\/linkedin-marketing-768x412.jpg 768w\" sizes=\"auto, (max-width: 1182px) 100vw, 1182px\" \/><\/span><\/figure><\/div>\n<\/div>\n<\/div>\n\n\n\n<p>V\u1edbi h\u01a1n m\u1ed9t t\u1ef7 ng\u01b0\u1eddi d\u00f9ng ho\u1ea1t \u0111\u1ed9ng t\u1ea1i h\u01a1n 200 qu\u1ed1c gia, LinkedIn l\u00e0 m\u1ea1ng l\u01b0\u1edbi kinh doanh h\u00e0ng \u0111\u1ea7u th\u1ebf gi\u1edbi. Cho d\u00f9 l\u00e0 \u0111\u1ec3 x\u00e2y d\u1ef1ng c\u00e1c m\u1ed1i quan h\u1ec7 kinh doanh, tuy\u1ec3n d\u1ee5ng hay ti\u1ebfp th\u1ecb n\u1ed9i dung, b\u1ea5t c\u1ee9 ai mu\u1ed1n n\u1ed5i b\u1eadt trong th\u1ebf gi\u1edbi kinh doanh \u0111\u1ec1u \u0111ang ho\u1ea1t \u0111\u1ed9ng tr\u00ean LinkedIn.<br><br>H\u1ed3 s\u01a1 c\u00e1 nh\u00e2n, h\u1ed3 s\u01a1 c\u00f4ng ty, di\u1ec5n \u0111\u00e0n kinh doanh, nh\u00f3m, b\u1ea3ng tin, qu\u1ea3ng c\u00e1o LinkedIn \u2013 LinkedIn \u0111\u00e3 tr\u1edf th\u00e0nh m\u1ed9t th\u1ecb tr\u01b0\u1eddng kinh doanh r\u1ea5t ph\u1ed5 bi\u1ebfn trong nh\u1eefng n\u0103m g\u1ea7n \u0111\u00e2y v\u00e0 ng\u00e0y nay mang \u0111\u1ebfn nh\u1eefng c\u01a1 h\u1ed9i ti\u1ebfp th\u1ecb h\u1ea5p d\u1eabn cho c\u00e1c doanh nh\u00e2n t\u1eeb m\u1ecdi l\u0129nh v\u1ef1c v\u00e0 c\u00e1c c\u00f4ng ty t\u1eeb m\u1ecdi ng\u00e0nh ngh\u1ec1.<\/p>\n\n\n\n<p>N\u1ec1n t\u1ea3ng vi\u1ec7c l\u00e0m n\u00e0y \u0111\u00e3 t\u00edch h\u1ee3p c\u00e1c c\u00f4ng c\u1ee5 ph\u00f9 h\u1ee3p trong g\u00f3i Gi\u1ea3i ph\u00e1p Nh\u00e2n t\u00e0i c\u1ee7a m\u00ecnh \u0111\u1ec3 ph\u1ee5c v\u1ee5 c\u00f4ng t\u00e1c tuy\u1ec3n d\u1ee5ng. T\u1eeb trang c\u00f4ng ty \u0111\u01b0\u1ee3c thi\u1ebft k\u1ebf chuy\u00ean nghi\u1ec7p \u0111\u1ebfn trang ngh\u1ec1 nghi\u1ec7p v\u00e0 c\u00e1c chi\u1ebfn d\u1ecbch ti\u1ebfp th\u1ecb nh\u00e2n s\u1ef1 ph\u00f9 h\u1ee3p, LinkedIn \u0111\u00f3ng vai tr\u00f2 \u0111\u1eb7c bi\u1ec7t quan tr\u1ecdng. LinkedIn mang \u0111\u1ebfn c\u01a1 h\u1ed9i x\u00e2y d\u1ef1ng th\u01b0\u01a1ng hi\u1ec7u nh\u00e0 tuy\u1ec3n d\u1ee5ng chuy\u00ean nghi\u1ec7p, t\u1ea1o \u1ea5n t\u01b0\u1ee3ng t\u1ed1t v\u1ec1 c\u00f4ng ty cho c\u00e1c \u1ee9ng vi\u00ean ti\u1ec1m n\u0103ng. \u0110i\u1ec1u n\u00e0y c\u0169ng bao g\u1ed3m vi\u1ec7c gi\u1edbi thi\u1ec7u c\u00e1c v\u1ecb tr\u00ed tuy\u1ec3n d\u1ee5ng \u0111ang tr\u1ed1ng tr\u00ean n\u1ec1n t\u1ea3ng n\u00e0y.<\/p>\n\n\n\n<p>LinkedIn c\u0169ng l\u00e0 m\u1ed9t n\u1ec1n t\u1ea3ng tuy\u1ec7t v\u1eddi cho vi\u1ec7c giao ti\u1ebfp n\u1ed9i b\u1ed9 doanh nghi\u1ec7p. Ch\u00fang t\u00f4i gi\u00fap b\u1ea1n t\u00edch h\u1ee3p n\u1ec1n t\u1ea3ng m\u1ea1ng x\u00e3 h\u1ed9i n\u00e0y v\u00e0o chi\u1ebfn l\u01b0\u1ee3c ti\u1ebfp th\u1ecb v\u00e0 truy\u1ec1n th\u00f4ng c\u1ee7a m\u00ecnh, \u0111\u1ed3ng th\u1eddi cung c\u1ea5p c\u00e1c m\u1eb9o v\u00e0 th\u1ee7 thu\u1eadt \u0111\u1ec3 t\u0103ng c\u01b0\u1eddng t\u01b0\u01a1ng t\u00e1c gi\u1eefa nh\u00e2n vi\u00ean v\u00e0 c\u00f4ng ty.<\/p>\n\n\n\n<p>LinkedIn l\u00e0 m\u1ed9t n\u1ec1n t\u1ea3ng tuy\u1ec7t v\u1eddi \u0111\u1ec3 qu\u1ea3ng c\u00e1o trong m\u00f4i tr\u01b0\u1eddng kinh doanh. N\u1ed9i dung \u0111\u01b0\u1ee3c t\u00e0i tr\u1ee3 c\u00f3 th\u1ec3 gi\u00fap b\u1ea1n t\u1ea1o ra kh\u00e1ch h\u00e0ng ti\u1ec1m n\u0103ng, n\u00e2ng cao nh\u1eadn th\u1ee9c th\u01b0\u01a1ng hi\u1ec7u ho\u1eb7c qu\u1ea3ng b\u00e1 s\u1ef1 ki\u1ec7n. Tuy nhi\u00ean, vi\u1ec7c t\u1ea1o m\u1ed9t chi\u1ebfn d\u1ecbch tr\u00ean LinkedIn kh\u00f4ng h\u1ec1 d\u1ec5 d\u00e0ng. V\u1edbi chi\u1ebfn l\u01b0\u1ee3c chi\u1ebfn d\u1ecbch \u0111\u00fang \u0111\u1eafn, c\u1ea5u tr\u00fac chi\u1ebfn d\u1ecbch h\u1ee3p l\u00fd, qu\u1ea3ng c\u00e1o h\u1ea5p d\u1eabn v\u00e0 nh\u00f3m \u0111\u1ed1i t\u01b0\u1ee3ng m\u1ee5c ti\u00eau t\u1ed1i \u01b0u, b\u1ea1n c\u00f3 th\u1ec3 \u0111\u1ea1t \u0111\u01b0\u1ee3c m\u1ee5c ti\u00eau kinh doanh c\u1ee7a m\u00ecnh c\u00f9ng ch\u00fang t\u00f4i. Ch\u00fang t\u00f4i s\u1ebd h\u01b0\u1edbng d\u1eabn b\u1ea1n c\u00e1ch th\u1ef1c hi\u1ec7n \u0111i\u1ec1u n\u00e0y b\u1eb1ng c\u00e1ch \u00e1p d\u1ee5ng c\u00e1c ph\u01b0\u01a1ng ph\u00e1p t\u1ed1t nh\u1ea5t c\u1ee7a LinkedIn.<\/p>\n\n\n\n<p>Ch\u00fang t\u00f4i ho\u1ea1t \u0111\u1ed9ng tr\u00ean LinkedIn! C\u00f9ng nhau, ch\u00fang ta s\u1ebd ph\u00e1t tri\u1ec3n chi\u1ebfn l\u01b0\u1ee3c n\u1ed9i dung v\u00e0 ti\u1ebfp c\u1eadn ph\u00f9 h\u1ee3p nh\u1ea5t cho b\u1ea1n, gi\u1edbi thi\u1ec7u c\u00e1c c\u00f4ng c\u1ee5 qu\u1ea3n l\u00fd v\u00e0 b\u1ea3o tr\u00ec hi\u1ec7u qu\u1ea3, v\u00e0 cung c\u1ea5p ph\u00e2n t\u00edch chuy\u00ean nghi\u1ec7p v\u1ec1 d\u1eef li\u1ec7u b\u1ea1n thu th\u1eadp.<\/p>\n\n\n\n<p>Ch\u00fang t\u00f4i l\u00e0 \u0111\u1ed1i t\u00e1c cung c\u1ea5p gi\u1ea3i ph\u00e1p nh\u00e2n t\u00e0i cho LinkedIn.<br>\u0110\u1ed9i ng\u0169 c\u1ee7a ch\u00fang t\u00f4i bao g\u1ed3m c\u00e1c chuy\u00ean gia \u0111\u01b0\u1ee3c ch\u1ee9ng nh\u1eadn b\u1edfi LinkedIn.<\/p>\n\n\n\n<div class=\"wp-block-stackable-image stk-block-image has-text-align-left stk-block stk-3245efa\" data-block-id=\"3245efa\"><style>.stk-3245efa .stk-img-wrapper{width:30% !important}<\/style><figure><span class=\"stk-img-wrapper stk-image--shape-stretch\"><img loading=\"lazy\" decoding=\"async\" class=\"stk-img wp-image-1010\" src=\"https:\/\/cdn.bayramdokmeci.com\/2024\/02\/LinkedIn_Talent_Solutions_Partner.png\" width=\"240\" height=\"96\"\/><\/span><\/figure><\/div>","protected":false},"excerpt":{"rendered":"<p>200&#8217;den fazla \u00fclkede bir milyar\u0131n \u00fczerinde aktif kullan\u0131c\u0131s\u0131 bulunan LinkedIn, d\u00fcnyan\u0131n en \u00f6nemli i\u015f a\u011f\u0131d\u0131r. \u0130ster i\u015f ba\u011flant\u0131lar\u0131 kurmak, ister i\u015fe al\u0131m, ister i\u00e7erik pazarlamayla ilgili olsun. \u0130\u015f d\u00fcnyas\u0131nda g\u00f6r\u00fcnmek isteyen herkes LinkedIn\u2019de aktif. Ki\u015fisel profiller, \u015firket profilleri, i\u015f panolar\u0131, gruplar, haber ak\u0131\u015f\u0131, LinkedIn reklamlar\u0131 &#8211; LinkedIn, son y\u0131llarda olduk\u00e7a s\u0131k ziyaret edilen bir i\u015f [&hellip;]<\/p>\n","protected":false},"author":1,"featured_media":0,"parent":0,"menu_order":0,"comment_status":"closed","ping_status":"closed","template":"","meta":{"footnotes":""},"class_list":["post-846","page","type-page","status-publish","hentry"],"blocksy_meta":{"page_title_panel":"","has_hero_section":"disabled","b5eab4b45fc993c35f414f196001c1b3":"","hero_section":"type-1","hero_elements":[{"id":"custom_title","enabled":true,"heading_tag":"h1","title":"Home"},{"id":"custom_description","enabled":true,"description_visibility":{"desktop":true,"tablet":true,"mobile":false}},{"id":"custom_meta","enabled":false,"meta_elements":[{"id":"author","enabled":true,"label":"By","has_author_avatar":"yes","avatar_size":25},{"id":"post_date","enabled":true,"label":"On","date_format_source":"default","date_format":"M j, Y"},{"id":"updated_date","enabled":false,"label":"On","date_format_source":"default","date_format":"M j, Y"},{"id":"categories","enabled":false,"label":"In","style":"simple"},{"id":"comments","enabled":true}],"page_meta_elements":{"joined":true,"articles_count":true,"comments":true}},{"id":"breadcrumbs","enabled":false}],"76f4d01deefcea6e36539ad1e0b44d7b":"","hero_alignment1":"CT_CSS_SKIP_RULE","hero_margin":40,"hero_alignment2":"center","hero_vertical_alignment":"center","0949b4a7e32105b1f86c9539ab4f63fe":"","hero_structure":"narrow","8b5cdd064d547fd8f2f567b9e5031f2c":"","page_title_bg_type":"featured_image","custom_hero_background":{"attachment_id":null},"parallax":{"desktop":false,"tablet":false,"mobile":false},"b8535cf0316ce12df016fa4a68ddf005":"","hero_height":"250px","pageTitleFont":{"family":"Default","variation":"Default","size":"30px","line-height":"CT_CSS_SKIP_RULE","letter-spacing":"CT_CSS_SKIP_RULE","text-transform":"CT_CSS_SKIP_RULE","text-decoration":"CT_CSS_SKIP_RULE"},"pageTitleFontColor":{"default":{"color":"CT_CSS_SKIP_RULEDEFAULT"}},"pageMetaFont":{"family":"Default","variation":"n6","size":"12px","line-height":"1.3","letter-spacing":"CT_CSS_SKIP_RULE","text-transform":"uppercase","text-decoration":"CT_CSS_SKIP_RULE"},"pageMetaFontColor":{"default":{"color":"CT_CSS_SKIP_RULEDEFAULT"},"hover":{"color":"CT_CSS_SKIP_RULEDEFAULT"}},"page_meta_button_type_font_colors":{"default":{"color":"CT_CSS_SKIP_RULEDEFAULT"},"hover":{"color":"CT_CSS_SKIP_RULEDEFAULT"}},"page_meta_button_type_background_colors":{"default":{"color":"CT_CSS_SKIP_RULEDEFAULT"},"hover":{"color":"CT_CSS_SKIP_RULEDEFAULT"}},"pageExcerptFont":{"family":"Default","variation":"Default","size":"CT_CSS_SKIP_RULE","line-height":"CT_CSS_SKIP_RULE","letter-spacing":"CT_CSS_SKIP_RULE","text-transform":"CT_CSS_SKIP_RULE","text-decoration":"CT_CSS_SKIP_RULE"},"pageExcerptColor":{"default":{"color":"CT_CSS_SKIP_RULEDEFAULT"}},"breadcrumbsFont":{"family":"Default","variation":"Default","size":"CT_CSS_SKIP_RULE","line-height":"CT_CSS_SKIP_RULE","letter-spacing":"CT_CSS_SKIP_RULE","text-transform":"CT_CSS_SKIP_RULE","text-decoration":"CT_CSS_SKIP_RULE"},"breadcrumbsFontColor":{"default":{"color":"CT_CSS_SKIP_RULEDEFAULT"},"initial":{"color":"CT_CSS_SKIP_RULEDEFAULT"},"hover":{"color":"CT_CSS_SKIP_RULEDEFAULT"}},"pageTitleOverlay":{"background_type":"color","background_pattern":"type-1","background_image":{"attachment_id":null,"x":0,"y":0},"gradient":"linear-gradient(135deg,rgba(6,147,227,1) 0%,rgb(155,81,224) 100%)","background_repeat":"repeat","background_size":"auto","background_attachment":"scroll","patternColor":{"default":{"color":"#e5e7ea"}},"overlayColor":{"default":{"color":"CT_CSS_SKIP_RULE"}},"backgroundColor":{"default":{"color":"CT_CSS_SKIP_RULE"}}},"pageTitleBackground":{"background_type":"color","background_pattern":"type-1","background_image":{"attachment_id":null,"x":0,"y":0},"gradient":"linear-gradient(135deg,rgba(6,147,227,1) 0%,rgb(155,81,224) 100%)","background_repeat":"repeat","background_size":"auto","background_attachment":"scroll","patternColor":{"default":{"color":"#e5e7ea"}},"overlayColor":{"default":{"color":"CT_CSS_SKIP_RULE"}},"backgroundColor":{"default":{"color":"var(--theme-palette-color-6)"}}},"pageTitlePadding":{"top":"50px","bottom":"50px","left":"auto","right":"auto","linked":true},"eba25506a86953c395b61aeb80c3ca2d":"","page_structure_type":"default","653fd0425713646e5318053e5570eeb1":"","content_style_source":"inherit","content_style":"wide","vertical_spacing_source":"custom","content_area_spacing":"none","background":{"background_type":"color","background_pattern":"type-1","background_image":{"attachment_id":null,"x":0,"y":0},"gradient":"linear-gradient(135deg,rgba(6,147,227,1) 0%,rgb(155,81,224) 100%)","background_repeat":"repeat","background_size":"auto","background_attachment":"scroll","patternColor":{"default":{"color":"#e5e7ea"}},"overlayColor":{"default":{"color":"CT_CSS_SKIP_RULE"}},"backgroundColor":{"default":{"color":"CT_CSS_SKIP_RULE"}}},"content_background":{"background_type":"color","background_pattern":"type-1","background_image":{"attachment_id":null,"x":0,"y":0},"gradient":"linear-gradient(135deg,rgba(6,147,227,1) 0%,rgb(155,81,224) 100%)","background_repeat":"repeat","background_size":"auto","background_attachment":"scroll","patternColor":{"default":{"color":"#e5e7ea"}},"overlayColor":{"default":{"color":"CT_CSS_SKIP_RULE"}},"backgroundColor":{"default":{"color":"var(--theme-palette-color-8)"}}},"content_boxed_shadow":{"inherit":false,"blur":18,"spread":-6,"v_offset":12,"h_offset":0,"inset":false,"enable":true,"color":{"color":"rgba(34, 56, 101, 0.04)"}},"boxed_content_spacing":{"desktop":{"top":"40px","bottom":"40px","left":"40px","right":"40px","linked":true},"tablet":{"top":"35px","bottom":"35px","left":"35px","right":"35px","linked":true},"mobile":{"top":"20px","bottom":"20px","left":"20px","right":"20px","linked":true}},"content_boxed_radius":{"top":"3px","bottom":"3px","left":"3px","right":"3px","linked":true},"7992791a59a9cb710c125115fbd410b3":"","disable_featured_image":"no","disable_share_box":"no","disable_header":"no","disable_footer":"no","styles_descriptor":{"styles":{"desktop":"","tablet":"","mobile":""},"google_fonts":[],"version":6}},"featured_image_urls":{"full":"","thumbnail":"","medium":"","medium_large":"","large":"","1536x1536":"","2048x2048":"","trp-custom-language-flag":""},"post_excerpt_stackable":"<p>200&#8217;den fazla \u00fclkede bir milyar\u0131n \u00fczerinde aktif kullan\u0131c\u0131s\u0131 bulunan LinkedIn, d\u00fcnyan\u0131n en \u00f6nemli i\u015f a\u011f\u0131d\u0131r. \u0130ster i\u015f ba\u011flant\u0131lar\u0131 kurmak, ister i\u015fe al\u0131m, ister i\u00e7erik pazarlamayla ilgili olsun. \u0130\u015f d\u00fcnyas\u0131nda g\u00f6r\u00fcnmek isteyen herkes LinkedIn\u2019de aktif.Ki\u015fisel profiller, \u015firket profilleri, i\u015f panolar\u0131, gruplar, haber ak\u0131\u015f\u0131, LinkedIn reklamlar\u0131 &#8211; LinkedIn, son y\u0131llarda olduk\u00e7a s\u0131k ziyaret edilen bir i\u015f pazar\u0131 haline geldi ve bug\u00fcn t\u00fcm alanlardan i\u015f adamlar\u0131 ve t\u00fcm sekt\u00f6rlerden \u015firketler i\u00e7in ilgin\u00e7 pazarlama f\u0131rsatlar\u0131 sunuyor. \u0130\u015f platformu, personel al\u0131m\u0131 i\u00e7in Yetenek \u00c7\u00f6z\u00fcmleri kapsam\u0131nda uygun ara\u00e7lar\u0131 bir araya getirdi. Profesyonelce tasarlanm\u0131\u015f bir \u015firket sayfas\u0131ndan kariyer sayfas\u0131na ve ilgili \u0130K pazarlama kampanyalar\u0131na kadar, LinkedIn&#8217;in \u00f6zellikle&hellip;<\/p>\n","category_list":"","author_info":{"name":"ng\u00e0y l\u1ec5","url":"https:\/\/bayramdokmeci.com\/vi\/author\/bayram\/"},"comments_num":"0 comments","_links":{"self":[{"href":"https:\/\/bayramdokmeci.com\/vi\/wp-json\/wp\/v2\/pages\/846","targetHints":{"allow":["GET"]}}],"collection":[{"href":"https:\/\/bayramdokmeci.com\/vi\/wp-json\/wp\/v2\/pages"}],"about":[{"href":"https:\/\/bayramdokmeci.com\/vi\/wp-json\/wp\/v2\/types\/page"}],"author":[{"embeddable":true,"href":"https:\/\/bayramdokmeci.com\/vi\/wp-json\/wp\/v2\/users\/1"}],"replies":[{"embeddable":true,"href":"https:\/\/bayramdokmeci.com\/vi\/wp-json\/wp\/v2\/comments?post=846"}],"version-history":[{"count":2,"href":"https:\/\/bayramdokmeci.com\/vi\/wp-json\/wp\/v2\/pages\/846\/revisions"}],"predecessor-version":[{"id":1018,"href":"https:\/\/bayramdokmeci.com\/vi\/wp-json\/wp\/v2\/pages\/846\/revisions\/1018"}],"wp:attachment":[{"href":"https:\/\/bayramdokmeci.com\/vi\/wp-json\/wp\/v2\/media?parent=846"}],"curies":[{"name":"wp","href":"https:\/\/api.w.org\/{rel}","templated":true}]}}