{"id":842,"date":"2024-02-09T11:43:53","date_gmt":"2024-02-09T11:43:53","guid":{"rendered":"https:\/\/bayramdokmeci.com\/?page_id=842"},"modified":"2026-02-17T12:58:37","modified_gmt":"2026-02-17T12:58:37","slug":"instagram-pazarlama","status":"publish","type":"page","link":"https:\/\/bayramdokmeci.com\/vi\/instagram-pazarlama\/","title":{"rendered":"Ti\u1ebfp th\u1ecb tr\u00ean Instagram"},"content":{"rendered":"<div class=\"wp-block-columns is-layout-flex wp-container-core-columns-is-layout-28f84493 wp-block-columns-is-layout-flex\">\n<div class=\"wp-block-column is-layout-flow wp-block-column-is-layout-flow\" style=\"flex-basis:100%\">\n<div class=\"wp-block-stackable-image stk-block-image stk-block stk-582b4d7\" data-block-id=\"582b4d7\"><figure><span class=\"stk-img-wrapper stk-image--shape-stretch\"><img loading=\"lazy\" decoding=\"async\" class=\"stk-img wp-image-843\" src=\"https:\/\/cdn.bayramdokmeci.com\/2024\/02\/instagram-marketing.jpg\" width=\"1182\" height=\"634\" srcset=\"https:\/\/cdn.bayramdokmeci.com\/2024\/02\/instagram-marketing.jpg 1182w, https:\/\/cdn.bayramdokmeci.com\/2024\/02\/instagram-marketing-300x161.jpg 300w, https:\/\/cdn.bayramdokmeci.com\/2024\/02\/instagram-marketing-1024x549.jpg 1024w, https:\/\/cdn.bayramdokmeci.com\/2024\/02\/instagram-marketing-768x412.jpg 768w\" sizes=\"auto, (max-width: 1182px) 100vw, 1182px\" \/><\/span><\/figure><\/div>\n<\/div>\n<\/div>\n\n\n\n<p>Gi\u1ed1ng nh\u01b0 Facebook, Instagram hi\u1ec7n l\u00e0 m\u1ed9t ph\u1ea7n kh\u00f4ng th\u1ec3 thi\u1ebfu c\u1ee7a th\u1ebf gi\u1edbi m\u1ea1ng x\u00e3 h\u1ed9i. Instagram c\u00f3 kho\u1ea3ng 2 t\u1ef7 ng\u01b0\u1eddi d\u00f9ng ho\u1ea1t \u0111\u1ed9ng tr\u00ean to\u00e0n th\u1ebf gi\u1edbi m\u1ed7i th\u00e1ng. H\u01a1n 200 tri\u1ec7u c\u00f4ng ty gi\u1edbi thi\u1ec7u th\u01b0\u01a1ng hi\u1ec7u, s\u1ea3n ph\u1ea9m ho\u1eb7c d\u1ecbch v\u1ee5 c\u1ee7a h\u1ecd tr\u00ean c\u00e1c n\u1ec1n t\u1ea3ng \u0111\u01b0\u1ee3c g\u1ecdi l\u00e0 h\u1ed3 s\u01a1 doanh nghi\u1ec7p tr\u00ean n\u1ec1n t\u1ea3ng m\u1ea1ng x\u00e3 h\u1ed9i n\u00e0y. H\u1ea7u nh\u01b0 m\u1ecdi ng\u01b0\u1eddi \u0111\u1ec1u theo d\u00f5i \u00edt \u200b\u200bnh\u1ea5t m\u1ed9t c\u00f4ng ty, v\u00e0 ch\u1ee9c n\u0103ng mua s\u1eafm ng\u00e0y c\u00e0ng tr\u1edf n\u00ean quan tr\u1ecdng. T\u1ea7m quan tr\u1ecdng c\u1ee7a n\u1ec1n t\u1ea3ng h\u00ecnh \u1ea3nh v\u00e0 video l\u00e0 kh\u00f4ng th\u1ec3 ph\u1ee7 nh\u1eadn. <\/p>\n\n\n\n<p>Ch\u00fang t\u00f4i tin v\u00e0o m\u1ed1i li\u00ean h\u1ec7 gi\u1eefa con ng\u01b0\u1eddi, n\u1ed9i dung ch\u1ea5t l\u01b0\u1ee3ng th\u1ef1c s\u1ef1 v\u00e0 v\u1ecb tr\u00ed \u0111\u0103ng t\u1ea3i ph\u00f9 h\u1ee3p \u0111\u1ec3 n\u1ed9i dung \u0111\u00f3 ti\u1ebfp c\u1eadn \u0111\u01b0\u1ee3c nh\u1eefng ng\u01b0\u1eddi th\u1ef1c s\u1ef1 quan t\u00e2m.<\/p>\n\n\n\n<p>Kh\u1ea9u hi\u1ec7u c\u1ee7a ch\u00fang t\u00f4i l\u00e0: Kh\u00f4ng c\u00f3 chi\u1ebfn l\u01b0\u1ee3c n\u1ed9i dung n\u00e0o hi\u1ec7u qu\u1ea3 n\u1ebfu thi\u1ebfu vi\u1ec7c s\u1eed d\u1ee5ng ng\u00e2n s\u00e1ch truy\u1ec1n th\u00f4ng b\u1ec1n v\u1eefng. H\u00e3y \u0111\u01b0a n\u1ed9i dung \u0111\u1ed9c \u0111\u00e1o c\u1ee7a b\u1ea1n l\u00ean trang tin t\u1ee9c v\u00e0 story c\u1ee7a \u0111\u1ed1i t\u01b0\u1ee3ng m\u1ee5c ti\u00eau \u0111ang khao kh\u00e1t c\u1ea3m h\u1ee9ng v\u00e0 t\u0103ng nh\u1eadn di\u1ec7n th\u01b0\u01a1ng hi\u1ec7u ho\u1eb7c c\u00f4ng ty b\u1eb1ng qu\u1ea3ng c\u00e1o Instagram. Cho c\u1ed9ng \u0111\u1ed3ng th\u1ea5y n\u1ed9i dung c\u1ee7a b\u1ea1n tuy\u1ec7t v\u1eddi nh\u01b0 th\u1ebf n\u00e0o, t\u0103ng l\u01b0\u1ee3t truy c\u1eadp trang web, doanh s\u1ed1 b\u00e1n h\u00e0ng v\u00e0 t\u1ef7 l\u1ec7 chuy\u1ec3n \u0111\u1ed5i. Gi\u00fap \u0111\u1ed1i t\u01b0\u1ee3ng m\u1ee5c ti\u00eau bi\u1ebft \u0111\u1ebfn h\u1ed3 s\u01a1 Instagram c\u1ee7a b\u1ea1n. Chia s\u1ebb video c\u1ee7a b\u1ea1n tr\u00ean Instagram Stories v\u00e0 Instagram Reels. B\u00ean c\u1ea1nh thi\u1ebft k\u1ebf s\u00e1ng t\u1ea1o, qu\u1ea3ng c\u00e1o Instagram c\u1ea7n \u0111\u01b0\u1ee3c theo d\u00f5i li\u00ean t\u1ee5c v\u00e0 t\u1ed1i \u01b0u h\u00f3a th\u01b0\u1eddng xuy\u00ean \u0111\u1ec3 gi\u1eef ch\u00e2n ng\u01b0\u1eddi d\u00f9ng c\u00f3 nhu c\u1ea7u h\u00ecnh \u1ea3nh cao v\u00e0 \u0111\u1ea1t hi\u1ec7u qu\u1ea3.<\/p>\n\n\n\n<p>L\u00e0m th\u1ebf n\u00e0o \u0111\u1ec3 ti\u1ebfp c\u1eadn \u0111\u1ed1i t\u01b0\u1ee3ng m\u1ee5c ti\u00eau tr\u00ean Instagram? T\u00f4i n\u00ean s\u1eed d\u1ee5ng n\u1ed9i dung g\u00ec \u0111\u1ec3 thu h\u00fat s\u1ef1 ch\u00fa \u00fd? N\u00ean s\u1eed d\u1ee5ng b\u00e0i \u0111\u0103ng, Story hay Reels? Instagram Shopping ho\u1ea1t \u0111\u1ed9ng nh\u01b0 th\u1ebf n\u00e0o? L\u00e0m th\u1ebf n\u00e0o \u0111\u1ec3 thu h\u00fat s\u1ef1 ch\u00fa \u00fd c\u1ee7a ng\u01b0\u1eddi c\u00f3 \u1ea3nh h\u01b0\u1edfng? T\u00f4i n\u00ean s\u1eed d\u1ee5ng nh\u1eefng hashtag n\u00e0o?<\/p>\n\n\n\n<p>M\u1ee5c ti\u00eau c\u1ee7a ch\u00fang t\u00f4i l\u00e0 t\u1ea1o ra c\u00e1c chi\u1ebfn l\u01b0\u1ee3c n\u1ed9i dung v\u00e0 chi\u1ebfn d\u1ecbch qu\u1ea3ng c\u00e1o \u0111\u01b0\u1ee3c l\u00ean k\u1ebf ho\u1ea1ch k\u1ef9 l\u01b0\u1ee1ng, gi\u00fap \u0111\u1ecbnh v\u1ecb th\u01b0\u01a1ng hi\u1ec7u v\u00e0 c\u00f4ng ty trong m\u1ed9t m\u00f4i tr\u01b0\u1eddng c\u00f3 t\u00ednh \u1ee9ng d\u1ee5ng cao.<\/p>\n\n\n\n<p>\u0110\u1ed0I T\u00c1C KINH DOANH META<br>\u0110\u1ed9i ng\u0169 c\u1ee7a ch\u00fang t\u00f4i bao g\u1ed3m c\u00e1c chuy\u00ean gia \u0111\u01b0\u1ee3c ch\u1ee9ng nh\u1eadn b\u1edfi Instagram.<\/p>\n\n\n\n<div class=\"wp-block-stackable-image stk-block-image has-text-align-left stk-block stk-58263fb\" data-block-id=\"58263fb\"><style>.stk-58263fb .stk-img-wrapper{width:30% !important}<\/style><figure><span class=\"stk-img-wrapper stk-image--shape-stretch\"><img loading=\"lazy\" decoding=\"async\" class=\"stk-img wp-image-1011\" src=\"https:\/\/cdn.bayramdokmeci.com\/2024\/02\/meta-bayram.jpg\" width=\"240\" height=\"160\"\/><\/span><\/figure><\/div>","protected":false},"excerpt":{"rendered":"<p>Facebook gibi Instagram da \u015fu anda sosyal medya orman\u0131n\u0131n ayr\u0131lmaz bir par\u00e7as\u0131. Instagram&#8217;\u0131n d\u00fcnyan\u0131n her yerinden ayda yakla\u015f\u0131k 2 milyar aktif kullan\u0131c\u0131s\u0131 var. 200 milyondan fazla \u015firket, markalar\u0131n\u0131, \u00fcr\u00fcnlerini veya hizmetlerini sosyal medya platformunda i\u015f profilleri ad\u0131 verilen platformlarda sunuyor. Herkes en az bir firmay\u0131 takip ediyor ve al\u0131\u015fveri\u015f fonksiyonu giderek \u00f6nem kazan\u0131yor. G\u00f6r\u00fcnt\u00fc ve [&hellip;]<\/p>\n","protected":false},"author":1,"featured_media":0,"parent":0,"menu_order":0,"comment_status":"closed","ping_status":"closed","template":"","meta":{"footnotes":""},"class_list":["post-842","page","type-page","status-publish","hentry"],"blocksy_meta":{"page_title_panel":"","has_hero_section":"disabled","b5eab4b45fc993c35f414f196001c1b3":"","hero_section":"type-1","hero_elements":[{"id":"custom_title","enabled":true,"heading_tag":"h1","title":"Home"},{"id":"custom_description","enabled":true,"description_visibility":{"desktop":true,"tablet":true,"mobile":false}},{"id":"custom_meta","enabled":false,"meta_elements":[{"id":"author","enabled":true,"label":"By","has_author_avatar":"yes","avatar_size":25},{"id":"post_date","enabled":true,"label":"On","date_format_source":"default","date_format":"M j, Y"},{"id":"updated_date","enabled":false,"label":"On","date_format_source":"default","date_format":"M j, Y"},{"id":"categories","enabled":false,"label":"In","style":"simple"},{"id":"comments","enabled":true}],"page_meta_elements":{"joined":true,"articles_count":true,"comments":true}},{"id":"breadcrumbs","enabled":false}],"76f4d01deefcea6e36539ad1e0b44d7b":"","hero_alignment1":"CT_CSS_SKIP_RULE","hero_margin":40,"hero_alignment2":"center","hero_vertical_alignment":"center","0949b4a7e32105b1f86c9539ab4f63fe":"","hero_structure":"narrow","8b5cdd064d547fd8f2f567b9e5031f2c":"","page_title_bg_type":"featured_image","custom_hero_background":{"attachment_id":null},"parallax":{"desktop":false,"tablet":false,"mobile":false},"b8535cf0316ce12df016fa4a68ddf005":"","hero_height":"250px","pageTitleFont":{"family":"Default","variation":"Default","size":"30px","line-height":"CT_CSS_SKIP_RULE","letter-spacing":"CT_CSS_SKIP_RULE","text-transform":"CT_CSS_SKIP_RULE","text-decoration":"CT_CSS_SKIP_RULE"},"pageTitleFontColor":{"default":{"color":"CT_CSS_SKIP_RULEDEFAULT"}},"pageMetaFont":{"family":"Default","variation":"n6","size":"12px","line-height":"1.3","letter-spacing":"CT_CSS_SKIP_RULE","text-transform":"uppercase","text-decoration":"CT_CSS_SKIP_RULE"},"pageMetaFontColor":{"default":{"color":"CT_CSS_SKIP_RULEDEFAULT"},"hover":{"color":"CT_CSS_SKIP_RULEDEFAULT"}},"page_meta_button_type_font_colors":{"default":{"color":"CT_CSS_SKIP_RULEDEFAULT"},"hover":{"color":"CT_CSS_SKIP_RULEDEFAULT"}},"page_meta_button_type_background_colors":{"default":{"color":"CT_CSS_SKIP_RULEDEFAULT"},"hover":{"color":"CT_CSS_SKIP_RULEDEFAULT"}},"pageExcerptFont":{"family":"Default","variation":"Default","size":"CT_CSS_SKIP_RULE","line-height":"CT_CSS_SKIP_RULE","letter-spacing":"CT_CSS_SKIP_RULE","text-transform":"CT_CSS_SKIP_RULE","text-decoration":"CT_CSS_SKIP_RULE"},"pageExcerptColor":{"default":{"color":"CT_CSS_SKIP_RULEDEFAULT"}},"breadcrumbsFont":{"family":"Default","variation":"Default","size":"CT_CSS_SKIP_RULE","line-height":"CT_CSS_SKIP_RULE","letter-spacing":"CT_CSS_SKIP_RULE","text-transform":"CT_CSS_SKIP_RULE","text-decoration":"CT_CSS_SKIP_RULE"},"breadcrumbsFontColor":{"default":{"color":"CT_CSS_SKIP_RULEDEFAULT"},"initial":{"color":"CT_CSS_SKIP_RULEDEFAULT"},"hover":{"color":"CT_CSS_SKIP_RULEDEFAULT"}},"pageTitleOverlay":{"background_type":"color","background_pattern":"type-1","background_image":{"attachment_id":null,"x":0,"y":0},"gradient":"linear-gradient(135deg,rgba(6,147,227,1) 0%,rgb(155,81,224) 100%)","background_repeat":"repeat","background_size":"auto","background_attachment":"scroll","patternColor":{"default":{"color":"#e5e7ea"}},"overlayColor":{"default":{"color":"CT_CSS_SKIP_RULE"}},"backgroundColor":{"default":{"color":"CT_CSS_SKIP_RULE"}}},"pageTitleBackground":{"background_type":"color","background_pattern":"type-1","background_image":{"attachment_id":null,"x":0,"y":0},"gradient":"linear-gradient(135deg,rgba(6,147,227,1) 0%,rgb(155,81,224) 100%)","background_repeat":"repeat","background_size":"auto","background_attachment":"scroll","patternColor":{"default":{"color":"#e5e7ea"}},"overlayColor":{"default":{"color":"CT_CSS_SKIP_RULE"}},"backgroundColor":{"default":{"color":"var(--theme-palette-color-6)"}}},"pageTitlePadding":{"top":"50px","bottom":"50px","left":"auto","right":"auto","linked":true},"eba25506a86953c395b61aeb80c3ca2d":"","page_structure_type":"default","653fd0425713646e5318053e5570eeb1":"","content_style_source":"inherit","content_style":"wide","vertical_spacing_source":"custom","content_area_spacing":"none","background":{"background_type":"color","background_pattern":"type-1","background_image":{"attachment_id":null,"x":0,"y":0},"gradient":"linear-gradient(135deg,rgba(6,147,227,1) 0%,rgb(155,81,224) 100%)","background_repeat":"repeat","background_size":"auto","background_attachment":"scroll","patternColor":{"default":{"color":"#e5e7ea"}},"overlayColor":{"default":{"color":"CT_CSS_SKIP_RULE"}},"backgroundColor":{"default":{"color":"CT_CSS_SKIP_RULE"}}},"content_background":{"background_type":"color","background_pattern":"type-1","background_image":{"attachment_id":null,"x":0,"y":0},"gradient":"linear-gradient(135deg,rgba(6,147,227,1) 0%,rgb(155,81,224) 100%)","background_repeat":"repeat","background_size":"auto","background_attachment":"scroll","patternColor":{"default":{"color":"#e5e7ea"}},"overlayColor":{"default":{"color":"CT_CSS_SKIP_RULE"}},"backgroundColor":{"default":{"color":"var(--theme-palette-color-8)"}}},"content_boxed_shadow":{"inherit":false,"blur":18,"spread":-6,"v_offset":12,"h_offset":0,"inset":false,"enable":true,"color":{"color":"rgba(34, 56, 101, 0.04)"}},"boxed_content_spacing":{"desktop":{"top":"40px","bottom":"40px","left":"40px","right":"40px","linked":true},"tablet":{"top":"35px","bottom":"35px","left":"35px","right":"35px","linked":true},"mobile":{"top":"20px","bottom":"20px","left":"20px","right":"20px","linked":true}},"content_boxed_radius":{"top":"3px","bottom":"3px","left":"3px","right":"3px","linked":true},"7992791a59a9cb710c125115fbd410b3":"","disable_featured_image":"no","disable_share_box":"no","disable_header":"no","disable_footer":"no","styles_descriptor":{"styles":{"desktop":"","tablet":"","mobile":""},"google_fonts":[],"version":6}},"featured_image_urls":{"full":"","thumbnail":"","medium":"","medium_large":"","large":"","1536x1536":"","2048x2048":"","trp-custom-language-flag":""},"post_excerpt_stackable":"<p>Facebook gibi Instagram da \u015fu anda sosyal medya orman\u0131n\u0131n ayr\u0131lmaz bir par\u00e7as\u0131. Instagram&#8217;\u0131n d\u00fcnyan\u0131n her yerinden ayda yakla\u015f\u0131k 2 milyar aktif kullan\u0131c\u0131s\u0131 var. 200 milyondan fazla \u015firket, markalar\u0131n\u0131, \u00fcr\u00fcnlerini veya hizmetlerini sosyal medya platformunda i\u015f profilleri ad\u0131 verilen platformlarda sunuyor. Herkes en az bir firmay\u0131 takip ediyor ve al\u0131\u015fveri\u015f fonksiyonu giderek \u00f6nem kazan\u0131yor. G\u00f6r\u00fcnt\u00fc ve video platformunun \u00f6nemi inkar edilemez. \u0130nsanlar aras\u0131ndaki ba\u011flant\u0131ya, ger\u00e7ekten iyi i\u00e7eri\u011fe ve do\u011fru yerle\u015fime inan\u0131yoruz. B\u00f6ylece i\u00e7erik ger\u00e7ekten alakal\u0131 olanlara ula\u015f\u0131r. Slogan\u0131m\u0131z \u015fudur: Medya b\u00fct\u00e7esinin s\u00fcrd\u00fcr\u00fclebilir kullan\u0131m\u0131 olmadan i\u00e7erik stratejisi olmaz. Benzersiz i\u00e7eri\u011finizi ilhama a\u00e7 hedef kitlenizin haber ve hikaye ak\u0131\u015f\u0131na yerle\u015ftirin ve Instagram Reklamlar\u0131&hellip;<\/p>\n","category_list":"","author_info":{"name":"ng\u00e0y l\u1ec5","url":"https:\/\/bayramdokmeci.com\/vi\/author\/bayram\/"},"comments_num":"0 comments","_links":{"self":[{"href":"https:\/\/bayramdokmeci.com\/vi\/wp-json\/wp\/v2\/pages\/842","targetHints":{"allow":["GET"]}}],"collection":[{"href":"https:\/\/bayramdokmeci.com\/vi\/wp-json\/wp\/v2\/pages"}],"about":[{"href":"https:\/\/bayramdokmeci.com\/vi\/wp-json\/wp\/v2\/types\/page"}],"author":[{"embeddable":true,"href":"https:\/\/bayramdokmeci.com\/vi\/wp-json\/wp\/v2\/users\/1"}],"replies":[{"embeddable":true,"href":"https:\/\/bayramdokmeci.com\/vi\/wp-json\/wp\/v2\/comments?post=842"}],"version-history":[{"count":2,"href":"https:\/\/bayramdokmeci.com\/vi\/wp-json\/wp\/v2\/pages\/842\/revisions"}],"predecessor-version":[{"id":1017,"href":"https:\/\/bayramdokmeci.com\/vi\/wp-json\/wp\/v2\/pages\/842\/revisions\/1017"}],"wp:attachment":[{"href":"https:\/\/bayramdokmeci.com\/vi\/wp-json\/wp\/v2\/media?parent=842"}],"curies":[{"name":"wp","href":"https:\/\/api.w.org\/{rel}","templated":true}]}}