{"id":812,"date":"2024-02-09T07:52:51","date_gmt":"2024-02-09T07:52:51","guid":{"rendered":"https:\/\/bayramdokmeci.com\/?page_id=812"},"modified":"2026-02-17T12:59:12","modified_gmt":"2026-02-17T12:59:12","slug":"arama-motoru-pazarlama","status":"publish","type":"page","link":"https:\/\/bayramdokmeci.com\/vi\/arama-motoru-pazarlama\/","title":{"rendered":"Ti\u1ebfp th\u1ecb c\u00f4ng c\u1ee5 t\u00ecm ki\u1ebfm"},"content":{"rendered":"<div class=\"wp-block-columns is-layout-flex wp-container-core-columns-is-layout-28f84493 wp-block-columns-is-layout-flex\">\n<div class=\"wp-block-column is-layout-flow wp-block-column-is-layout-flow\" style=\"flex-basis:100%\">\n<div class=\"wp-block-stackable-image stk-block-image stk-block stk-582b4d7\" data-block-id=\"582b4d7\"><figure><span class=\"stk-img-wrapper stk-image--shape-stretch\"><img loading=\"lazy\" decoding=\"async\" class=\"stk-img wp-image-833\" src=\"https:\/\/cdn.bayramdokmeci.com\/2024\/02\/Google-Ads.jpg\" width=\"1542\" height=\"1044\" srcset=\"https:\/\/cdn.bayramdokmeci.com\/2024\/02\/Google-Ads.jpg 1542w, https:\/\/cdn.bayramdokmeci.com\/2024\/02\/Google-Ads-300x203.jpg 300w, https:\/\/cdn.bayramdokmeci.com\/2024\/02\/Google-Ads-1024x693.jpg 1024w, https:\/\/cdn.bayramdokmeci.com\/2024\/02\/Google-Ads-768x520.jpg 768w, https:\/\/cdn.bayramdokmeci.com\/2024\/02\/Google-Ads-1536x1040.jpg 1536w\" sizes=\"auto, (max-width: 1542px) 100vw, 1542px\" \/><\/span><\/figure><\/div>\n<\/div>\n<\/div>\n\n\n\n<p>Qu\u1ea3ng c\u00e1o tr\u00ean c\u00f4ng c\u1ee5 t\u00ecm ki\u1ebfm (SEA), c\u00f9ng v\u1edbi t\u1ed1i \u01b0u h\u00f3a c\u00f4ng c\u1ee5 t\u00ecm ki\u1ebfm (SEO), l\u00e0 m\u1ed9t trong hai c\u00f4ng c\u1ee5 quan tr\u1ecdng nh\u1ea5t trong ti\u1ebfp th\u1ecb tr\u1ef1c tuy\u1ebfn.<\/p>\n\n\n\n<p>\u0110\u1ec3 \u0111\u1ea3m b\u1ea3o trang web c\u1ee7a b\u1ea1n kh\u00f4ng gi\u1ed1ng nh\u01b0 m\u00f2 kim \u0111\u00e1y b\u1ec3, ti\u1ebfp th\u1ecb tr\u1ef1c tuy\u1ebfn \u0111\u00f2i h\u1ecfi ph\u1ea3i s\u1eed d\u1ee5ng \u0111\u00fang t\u1eeb kh\u00f3a v\u00e0o \u0111\u00fang th\u1eddi \u0111i\u1ec3m. Trong ti\u1ebfp th\u1ecb c\u00f4ng c\u1ee5 t\u00ecm ki\u1ebfm, ch\u00eca kh\u00f3a th\u01b0\u1eddng n\u1eb1m \u1edf nh\u1eefng chi ti\u1ebft nh\u1ecf.<\/p>\n\n\n\n<p>B\u1ea1n c\u00f3 th\u1ec3 t\u1ea1o chi\u1ebfn d\u1ecbch Google Ads ho\u1eb7c Microsoft Ads (tr\u01b0\u1edbc \u0111\u00e2y l\u00e0 Bing) m\u1ed9t c\u00e1ch nhanh ch\u00f3ng, nh\u01b0ng c\u1ea7n ch\u00fa \u00fd \u0111\u1ebfn nh\u1eefng r\u1ee7i ro c\u1ee7a SEA (Search Engine AdWords) v\u00e0 c\u00e1ch t\u1ed1i \u01b0u h\u00f3a n\u00f3. \u00cdt h\u01a1n l\u00e0 nhi\u1ec1u h\u01a1n; ch\u1ea5t l\u01b0\u1ee3ng quan tr\u1ecdng h\u01a1n s\u1ed1 l\u01b0\u1ee3ng. B\u1ea1n mu\u1ed1n c\u1ea3i thi\u1ec7n th\u1ee9 h\u1ea1ng t\u00ecm ki\u1ebfm v\u00e0 \u0111\u1ea1t v\u1ecb tr\u00ed h\u00e0ng \u0111\u1ea7u trong c\u00e1c nh\u00f3m \u0111\u1ed1i t\u01b0\u1ee3ng m\u1ee5c ti\u00eau ph\u00f9 h\u1ee3p? Ch\u00fang t\u00f4i r\u1ea5t s\u1eb5n l\u00f2ng gi\u00fap b\u1ea1n ph\u00e1t tri\u1ec3n v\u00e0 tri\u1ec3n khai chi\u1ebfn d\u1ecbch SEA; t\u1ea5t c\u1ea3 nh\u1eefng g\u00ec b\u1ea1n c\u1ea7n l\u00e0m l\u00e0 li\u00ean h\u1ec7 v\u1edbi ch\u00fang t\u00f4i.<\/p>\n\n\n\n<p>Ti\u1ebfp th\u1ecb Google Ads l\u00e0 m\u1ed9t l\u0129nh v\u1ef1c v\u00f4 c\u00f9ng ph\u1ee9c t\u1ea1p, n\u1ebfu s\u1eed d\u1ee5ng sai c\u00e1ch c\u00f3 th\u1ec3 t\u1ea1o ra nhi\u1ec1u chi ph\u00ed h\u01a1n l\u00e0 doanh thu. Tuy nhi\u00ean, b\u00ean c\u1ea1nh th\u1ee9 h\u1ea1ng t\u00ecm ki\u1ebfm t\u1ef1 nhi\u00ean, qu\u1ea3ng c\u00e1o tr\u00ean c\u00f4ng c\u1ee5 t\u00ecm ki\u1ebfm (th\u00f4ng qua t\u1ed1i \u01b0u h\u00f3a c\u00f4ng c\u1ee5 t\u00ecm ki\u1ebfm) c\u0169ng l\u00e0 m\u1ed9t c\u00e1ch \u0111\u1ec3 thu h\u00fat kh\u00e1ch truy c\u1eadp ch\u1ea5t l\u01b0\u1ee3ng \u0111\u1ebfn trang web c\u1ee7a b\u1ea1n.<\/p>\n\n\n\n<p>Ch\u00fang t\u00f4i t\u01b0 v\u1ea5n cho b\u1ea1n v\u1ec1 vi\u1ec7c s\u1eed d\u1ee5ng Google Ads v\u00e0 h\u1ee3p t\u00e1c v\u1edbi b\u1ea1n \u0111\u1ec3 ph\u00e1t tri\u1ec3n c\u00e1c chi\u1ebfn l\u01b0\u1ee3c ti\u1ebfp th\u1ecb c\u00f4ng c\u1ee5 t\u00ecm ki\u1ebfm nh\u1eb1m gi\u00fap c\u00f4ng ty b\u1ea1n \u0111\u1ea1t \u0111\u01b0\u1ee3c m\u1ee5c ti\u00eau v\u1edbi Google Ads. B\u1eb1ng c\u00e1ch s\u1eed d\u1ee5ng t\u00ednh n\u0103ng theo d\u00f5i chuy\u1ec3n \u0111\u1ed5i c\u1ee7a Google Ads v\u00e0 Google Analytics, ch\u00fang t\u00f4i c\u00f3 th\u1ec3 x\u00e1c \u0111\u1ecbnh ch\u00ednh x\u00e1c nh\u1eefng chi\u1ebfn d\u1ecbch, nh\u00f3m m\u1ee5c ti\u00eau, v\u0103n b\u1ea3n qu\u1ea3ng c\u00e1o v\u00e0 t\u1eeb kh\u00f3a n\u00e0o mang l\u1ea1i l\u1ee3i nhu\u1eadn. V\u1edbi Google Ads, b\u1ea1n c\u00f3 c\u01a1 h\u1ed9i \u0111\u1eb7t qu\u1ea3ng c\u00e1o \u0111\u01b0\u1ee3c t\u1ed1i \u01b0u h\u00f3a l\u01b0\u1ee3t nh\u1ea5p chu\u1ed9t tr\u00ean M\u1ea1ng t\u00ecm ki\u1ebfm c\u1ee7a Google cho c\u00e1c t\u1eeb kh\u00f3a c\u1ee5 th\u1ec3, t\u1eeb \u0111\u00f3 t\u0103ng l\u01b0u l\u01b0\u1ee3ng truy c\u1eadp v\u00e0o trang web, c\u1eeda h\u00e0ng ho\u1eb7c blog c\u1ee7a b\u1ea1n v\u00e0 c\u00e1c y\u1ebfu t\u1ed1 kh\u00e1c. B\u1ea1n c\u0169ng c\u00f3 th\u1ec3 \u0111\u1eb7t qu\u1ea3ng c\u00e1o (v\u0103n b\u1ea3n\/h\u00ecnh \u1ea3nh) tr\u00ean M\u1ea1ng hi\u1ec3n th\u1ecb c\u1ee7a Google, ti\u1ebfp c\u1eadn g\u1ea7n 90% ng\u01b0\u1eddi d\u00f9ng internet. B\u1eb1ng c\u00e1ch li\u00ean t\u1ee5c ph\u00e2n t\u00edch v\u00e0 t\u1ed1i \u01b0u h\u00f3a c\u00e1c chi\u1ebfn d\u1ecbch Google Ads c\u1ee7a b\u1ea1n theo c\u00e1c m\u1ee5c ti\u00eau \u0111\u00e3 x\u00e1c \u0111\u1ecbnh c\u1ee7a trang web, b\u1ea1n c\u00f3 th\u1ec3 s\u1eed d\u1ee5ng ng\u00e2n s\u00e1ch ti\u1ebfp th\u1ecb c\u1ee7a m\u00ecnh m\u1ed9t c\u00e1ch hi\u1ec7u qu\u1ea3 nh\u1ea5t trong lo\u1ea1i h\u00ecnh ti\u1ebfp th\u1ecb tr\u1ef1c tuy\u1ebfn n\u00e0y.<\/p>\n\n\n\n<p>B\u1ea1n mu\u1ed1n th\u1ef1c hi\u1ec7n qu\u1ea3ng c\u00e1o t\u00ecm ki\u1ebfm chuy\u00ean nghi\u1ec7p v\u00e0 \u0111\u1eb7t qu\u1ea3ng c\u00e1o Google? Ch\u00fang t\u00f4i, C\u00f4ng ty Qu\u1ea3ng c\u00e1o Bayram D\u00f6kmeci, l\u00e0 m\u1ed9t trong nh\u1eefng c\u00f4ng ty t\u01b0 v\u1ea5n c\u1ee7a Th\u1ed5 Nh\u0129 K\u1ef3 \u0111\u1ea1t ch\u1ee9ng nh\u1eadn \u201c\u0110\u1ed1i t\u00e1c cao c\u1ea5p c\u1ee7a Google\u201d v\u00e0 \u201cC\u00f4ng ty chuy\u00ean nghi\u1ec7p \u0111\u01b0\u1ee3c c\u00f4ng nh\u1eadn\u201d c\u1ee7a Microsoft Ads (tr\u01b0\u1edbc \u0111\u00e2y l\u00e0 Bing); ch\u00fang t\u00f4i \u0111\u1ea3m b\u1ea3o n\u0103ng l\u1ef1c v\u00e0 l\u00e0 \u0111\u1ed1i t\u00e1c ho\u00e0n h\u1ea3o cho chi\u1ebfn d\u1ecbch ti\u1ebfp th\u1ecb t\u00ecm ki\u1ebfm c\u1ee7a b\u1ea1n!<\/p>\n\n\n\n<p>GOOGLE PREMIER V\u00c0 \u0110\u1ed0I T\u00c1C QU\u1ea2NG C\u00c1O C\u1ee6A MICROSOFT<br>Bayram Dokmeci<br>\u0110\u1ed1i t\u00e1c cao c\u1ea5p c\u1ee7a Google<br>v\u00e0 l\u00e0 \u0111\u1ed1i t\u00e1c qu\u1ea3ng c\u00e1o c\u1ee7a Microsoft.<\/p>\n\n\n\n<div class=\"wp-block-stackable-image stk-block-image has-text-align-left stk-block stk-4605d12\" data-block-id=\"4605d12\"><style>.stk-4605d12 .stk-img-wrapper{width:30% !important}<\/style><figure><span class=\"stk-img-wrapper stk-image--shape-stretch\"><img loading=\"lazy\" decoding=\"async\" class=\"stk-img wp-image-1013\" src=\"https:\/\/cdn.bayramdokmeci.com\/2024\/02\/PremierPartner-RGB.svg\" width=\"30\" height=\"300\"\/><\/span><\/figure><\/div>","protected":false},"excerpt":{"rendered":"<p>Arama motoru reklamc\u0131l\u0131\u011f\u0131 veya arama motoru reklamc\u0131l\u0131\u011f\u0131 (SEA), arama motoru optimizasyonu (Arama Motoru Optimizasyonu\/SEO) ile birlikte \u00e7evrimi\u00e7i pazarlaman\u0131n en \u00f6nemli iki arac\u0131ndan biridir. Web sitenizi bulman\u0131n samanl\u0131kta i\u011fne aramaya benzememesini sa\u011flamak i\u00e7in internet pazarlamac\u0131l\u0131\u011f\u0131, do\u011fru zamanda do\u011fru anahtar kelimeleri gerektirir. Arama motoru pazarlamac\u0131l\u0131\u011f\u0131nda p\u00fcf nokta genellikle ayr\u0131nt\u0131da gizlidir. Bir Google Ads veya Microsoft Ads (eski [&hellip;]<\/p>\n","protected":false},"author":1,"featured_media":0,"parent":0,"menu_order":0,"comment_status":"closed","ping_status":"closed","template":"","meta":{"footnotes":""},"class_list":["post-812","page","type-page","status-publish","hentry"],"blocksy_meta":{"page_title_panel":"","has_hero_section":"disabled","b5eab4b45fc993c35f414f196001c1b3":"","hero_section":"type-1","hero_elements":[{"id":"custom_title","enabled":true,"heading_tag":"h1","title":"Home"},{"id":"custom_description","enabled":true,"description_visibility":{"desktop":true,"tablet":true,"mobile":false}},{"id":"custom_meta","enabled":false,"meta_elements":[{"id":"author","enabled":true,"label":"By","has_author_avatar":"yes","avatar_size":25},{"id":"post_date","enabled":true,"label":"On","date_format_source":"default","date_format":"M j, Y"},{"id":"updated_date","enabled":false,"label":"On","date_format_source":"default","date_format":"M j, Y"},{"id":"categories","enabled":false,"label":"In","style":"simple"},{"id":"comments","enabled":true}],"page_meta_elements":{"joined":true,"articles_count":true,"comments":true}},{"id":"breadcrumbs","enabled":false}],"76f4d01deefcea6e36539ad1e0b44d7b":"","hero_alignment1":"CT_CSS_SKIP_RULE","hero_margin":40,"hero_alignment2":"center","hero_vertical_alignment":"center","0949b4a7e32105b1f86c9539ab4f63fe":"","hero_structure":"narrow","8b5cdd064d547fd8f2f567b9e5031f2c":"","page_title_bg_type":"featured_image","custom_hero_background":{"attachment_id":null},"parallax":{"desktop":false,"tablet":false,"mobile":false},"b8535cf0316ce12df016fa4a68ddf005":"","hero_height":"250px","pageTitleFont":{"family":"Default","variation":"Default","size":"30px","line-height":"CT_CSS_SKIP_RULE","letter-spacing":"CT_CSS_SKIP_RULE","text-transform":"CT_CSS_SKIP_RULE","text-decoration":"CT_CSS_SKIP_RULE"},"pageTitleFontColor":{"default":{"color":"CT_CSS_SKIP_RULEDEFAULT"}},"pageMetaFont":{"family":"Default","variation":"n6","size":"12px","line-height":"1.3","letter-spacing":"CT_CSS_SKIP_RULE","text-transform":"uppercase","text-decoration":"CT_CSS_SKIP_RULE"},"pageMetaFontColor":{"default":{"color":"CT_CSS_SKIP_RULEDEFAULT"},"hover":{"color":"CT_CSS_SKIP_RULEDEFAULT"}},"page_meta_button_type_font_colors":{"default":{"color":"CT_CSS_SKIP_RULEDEFAULT"},"hover":{"color":"CT_CSS_SKIP_RULEDEFAULT"}},"page_meta_button_type_background_colors":{"default":{"color":"CT_CSS_SKIP_RULEDEFAULT"},"hover":{"color":"CT_CSS_SKIP_RULEDEFAULT"}},"pageExcerptFont":{"family":"Default","variation":"Default","size":"CT_CSS_SKIP_RULE","line-height":"CT_CSS_SKIP_RULE","letter-spacing":"CT_CSS_SKIP_RULE","text-transform":"CT_CSS_SKIP_RULE","text-decoration":"CT_CSS_SKIP_RULE"},"pageExcerptColor":{"default":{"color":"CT_CSS_SKIP_RULEDEFAULT"}},"breadcrumbsFont":{"family":"Default","variation":"Default","size":"CT_CSS_SKIP_RULE","line-height":"CT_CSS_SKIP_RULE","letter-spacing":"CT_CSS_SKIP_RULE","text-transform":"CT_CSS_SKIP_RULE","text-decoration":"CT_CSS_SKIP_RULE"},"breadcrumbsFontColor":{"default":{"color":"CT_CSS_SKIP_RULEDEFAULT"},"initial":{"color":"CT_CSS_SKIP_RULEDEFAULT"},"hover":{"color":"CT_CSS_SKIP_RULEDEFAULT"}},"pageTitleOverlay":{"background_type":"color","background_pattern":"type-1","background_image":{"attachment_id":null,"x":0,"y":0},"gradient":"linear-gradient(135deg,rgba(6,147,227,1) 0%,rgb(155,81,224) 100%)","background_repeat":"repeat","background_size":"auto","background_attachment":"scroll","patternColor":{"default":{"color":"#e5e7ea"}},"overlayColor":{"default":{"color":"CT_CSS_SKIP_RULE"}},"backgroundColor":{"default":{"color":"CT_CSS_SKIP_RULE"}}},"pageTitleBackground":{"background_type":"color","background_pattern":"type-1","background_image":{"attachment_id":null,"x":0,"y":0},"gradient":"linear-gradient(135deg,rgba(6,147,227,1) 0%,rgb(155,81,224) 100%)","background_repeat":"repeat","background_size":"auto","background_attachment":"scroll","patternColor":{"default":{"color":"#e5e7ea"}},"overlayColor":{"default":{"color":"CT_CSS_SKIP_RULE"}},"backgroundColor":{"default":{"color":"var(--theme-palette-color-6)"}}},"pageTitlePadding":{"top":"50px","bottom":"50px","left":"auto","right":"auto","linked":true},"eba25506a86953c395b61aeb80c3ca2d":"","page_structure_type":"default","653fd0425713646e5318053e5570eeb1":"","content_style_source":"inherit","content_style":"wide","vertical_spacing_source":"custom","content_area_spacing":"none","background":{"background_type":"color","background_pattern":"type-1","background_image":{"attachment_id":null,"x":0,"y":0},"gradient":"linear-gradient(135deg,rgba(6,147,227,1) 0%,rgb(155,81,224) 100%)","background_repeat":"repeat","background_size":"auto","background_attachment":"scroll","patternColor":{"default":{"color":"#e5e7ea"}},"overlayColor":{"default":{"color":"CT_CSS_SKIP_RULE"}},"backgroundColor":{"default":{"color":"CT_CSS_SKIP_RULE"}}},"content_background":{"background_type":"color","background_pattern":"type-1","background_image":{"attachment_id":null,"x":0,"y":0},"gradient":"linear-gradient(135deg,rgba(6,147,227,1) 0%,rgb(155,81,224) 100%)","background_repeat":"repeat","background_size":"auto","background_attachment":"scroll","patternColor":{"default":{"color":"#e5e7ea"}},"overlayColor":{"default":{"color":"CT_CSS_SKIP_RULE"}},"backgroundColor":{"default":{"color":"var(--theme-palette-color-8)"}}},"content_boxed_shadow":{"inherit":false,"blur":18,"spread":-6,"v_offset":12,"h_offset":0,"inset":false,"enable":true,"color":{"color":"rgba(34, 56, 101, 0.04)"}},"boxed_content_spacing":{"desktop":{"top":"40px","bottom":"40px","left":"40px","right":"40px","linked":true},"tablet":{"top":"35px","bottom":"35px","left":"35px","right":"35px","linked":true},"mobile":{"top":"20px","bottom":"20px","left":"20px","right":"20px","linked":true}},"content_boxed_radius":{"top":"3px","bottom":"3px","left":"3px","right":"3px","linked":true},"7992791a59a9cb710c125115fbd410b3":"","disable_featured_image":"no","disable_share_box":"no","disable_header":"no","disable_footer":"no","styles_descriptor":{"styles":{"desktop":"","tablet":"","mobile":""},"google_fonts":[],"version":6}},"featured_image_urls":{"full":"","thumbnail":"","medium":"","medium_large":"","large":"","1536x1536":"","2048x2048":"","trp-custom-language-flag":""},"post_excerpt_stackable":"<p>Arama motoru reklamc\u0131l\u0131\u011f\u0131 veya arama motoru reklamc\u0131l\u0131\u011f\u0131 (SEA), arama motoru optimizasyonu (Arama Motoru Optimizasyonu\/SEO) ile birlikte \u00e7evrimi\u00e7i pazarlaman\u0131n en \u00f6nemli iki arac\u0131ndan biridir. Web sitenizi bulman\u0131n samanl\u0131kta i\u011fne aramaya benzememesini sa\u011flamak i\u00e7in internet pazarlamac\u0131l\u0131\u011f\u0131, do\u011fru zamanda do\u011fru anahtar kelimeleri gerektirir. Arama motoru pazarlamac\u0131l\u0131\u011f\u0131nda p\u00fcf nokta genellikle ayr\u0131nt\u0131da gizlidir. Bir Google Ads veya Microsoft Ads (eski ad\u0131yla Bing) kampanyas\u0131 h\u0131zl\u0131 bir \u015fekilde olu\u015fturulabilir ancak SEA\u2019n\u0131n tehlikeleri ve iyi optmize oldu\u011funa dikkat edilmelidir. Daha az\u0131 daha fazlad\u0131r, kalite niceli\u011fin \u00f6n\u00fcne ge\u00e7er. \u0130lgili hedef gruplar aras\u0131nda arama motoru s\u0131ralamalar\u0131nda yerinizi artt\u0131rmak ve \u00fcst s\u0131ralarda yer almak ister misiniz? O zaman bir SEA kampanyas\u0131&hellip;<\/p>\n","category_list":"","author_info":{"name":"ng\u00e0y l\u1ec5","url":"https:\/\/bayramdokmeci.com\/vi\/author\/bayram\/"},"comments_num":"0 comments","_links":{"self":[{"href":"https:\/\/bayramdokmeci.com\/vi\/wp-json\/wp\/v2\/pages\/812","targetHints":{"allow":["GET"]}}],"collection":[{"href":"https:\/\/bayramdokmeci.com\/vi\/wp-json\/wp\/v2\/pages"}],"about":[{"href":"https:\/\/bayramdokmeci.com\/vi\/wp-json\/wp\/v2\/types\/page"}],"author":[{"embeddable":true,"href":"https:\/\/bayramdokmeci.com\/vi\/wp-json\/wp\/v2\/users\/1"}],"replies":[{"embeddable":true,"href":"https:\/\/bayramdokmeci.com\/vi\/wp-json\/wp\/v2\/comments?post=812"}],"version-history":[{"count":12,"href":"https:\/\/bayramdokmeci.com\/vi\/wp-json\/wp\/v2\/pages\/812\/revisions"}],"predecessor-version":[{"id":1016,"href":"https:\/\/bayramdokmeci.com\/vi\/wp-json\/wp\/v2\/pages\/812\/revisions\/1016"}],"wp:attachment":[{"href":"https:\/\/bayramdokmeci.com\/vi\/wp-json\/wp\/v2\/media?parent=812"}],"curies":[{"name":"wp","href":"https:\/\/api.w.org\/{rel}","templated":true}]}}