{"id":842,"date":"2024-02-09T11:43:53","date_gmt":"2024-02-09T11:43:53","guid":{"rendered":"https:\/\/bayramdokmeci.com\/?page_id=842"},"modified":"2026-02-17T12:58:37","modified_gmt":"2026-02-17T12:58:37","slug":"instagram-pazarlama","status":"publish","type":"page","link":"https:\/\/bayramdokmeci.com\/ru\/instagram-pazarlama\/","title":{"rendered":"\u041c\u0430\u0440\u043a\u0435\u0442\u0438\u043d\u0433 \u0432 Instagram"},"content":{"rendered":"<div class=\"wp-block-columns is-layout-flex wp-container-core-columns-is-layout-28f84493 wp-block-columns-is-layout-flex\">\n<div class=\"wp-block-column is-layout-flow wp-block-column-is-layout-flow\" style=\"flex-basis:100%\">\n<div class=\"wp-block-stackable-image stk-block-image stk-block stk-582b4d7\" data-block-id=\"582b4d7\"><figure><span class=\"stk-img-wrapper stk-image--shape-stretch\"><img loading=\"lazy\" decoding=\"async\" class=\"stk-img wp-image-843\" src=\"https:\/\/cdn.bayramdokmeci.com\/2024\/02\/instagram-marketing.jpg\" width=\"1182\" height=\"634\" srcset=\"https:\/\/cdn.bayramdokmeci.com\/2024\/02\/instagram-marketing.jpg 1182w, https:\/\/cdn.bayramdokmeci.com\/2024\/02\/instagram-marketing-300x161.jpg 300w, https:\/\/cdn.bayramdokmeci.com\/2024\/02\/instagram-marketing-1024x549.jpg 1024w, https:\/\/cdn.bayramdokmeci.com\/2024\/02\/instagram-marketing-768x412.jpg 768w\" sizes=\"auto, (max-width: 1182px) 100vw, 1182px\" \/><\/span><\/figure><\/div>\n<\/div>\n<\/div>\n\n\n\n<p>\u041a\u0430\u043a \u0438 Facebook, Instagram \u0432 \u043d\u0430\u0441\u0442\u043e\u044f\u0449\u0435\u0435 \u0432\u0440\u0435\u043c\u044f \u044f\u0432\u043b\u044f\u0435\u0442\u0441\u044f \u043d\u0435\u043e\u0442\u044a\u0435\u043c\u043b\u0435\u043c\u043e\u0439 \u0447\u0430\u0441\u0442\u044c\u044e \u0434\u0436\u0443\u043d\u0433\u043b\u0435\u0439 \u0441\u043e\u0446\u0438\u0430\u043b\u044c\u043d\u044b\u0445 \u0441\u0435\u0442\u0435\u0439. \u0423 Instagram \u043e\u043a\u043e\u043b\u043e 2 \u043c\u0438\u043b\u043b\u0438\u0430\u0440\u0434\u043e\u0432 \u0430\u043a\u0442\u0438\u0432\u043d\u044b\u0445 \u043f\u043e\u043b\u044c\u0437\u043e\u0432\u0430\u0442\u0435\u043b\u0435\u0439 \u0432 \u043c\u0435\u0441\u044f\u0446 \u0441\u043e \u0432\u0441\u0435\u0433\u043e \u043c\u0438\u0440\u0430. \u0411\u043e\u043b\u0435\u0435 200 \u043c\u0438\u043b\u043b\u0438\u043e\u043d\u043e\u0432 \u043a\u043e\u043c\u043f\u0430\u043d\u0438\u0439 \u043f\u0440\u0435\u0434\u043b\u0430\u0433\u0430\u044e\u0442 \u0441\u0432\u043e\u0438 \u0431\u0440\u0435\u043d\u0434\u044b, \u043f\u0440\u043e\u0434\u0443\u043a\u0442\u044b \u0438\u043b\u0438 \u0443\u0441\u043b\u0443\u0433\u0438 \u0432 \u0441\u043e\u0446\u0438\u0430\u043b\u044c\u043d\u044b\u0445 \u0441\u0435\u0442\u044f\u0445 \u043d\u0430 \u043f\u043b\u0430\u0442\u0444\u043e\u0440\u043c\u0430\u0445, \u043d\u0430\u0437\u044b\u0432\u0430\u0435\u043c\u044b\u0445 \u0431\u0438\u0437\u043d\u0435\u0441-\u043f\u0440\u043e\u0444\u0438\u043b\u044f\u043c\u0438. \u041a\u0430\u0436\u0434\u044b\u0439 \u0441\u043b\u0435\u0434\u0438\u0442 \u0445\u043e\u0442\u044f \u0431\u044b \u0437\u0430 \u043e\u0434\u043d\u043e\u0439 \u0444\u0438\u0440\u043c\u043e\u0439, \u0438 \u0444\u0443\u043d\u043a\u0446\u0438\u044f \u043f\u043e\u043a\u0443\u043f\u043e\u043a \u0441\u0442\u0430\u043d\u043e\u0432\u0438\u0442\u0441\u044f \u0432\u0441\u0435 \u0431\u043e\u043b\u0435\u0435 \u0432\u0430\u0436\u043d\u043e\u0439. \u0412\u0430\u0436\u043d\u043e\u0441\u0442\u044c \u0438\u043c\u0438\u0434\u0436\u0435\u0432\u043e\u0439 \u0438 \u0432\u0438\u0434\u0435\u043e\u043f\u043b\u0430\u0442\u0444\u043e\u0440\u043c\u044b \u043d\u0435\u043e\u0441\u043f\u043e\u0440\u0438\u043c\u0430. <\/p>\n\n\n\n<p>\u041c\u044b \u0432\u0435\u0440\u0438\u043c \u0432 \u0441\u0432\u044f\u0437\u044c \u043c\u0435\u0436\u0434\u0443 \u043b\u044e\u0434\u044c\u043c\u0438, \u0434\u0435\u0439\u0441\u0442\u0432\u0438\u0442\u0435\u043b\u044c\u043d\u043e \u0445\u043e\u0440\u043e\u0448\u0438\u0439 \u043a\u043e\u043d\u0442\u0435\u043d\u0442 \u0438 \u043f\u0440\u0430\u0432\u0438\u043b\u044c\u043d\u043e\u0435 \u0440\u0430\u0437\u043c\u0435\u0449\u0435\u043d\u0438\u0435. \u0422\u0430\u043a\u0438\u043c \u043e\u0431\u0440\u0430\u0437\u043e\u043c, \u043a\u043e\u043d\u0442\u0435\u043d\u0442 \u0434\u043e\u0441\u0442\u0438\u0433\u0430\u0435\u0442 \u0442\u043e\u0433\u043e, \u0447\u0442\u043e \u0434\u0435\u0439\u0441\u0442\u0432\u0438\u0442\u0435\u043b\u044c\u043d\u043e \u0430\u043a\u0442\u0443\u0430\u043b\u044c\u043d\u043e.<\/p>\n\n\n\n<p>\u041d\u0430\u0448 \u0434\u0435\u0432\u0438\u0437 \u0442\u0430\u043a\u043e\u0432: \u0431\u0435\u0437 \u0443\u0441\u0442\u043e\u0439\u0447\u0438\u0432\u043e\u0433\u043e \u0438\u0441\u043f\u043e\u043b\u044c\u0437\u043e\u0432\u0430\u043d\u0438\u044f \u043c\u0435\u0434\u0438\u0430-\u0431\u044e\u0434\u0436\u0435\u0442\u0430 \u043d\u0435 \u0431\u0443\u0434\u0435\u0442 \u043a\u043e\u043d\u0442\u0435\u043d\u0442-\u0441\u0442\u0440\u0430\u0442\u0435\u0433\u0438\u0438. \u0420\u0430\u0437\u043c\u0435\u0441\u0442\u0438\u0442\u0435 \u0441\u0432\u043e\u0439 \u0443\u043d\u0438\u043a\u0430\u043b\u044c\u043d\u044b\u0439 \u043a\u043e\u043d\u0442\u0435\u043d\u0442 \u0432 \u043b\u0435\u043d\u0442\u0435 \u043d\u043e\u0432\u043e\u0441\u0442\u0435\u0439 \u0438 \u0438\u0441\u0442\u043e\u0440\u0438\u0439 \u0441\u0432\u043e\u0435\u0439 \u0436\u0430\u0436\u0434\u0443\u0449\u0435\u0439 \u0432\u0434\u043e\u0445\u043d\u043e\u0432\u0435\u043d\u0438\u044f \u0446\u0435\u043b\u0435\u0432\u043e\u0439 \u0430\u0443\u0434\u0438\u0442\u043e\u0440\u0438\u0438 \u0438 \u043f\u043e\u0432\u044b\u0441\u044c\u0442\u0435 \u0443\u0437\u043d\u0430\u0432\u0430\u0435\u043c\u043e\u0441\u0442\u044c \u0441\u0432\u043e\u0435\u0433\u043e \u0431\u0440\u0435\u043d\u0434\u0430 \u0438\u043b\u0438 \u043a\u043e\u043c\u043f\u0430\u043d\u0438\u0438 \u0441 \u043f\u043e\u043c\u043e\u0449\u044c\u044e \u0440\u0435\u043a\u043b\u0430\u043c\u044b \u0432 Instagram. \u041f\u043e\u043a\u0430\u0436\u0438\u0442\u0435 \u0441\u043e\u043e\u0431\u0449\u0435\u0441\u0442\u0432\u0443, \u043d\u0430\u0441\u043a\u043e\u043b\u044c\u043a\u043e \u0445\u043e\u0440\u043e\u0448 \u043a\u043e\u043d\u0442\u0435\u043d\u0442, \u0443\u0432\u0435\u043b\u0438\u0447\u044c\u0442\u0435 \u043a\u043e\u043b\u0438\u0447\u0435\u0441\u0442\u0432\u043e \u043f\u043e\u0441\u0435\u0449\u0435\u043d\u0438\u0439, \u043f\u0440\u043e\u0434\u0430\u0436 \u0438 \u043a\u043e\u043d\u0432\u0435\u0440\u0441\u0438\u0439 \u043d\u0430 \u0432\u0430\u0448\u0435\u043c \u0432\u0435\u0431-\u0441\u0430\u0439\u0442\u0435. \u0423\u0431\u0435\u0434\u0438\u0442\u0435\u0441\u044c, \u0447\u0442\u043e \u0432\u0430\u0448\u0430 \u0446\u0435\u043b\u0435\u0432\u0430\u044f \u0433\u0440\u0443\u043f\u043f\u0430 \u0437\u043d\u0430\u0435\u0442 \u043e \u0432\u0430\u0448\u0435\u043c \u043f\u0440\u043e\u0444\u0438\u043b\u0435 \u0432 Instagram. \u0418\u0433\u0440\u0430\u0439\u0442\u0435 \u0441\u043e \u0441\u0432\u043e\u0438\u043c\u0438 \u0432\u0438\u0434\u0435\u043e \u0432 Instagram Stories \u0438 Instagram Reels. \u041f\u043e\u043c\u0438\u043c\u043e \u043a\u0440\u0435\u0430\u0442\u0438\u0432\u043d\u043e\u0433\u043e \u0434\u0438\u0437\u0430\u0439\u043d\u0430, \u0440\u0435\u043a\u043b\u0430\u043c\u0430 (\u0440\u0435\u043a\u043b\u0430\u043c\u0430) \u0432 Instagram \u0442\u0430\u043a\u0436\u0435 \u0442\u0440\u0435\u0431\u0443\u0435\u0442 \u043f\u043e\u0441\u0442\u043e\u044f\u043d\u043d\u043e\u0433\u043e \u043e\u0442\u0441\u043b\u0435\u0436\u0438\u0432\u0430\u043d\u0438\u044f \u0438 \u043f\u043e\u0441\u0442\u043e\u044f\u043d\u043d\u043e\u0439 \u043e\u043f\u0442\u0438\u043c\u0438\u0437\u0430\u0446\u0438\u0438, \u0447\u0442\u043e\u0431\u044b \u043f\u043e\u0434\u0434\u0435\u0440\u0436\u0438\u0432\u0430\u0442\u044c \u0438\u043d\u0442\u0435\u0440\u0435\u0441 \u0438 \u0431\u044b\u0442\u044c \u044d\u0444\u0444\u0435\u043a\u0442\u0438\u0432\u043d\u044b\u043c\u0438 \u0434\u043b\u044f \u043e\u0447\u0435\u043d\u044c \u0442\u0440\u0435\u0431\u043e\u0432\u0430\u0442\u0435\u043b\u044c\u043d\u044b\u0445 \u043f\u043e\u043b\u044c\u0437\u043e\u0432\u0430\u0442\u0435\u043b\u0435\u0439 \u0441 \u0432\u0438\u0437\u0443\u0430\u043b\u044c\u043d\u043e\u0439 \u0442\u043e\u0447\u043a\u0438 \u0437\u0440\u0435\u043d\u0438\u044f.<\/p>\n\n\n\n<p>\u041a\u0430\u043a \u043c\u043d\u0435 \u043f\u043e\u043f\u0430\u0441\u0442\u044c \u0432 \u0441\u0432\u043e\u044e \u0446\u0435\u043b\u0435\u0432\u0443\u044e \u0433\u0440\u0443\u043f\u043f\u0443 \u0432 Instagram? \u041a\u0430\u043a\u043e\u0439 \u043a\u043e\u043d\u0442\u0435\u043d\u0442 \u044f \u043c\u043e\u0433\u0443 \u0438\u0441\u043f\u043e\u043b\u044c\u0437\u043e\u0432\u0430\u0442\u044c, \u0447\u0442\u043e\u0431\u044b \u043f\u0440\u0438\u0432\u043b\u0435\u0447\u044c \u043a\u043e \u043c\u043d\u0435 \u0432\u043d\u0438\u043c\u0430\u043d\u0438\u0435? \u041b\u0443\u0447\u0448\u0435 \u043b\u0438 \u043c\u043d\u0435 \u0438\u0441\u043f\u043e\u043b\u044c\u0437\u043e\u0432\u0430\u0442\u044c \u043f\u043e\u0441\u0442\u044b, \u0438\u0441\u0442\u043e\u0440\u0438\u0438 \u0438\u043b\u0438 \u0440\u043e\u043b\u0438\u043a\u0438? \u041a\u0430\u043a \u0440\u0430\u0431\u043e\u0442\u0430\u0435\u0442 \u0448\u043e\u043f\u043f\u0438\u043d\u0433 \u0432 Instagram? \u041a\u0430\u043a \u043c\u043d\u0435 \u043f\u0440\u0438\u0432\u043b\u0435\u0447\u044c \u0432\u043d\u0438\u043c\u0430\u043d\u0438\u0435 \u0432\u043b\u0438\u044f\u0442\u0435\u043b\u044c\u043d\u044b\u0445 \u043b\u0438\u0446? \u041a\u0430\u043a\u0438\u0435 \u0445\u044d\u0448\u0442\u0435\u0433\u0438 \u044f \u0438\u0441\u043f\u043e\u043b\u044c\u0437\u0443\u044e?<\/p>\n\n\n\n<p>\u041d\u0430\u0448\u0430 \u0446\u0435\u043b\u044c - \u0445\u043e\u0440\u043e\u0448\u043e \u043f\u0440\u043e\u0434\u0443\u043c\u0430\u043d\u043d\u044b\u0435 \u043a\u043e\u043d\u0442\u0435\u043d\u0442-\u0441\u0442\u0440\u0430\u0442\u0435\u0433\u0438\u0438 \u0438 \u0440\u0435\u043a\u043b\u0430\u043c\u043d\u044b\u0435 \u043a\u0430\u043c\u043f\u0430\u043d\u0438\u0438, \u0432 \u043a\u043e\u0442\u043e\u0440\u044b\u0445 \u043c\u044b \u043f\u043e\u043c\u0435\u0449\u0430\u0435\u043c \u0431\u0440\u0435\u043d\u0434\u044b \u0438 \u043a\u043e\u043c\u043f\u0430\u043d\u0438\u0438 \u0432 \u0441\u0440\u0435\u0434\u0443, \u0438\u043c\u0435\u044e\u0449\u0443\u044e \u0432\u044b\u0441\u043e\u043a\u0443\u044e \u0430\u043a\u0442\u0443\u0430\u043b\u044c\u043d\u043e\u0441\u0442\u044c.<\/p>\n\n\n\n<p>\u041c\u0415\u0422\u0410-\u041f\u0410\u0420\u0422\u041d\u0415\u0420<br>\u041d\u0430\u0448\u0430 \u043a\u043e\u043c\u0430\u043d\u0434\u0430 \u0441\u043e\u0441\u0442\u043e\u0438\u0442 \u0438\u0437 \u044d\u043a\u0441\u043f\u0435\u0440\u0442\u043e\u0432, \u0441\u0435\u0440\u0442\u0438\u0444\u0438\u0446\u0438\u0440\u043e\u0432\u0430\u043d\u043d\u044b\u0445 \u0432 Instagram.<\/p>\n\n\n\n<div class=\"wp-block-stackable-image stk-block-image has-text-align-left stk-block stk-58263fb\" data-block-id=\"58263fb\"><style>.stk-58263fb .stk-img-wrapper{width:30% !important}<\/style><figure><span class=\"stk-img-wrapper stk-image--shape-stretch\"><img loading=\"lazy\" decoding=\"async\" class=\"stk-img wp-image-1011\" src=\"https:\/\/cdn.bayramdokmeci.com\/2024\/02\/meta-bayram.jpg\" width=\"240\" height=\"160\"\/><\/span><\/figure><\/div>","protected":false},"excerpt":{"rendered":"<p>Facebook gibi Instagram da \u015fu anda sosyal medya orman\u0131n\u0131n ayr\u0131lmaz bir par\u00e7as\u0131. Instagram&#8217;\u0131n d\u00fcnyan\u0131n her yerinden ayda yakla\u015f\u0131k 2 milyar aktif kullan\u0131c\u0131s\u0131 var. 200 milyondan fazla \u015firket, markalar\u0131n\u0131, \u00fcr\u00fcnlerini veya hizmetlerini sosyal medya platformunda i\u015f profilleri ad\u0131 verilen platformlarda sunuyor. Herkes en az bir firmay\u0131 takip ediyor ve al\u0131\u015fveri\u015f fonksiyonu giderek \u00f6nem kazan\u0131yor. G\u00f6r\u00fcnt\u00fc ve [&hellip;]<\/p>\n","protected":false},"author":1,"featured_media":0,"parent":0,"menu_order":0,"comment_status":"closed","ping_status":"closed","template":"","meta":{"footnotes":""},"class_list":["post-842","page","type-page","status-publish","hentry"],"blocksy_meta":{"page_title_panel":"","has_hero_section":"disabled","b5eab4b45fc993c35f414f196001c1b3":"","hero_section":"type-1","hero_elements":[{"id":"custom_title","enabled":true,"heading_tag":"h1","title":"Home"},{"id":"custom_description","enabled":true,"description_visibility":{"desktop":true,"tablet":true,"mobile":false}},{"id":"custom_meta","enabled":false,"meta_elements":[{"id":"author","enabled":true,"label":"By","has_author_avatar":"yes","avatar_size":25},{"id":"post_date","enabled":true,"label":"On","date_format_source":"default","date_format":"M j, Y"},{"id":"updated_date","enabled":false,"label":"On","date_format_source":"default","date_format":"M j, Y"},{"id":"categories","enabled":false,"label":"In","style":"simple"},{"id":"comments","enabled":true}],"page_meta_elements":{"joined":true,"articles_count":true,"comments":true}},{"id":"breadcrumbs","enabled":false}],"76f4d01deefcea6e36539ad1e0b44d7b":"","hero_alignment1":"CT_CSS_SKIP_RULE","hero_margin":40,"hero_alignment2":"center","hero_vertical_alignment":"center","0949b4a7e32105b1f86c9539ab4f63fe":"","hero_structure":"narrow","8b5cdd064d547fd8f2f567b9e5031f2c":"","page_title_bg_type":"featured_image","custom_hero_background":{"attachment_id":null},"parallax":{"desktop":false,"tablet":false,"mobile":false},"b8535cf0316ce12df016fa4a68ddf005":"","hero_height":"250px","pageTitleFont":{"family":"Default","variation":"Default","size":"30px","line-height":"CT_CSS_SKIP_RULE","letter-spacing":"CT_CSS_SKIP_RULE","text-transform":"CT_CSS_SKIP_RULE","text-decoration":"CT_CSS_SKIP_RULE"},"pageTitleFontColor":{"default":{"color":"CT_CSS_SKIP_RULEDEFAULT"}},"pageMetaFont":{"family":"Default","variation":"n6","size":"12px","line-height":"1.3","letter-spacing":"CT_CSS_SKIP_RULE","text-transform":"uppercase","text-decoration":"CT_CSS_SKIP_RULE"},"pageMetaFontColor":{"default":{"color":"CT_CSS_SKIP_RULEDEFAULT"},"hover":{"color":"CT_CSS_SKIP_RULEDEFAULT"}},"page_meta_button_type_font_colors":{"default":{"color":"CT_CSS_SKIP_RULEDEFAULT"},"hover":{"color":"CT_CSS_SKIP_RULEDEFAULT"}},"page_meta_button_type_background_colors":{"default":{"color":"CT_CSS_SKIP_RULEDEFAULT"},"hover":{"color":"CT_CSS_SKIP_RULEDEFAULT"}},"pageExcerptFont":{"family":"Default","variation":"Default","size":"CT_CSS_SKIP_RULE","line-height":"CT_CSS_SKIP_RULE","letter-spacing":"CT_CSS_SKIP_RULE","text-transform":"CT_CSS_SKIP_RULE","text-decoration":"CT_CSS_SKIP_RULE"},"pageExcerptColor":{"default":{"color":"CT_CSS_SKIP_RULEDEFAULT"}},"breadcrumbsFont":{"family":"Default","variation":"Default","size":"CT_CSS_SKIP_RULE","line-height":"CT_CSS_SKIP_RULE","letter-spacing":"CT_CSS_SKIP_RULE","text-transform":"CT_CSS_SKIP_RULE","text-decoration":"CT_CSS_SKIP_RULE"},"breadcrumbsFontColor":{"default":{"color":"CT_CSS_SKIP_RULEDEFAULT"},"initial":{"color":"CT_CSS_SKIP_RULEDEFAULT"},"hover":{"color":"CT_CSS_SKIP_RULEDEFAULT"}},"pageTitleOverlay":{"background_type":"color","background_pattern":"type-1","background_image":{"attachment_id":null,"x":0,"y":0},"gradient":"linear-gradient(135deg,rgba(6,147,227,1) 0%,rgb(155,81,224) 100%)","background_repeat":"repeat","background_size":"auto","background_attachment":"scroll","patternColor":{"default":{"color":"#e5e7ea"}},"overlayColor":{"default":{"color":"CT_CSS_SKIP_RULE"}},"backgroundColor":{"default":{"color":"CT_CSS_SKIP_RULE"}}},"pageTitleBackground":{"background_type":"color","background_pattern":"type-1","background_image":{"attachment_id":null,"x":0,"y":0},"gradient":"linear-gradient(135deg,rgba(6,147,227,1) 0%,rgb(155,81,224) 100%)","background_repeat":"repeat","background_size":"auto","background_attachment":"scroll","patternColor":{"default":{"color":"#e5e7ea"}},"overlayColor":{"default":{"color":"CT_CSS_SKIP_RULE"}},"backgroundColor":{"default":{"color":"var(--theme-palette-color-6)"}}},"pageTitlePadding":{"top":"50px","bottom":"50px","left":"auto","right":"auto","linked":true},"eba25506a86953c395b61aeb80c3ca2d":"","page_structure_type":"default","653fd0425713646e5318053e5570eeb1":"","content_style_source":"inherit","content_style":"wide","vertical_spacing_source":"custom","content_area_spacing":"none","background":{"background_type":"color","background_pattern":"type-1","background_image":{"attachment_id":null,"x":0,"y":0},"gradient":"linear-gradient(135deg,rgba(6,147,227,1) 0%,rgb(155,81,224) 100%)","background_repeat":"repeat","background_size":"auto","background_attachment":"scroll","patternColor":{"default":{"color":"#e5e7ea"}},"overlayColor":{"default":{"color":"CT_CSS_SKIP_RULE"}},"backgroundColor":{"default":{"color":"CT_CSS_SKIP_RULE"}}},"content_background":{"background_type":"color","background_pattern":"type-1","background_image":{"attachment_id":null,"x":0,"y":0},"gradient":"linear-gradient(135deg,rgba(6,147,227,1) 0%,rgb(155,81,224) 100%)","background_repeat":"repeat","background_size":"auto","background_attachment":"scroll","patternColor":{"default":{"color":"#e5e7ea"}},"overlayColor":{"default":{"color":"CT_CSS_SKIP_RULE"}},"backgroundColor":{"default":{"color":"var(--theme-palette-color-8)"}}},"content_boxed_shadow":{"inherit":false,"blur":18,"spread":-6,"v_offset":12,"h_offset":0,"inset":false,"enable":true,"color":{"color":"rgba(34, 56, 101, 0.04)"}},"boxed_content_spacing":{"desktop":{"top":"40px","bottom":"40px","left":"40px","right":"40px","linked":true},"tablet":{"top":"35px","bottom":"35px","left":"35px","right":"35px","linked":true},"mobile":{"top":"20px","bottom":"20px","left":"20px","right":"20px","linked":true}},"content_boxed_radius":{"top":"3px","bottom":"3px","left":"3px","right":"3px","linked":true},"7992791a59a9cb710c125115fbd410b3":"","disable_featured_image":"no","disable_share_box":"no","disable_header":"no","disable_footer":"no","styles_descriptor":{"styles":{"desktop":"","tablet":"","mobile":""},"google_fonts":[],"version":6}},"featured_image_urls":{"full":"","thumbnail":"","medium":"","medium_large":"","large":"","1536x1536":"","2048x2048":"","trp-custom-language-flag":""},"post_excerpt_stackable":"<p>Facebook gibi Instagram da \u015fu anda sosyal medya orman\u0131n\u0131n ayr\u0131lmaz bir par\u00e7as\u0131. Instagram&#8217;\u0131n d\u00fcnyan\u0131n her yerinden ayda yakla\u015f\u0131k 2 milyar aktif kullan\u0131c\u0131s\u0131 var. 200 milyondan fazla \u015firket, markalar\u0131n\u0131, \u00fcr\u00fcnlerini veya hizmetlerini sosyal medya platformunda i\u015f profilleri ad\u0131 verilen platformlarda sunuyor. Herkes en az bir firmay\u0131 takip ediyor ve al\u0131\u015fveri\u015f fonksiyonu giderek \u00f6nem kazan\u0131yor. G\u00f6r\u00fcnt\u00fc ve video platformunun \u00f6nemi inkar edilemez. \u0130nsanlar aras\u0131ndaki ba\u011flant\u0131ya, ger\u00e7ekten iyi i\u00e7eri\u011fe ve do\u011fru yerle\u015fime inan\u0131yoruz. B\u00f6ylece i\u00e7erik ger\u00e7ekten alakal\u0131 olanlara ula\u015f\u0131r. Slogan\u0131m\u0131z \u015fudur: Medya b\u00fct\u00e7esinin s\u00fcrd\u00fcr\u00fclebilir kullan\u0131m\u0131 olmadan i\u00e7erik stratejisi olmaz. Benzersiz i\u00e7eri\u011finizi ilhama a\u00e7 hedef kitlenizin haber ve hikaye ak\u0131\u015f\u0131na yerle\u015ftirin ve Instagram Reklamlar\u0131&hellip;<\/p>\n","category_list":"","author_info":{"name":"\u043f\u0440\u0430\u0437\u0434\u043d\u0438\u043a","url":"https:\/\/bayramdokmeci.com\/ru\/author\/bayram\/"},"comments_num":"0 comments","_links":{"self":[{"href":"https:\/\/bayramdokmeci.com\/ru\/wp-json\/wp\/v2\/pages\/842","targetHints":{"allow":["GET"]}}],"collection":[{"href":"https:\/\/bayramdokmeci.com\/ru\/wp-json\/wp\/v2\/pages"}],"about":[{"href":"https:\/\/bayramdokmeci.com\/ru\/wp-json\/wp\/v2\/types\/page"}],"author":[{"embeddable":true,"href":"https:\/\/bayramdokmeci.com\/ru\/wp-json\/wp\/v2\/users\/1"}],"replies":[{"embeddable":true,"href":"https:\/\/bayramdokmeci.com\/ru\/wp-json\/wp\/v2\/comments?post=842"}],"version-history":[{"count":2,"href":"https:\/\/bayramdokmeci.com\/ru\/wp-json\/wp\/v2\/pages\/842\/revisions"}],"predecessor-version":[{"id":1017,"href":"https:\/\/bayramdokmeci.com\/ru\/wp-json\/wp\/v2\/pages\/842\/revisions\/1017"}],"wp:attachment":[{"href":"https:\/\/bayramdokmeci.com\/ru\/wp-json\/wp\/v2\/media?parent=842"}],"curies":[{"name":"wp","href":"https:\/\/api.w.org\/{rel}","templated":true}]}}