{"id":812,"date":"2024-02-09T07:52:51","date_gmt":"2024-02-09T07:52:51","guid":{"rendered":"https:\/\/bayramdokmeci.com\/?page_id=812"},"modified":"2026-02-17T12:59:12","modified_gmt":"2026-02-17T12:59:12","slug":"arama-motoru-pazarlama","status":"publish","type":"page","link":"https:\/\/bayramdokmeci.com\/ru\/arama-motoru-pazarlama\/","title":{"rendered":"\u041c\u0430\u0440\u043a\u0435\u0442\u0438\u043d\u0433 \u0432 \u043f\u043e\u0438\u0441\u043a\u043e\u0432\u044b\u0445 \u0441\u0438\u0441\u0442\u0435\u043c\u0430\u0445"},"content":{"rendered":"<div class=\"wp-block-columns is-layout-flex wp-container-core-columns-is-layout-28f84493 wp-block-columns-is-layout-flex\">\n<div class=\"wp-block-column is-layout-flow wp-block-column-is-layout-flow\" style=\"flex-basis:100%\">\n<div class=\"wp-block-stackable-image stk-block-image stk-block stk-582b4d7\" data-block-id=\"582b4d7\"><figure><span class=\"stk-img-wrapper stk-image--shape-stretch\"><img loading=\"lazy\" decoding=\"async\" class=\"stk-img wp-image-833\" src=\"https:\/\/cdn.bayramdokmeci.com\/2024\/02\/Google-Ads.jpg\" width=\"1542\" height=\"1044\" srcset=\"https:\/\/cdn.bayramdokmeci.com\/2024\/02\/Google-Ads.jpg 1542w, https:\/\/cdn.bayramdokmeci.com\/2024\/02\/Google-Ads-300x203.jpg 300w, https:\/\/cdn.bayramdokmeci.com\/2024\/02\/Google-Ads-1024x693.jpg 1024w, https:\/\/cdn.bayramdokmeci.com\/2024\/02\/Google-Ads-768x520.jpg 768w, https:\/\/cdn.bayramdokmeci.com\/2024\/02\/Google-Ads-1536x1040.jpg 1536w\" sizes=\"auto, (max-width: 1542px) 100vw, 1542px\" \/><\/span><\/figure><\/div>\n<\/div>\n<\/div>\n\n\n\n<p>\u041f\u043e\u0438\u0441\u043a\u043e\u0432\u0430\u044f \u0440\u0435\u043a\u043b\u0430\u043c\u0430 \u0438\u043b\u0438 \u043f\u043e\u0438\u0441\u043a\u043e\u0432\u0430\u044f \u0440\u0435\u043a\u043b\u0430\u043c\u0430 (SEA) \u044f\u0432\u043b\u044f\u0435\u0442\u0441\u044f \u043e\u0434\u043d\u0438\u043c \u0438\u0437 \u0434\u0432\u0443\u0445 \u043d\u0430\u0438\u0431\u043e\u043b\u0435\u0435 \u0432\u0430\u0436\u043d\u044b\u0445 \u0438\u043d\u0441\u0442\u0440\u0443\u043c\u0435\u043d\u0442\u043e\u0432 \u043e\u043d\u043b\u0430\u0439\u043d-\u043c\u0430\u0440\u043a\u0435\u0442\u0438\u043d\u0433\u0430 \u043d\u0430\u0440\u044f\u0434\u0443 \u0441 \u043f\u043e\u0438\u0441\u043a\u043e\u0432\u043e\u0439 \u043e\u043f\u0442\u0438\u043c\u0438\u0437\u0430\u0446\u0438\u0435\u0439 (\u043f\u043e\u0438\u0441\u043a\u043e\u0432\u0430\u044f \u043e\u043f\u0442\u0438\u043c\u0438\u0437\u0430\u0446\u0438\u044f \/ SEO).<\/p>\n\n\n\n<p>\u0427\u0442\u043e\u0431\u044b \u043f\u043e\u0438\u0441\u043a \u0432\u0430\u0448\u0435\u0433\u043e \u0432\u0435\u0431-\u0441\u0430\u0439\u0442\u0430 \u043d\u0435 \u0431\u044b\u043b \u043f\u043e\u0445\u043e\u0436 \u043d\u0430 \u043f\u043e\u0438\u0441\u043a \u0438\u0433\u043e\u043b\u043a\u0438 \u0432 \u0441\u0442\u043e\u0433\u0435 \u0441\u0435\u043d\u0430, \u0438\u043d\u0442\u0435\u0440\u043d\u0435\u0442-\u043c\u0430\u0440\u043a\u0435\u0442\u0438\u043d\u0433\u0443 \u0442\u0440\u0435\u0431\u0443\u044e\u0442\u0441\u044f \u043f\u0440\u0430\u0432\u0438\u043b\u044c\u043d\u044b\u0435 \u043a\u043b\u044e\u0447\u0435\u0432\u044b\u0435 \u0441\u043b\u043e\u0432\u0430 \u0432 \u043d\u0443\u0436\u043d\u043e\u0435 \u0432\u0440\u0435\u043c\u044f. \u0425\u0438\u0442\u0440\u043e\u0441\u0442\u044c \u0432 \u043f\u043e\u0438\u0441\u043a\u043e\u0432\u043e\u043c \u043c\u0430\u0440\u043a\u0435\u0442\u0438\u043d\u0433\u0435 \u0447\u0430\u0441\u0442\u043e \u043a\u0440\u043e\u0435\u0442\u0441\u044f \u0432 \u0434\u0435\u0442\u0430\u043b\u044f\u0445.<\/p>\n\n\n\n<p>\u041a\u0430\u043c\u043f\u0430\u043d\u0438\u044f Google Ads \u0438\u043b\u0438 Microsoft Ads (\u0440\u0430\u043d\u0435\u0435 Bing) \u043c\u043e\u0436\u0435\u0442 \u0431\u044b\u0442\u044c \u0441\u043e\u0437\u0434\u0430\u043d\u0430 \u0431\u044b\u0441\u0442\u0440\u043e, \u043d\u043e \u0441\u043b\u0435\u0434\u0443\u0435\u0442 \u043e\u0442\u043c\u0435\u0442\u0438\u0442\u044c, \u0447\u0442\u043e SEA \u0438\u043c\u0435\u0435\u0442 \u0441\u0432\u043e\u0438 \u043e\u043f\u0430\u0441\u043d\u043e\u0441\u0442\u0438 \u0438 \u0445\u043e\u0440\u043e\u0448\u0443\u044e \u043e\u043f\u0442\u0438\u043c\u0438\u0437\u0430\u0446\u0438\u044e. \u0427\u0435\u043c \u043c\u0435\u043d\u044c\u0448\u0435, \u0442\u0435\u043c \u0431\u043e\u043b\u044c\u0448\u0435, \u043a\u0430\u0447\u0435\u0441\u0442\u0432\u043e \u043e\u043f\u0435\u0440\u0435\u0436\u0430\u0435\u0442 \u043a\u043e\u043b\u0438\u0447\u0435\u0441\u0442\u0432\u043e. \u0412\u044b \u0445\u043e\u0442\u0438\u0442\u0435 \u043f\u043e\u0432\u044b\u0441\u0438\u0442\u044c \u0441\u0432\u043e\u0435 \u043c\u0435\u0441\u0442\u043e \u0432 \u0440\u0435\u0439\u0442\u0438\u043d\u0433\u0435 \u043f\u043e\u0438\u0441\u043a\u043e\u0432\u044b\u0445 \u0441\u0438\u0441\u0442\u0435\u043c \u0438 \u0437\u0430\u043d\u044f\u0442\u044c \u0432\u044b\u0441\u043e\u043a\u0438\u0435 \u043f\u043e\u0437\u0438\u0446\u0438\u0438 \u0441\u0440\u0435\u0434\u0438 \u0441\u043e\u043e\u0442\u0432\u0435\u0442\u0441\u0442\u0432\u0443\u044e\u0449\u0438\u0445 \u0446\u0435\u043b\u0435\u0432\u044b\u0445 \u0433\u0440\u0443\u043f\u043f? \u0422\u043e\u0433\u0434\u0430 \u043c\u044b \u0431\u0443\u0434\u0435\u043c \u0440\u0430\u0434\u044b \u043f\u043e\u043c\u043e\u0447\u044c \u0432\u0430\u043c \u0440\u0430\u0437\u0440\u0430\u0431\u043e\u0442\u0430\u0442\u044c \u0438 \u0432\u043d\u0435\u0434\u0440\u0438\u0442\u044c \u043a\u0430\u043c\u043f\u0430\u043d\u0438\u044e SEA; \u0432\u0441\u0435, \u0447\u0442\u043e \u0432\u0430\u043c \u043d\u0443\u0436\u043d\u043e \u0441\u0434\u0435\u043b\u0430\u0442\u044c, \u044d\u0442\u043e \u043f\u043e\u0437\u0432\u043e\u043d\u0438\u0442\u044c \u0432 \u043a\u043e\u043b\u043e\u043a\u043e\u043b.<\/p>\n\n\n\n<p>\u041c\u0430\u0440\u043a\u0435\u0442\u0438\u043d\u0433 \u0432 Google \u0420\u0435\u043a\u043b\u0430\u043c\u0435 - \u0434\u043e\u0432\u043e\u043b\u044c\u043d\u043e \u0441\u043b\u043e\u0436\u043d\u0430\u044f \u0442\u0435\u043c\u0430, \u043a\u043e\u0442\u043e\u0440\u0430\u044f \u043f\u0440\u0438 \u043d\u0435\u043f\u0440\u0430\u0432\u0438\u043b\u044c\u043d\u043e\u043c \u0438\u0441\u043f\u043e\u043b\u044c\u0437\u043e\u0432\u0430\u043d\u0438\u0438 \u043e\u0431\u0445\u043e\u0434\u0438\u0442\u0441\u044f \u0434\u043e\u0440\u043e\u0436\u0435, \u0447\u0435\u043c \u043f\u0440\u043e\u0434\u0430\u0436\u0438. \u041d\u043e \u0432 \u0434\u043e\u043f\u043e\u043b\u043d\u0435\u043d\u0438\u0435 \u043a \u043e\u0431\u044b\u0447\u043d\u044b\u043c \u043f\u043e\u0437\u0438\u0446\u0438\u044f\u043c \u0432 \u043f\u043e\u0438\u0441\u043a\u043e\u0432\u044b\u0445 \u0441\u0438\u0441\u0442\u0435\u043c\u0430\u0445 (\u0441 \u043f\u043e\u043c\u043e\u0449\u044c\u044e \u043f\u043e\u0438\u0441\u043a\u043e\u0432\u043e\u0439 \u043e\u043f\u0442\u0438\u043c\u0438\u0437\u0430\u0446\u0438\u0438), \u0440\u0435\u043a\u043b\u0430\u043c\u0430 \u0432 \u043f\u043e\u0438\u0441\u043a\u043e\u0432\u044b\u0445 \u0441\u0438\u0441\u0442\u0435\u043c\u0430\u0445 \u0442\u0430\u043a\u0436\u0435 \u044f\u0432\u043b\u044f\u0435\u0442\u0441\u044f \u0441\u043f\u043e\u0441\u043e\u0431\u043e\u043c \u043f\u0440\u0438\u0432\u043b\u0435\u0447\u0435\u043d\u0438\u044f \u043a\u0432\u0430\u043b\u0438\u0444\u0438\u0446\u0438\u0440\u043e\u0432\u0430\u043d\u043d\u044b\u0445 \u043f\u043e\u0441\u0435\u0442\u0438\u0442\u0435\u043b\u0435\u0439 \u043d\u0430 \u0432\u0430\u0448 \u0441\u0430\u0439\u0442.<\/p>\n\n\n\n<p>\u041c\u044b \u0434\u0430\u0435\u043c \u0432\u0430\u043c \u0441\u043e\u0432\u0435\u0442\u044b \u043f\u043e \u0438\u0441\u043f\u043e\u043b\u044c\u0437\u043e\u0432\u0430\u043d\u0438\u044e Google \u0420\u0435\u043a\u043b\u0430\u043c\u044b \u0438 \u0440\u0430\u0431\u043e\u0442\u0430\u0435\u043c \u0441 \u0432\u0430\u043c\u0438 \u043d\u0430\u0434 \u0440\u0430\u0437\u0440\u0430\u0431\u043e\u0442\u043a\u043e\u0439 \u0441\u0442\u0440\u0430\u0442\u0435\u0433\u0438\u0439 \u043f\u043e\u0438\u0441\u043a\u043e\u0432\u043e\u0433\u043e \u043c\u0430\u0440\u043a\u0435\u0442\u0438\u043d\u0433\u0430, \u043f\u043e\u0437\u0432\u043e\u043b\u044f\u044e\u0449\u0438\u0445 \u0432\u0430\u0448\u0435\u0439 \u043a\u043e\u043c\u043f\u0430\u043d\u0438\u0438 \u0434\u043e\u0441\u0442\u0438\u0447\u044c \u0441\u0432\u043e\u0438\u0445 \u0446\u0435\u043b\u0435\u0439 \u0441 \u043f\u043e\u043c\u043e\u0449\u044c\u044e Google \u0420\u0435\u043a\u043b\u0430\u043c\u044b. \u0418\u0441\u043f\u043e\u043b\u044c\u0437\u0443\u044f \u043e\u0442\u0441\u043b\u0435\u0436\u0438\u0432\u0430\u043d\u0438\u0435 \u043a\u043e\u043d\u0432\u0435\u0440\u0441\u0438\u0439 \u0432 Google \u0420\u0435\u043a\u043b\u0430\u043c\u0435 \u0438 Google Analytics, \u043c\u044b \u043c\u043e\u0436\u0435\u043c \u0442\u043e\u0447\u043d\u043e \u043e\u043f\u0440\u0435\u0434\u0435\u043b\u0438\u0442\u044c, \u043a\u0430\u043a\u0438\u0435 \u043a\u0430\u043c\u043f\u0430\u043d\u0438\u0438, \u0446\u0435\u043b\u0435\u0432\u044b\u0435 \u0433\u0440\u0443\u043f\u043f\u044b, \u0442\u0435\u043a\u0441\u0442 \u043e\u0431\u044a\u044f\u0432\u043b\u0435\u043d\u0438\u044f \u0438 \u043a\u043b\u044e\u0447\u0435\u0432\u044b\u0435 \u0441\u043b\u043e\u0432\u0430 \u043f\u0440\u0438\u043d\u043e\u0441\u044f\u0442 \u043f\u0440\u0438\u0431\u044b\u043b\u044c. \u0421 \u043f\u043e\u043c\u043e\u0449\u044c\u044e Google \u0420\u0435\u043a\u043b\u0430\u043c\u044b \u0443 \u0432\u0430\u0441 \u0435\u0441\u0442\u044c \u0432\u043e\u0437\u043c\u043e\u0436\u043d\u043e\u0441\u0442\u044c \u0440\u0430\u0437\u043c\u0435\u0449\u0430\u0442\u044c \u0441\u0432\u043e\u0439 \u0432\u0435\u0431-\u0441\u0430\u0439\u0442 \u0441 \u043e\u043f\u0442\u0438\u043c\u0438\u0437\u0438\u0440\u043e\u0432\u0430\u043d\u043d\u044b\u043c\u0438 \u043f\u043e \u043a\u043b\u0438\u043a\u0430\u043c \u043e\u0431\u044a\u044f\u0432\u043b\u0435\u043d\u0438\u044f\u043c\u0438 \u0432 \u043f\u043e\u0438\u0441\u043a\u043e\u0432\u043e\u0439 \u0440\u0435\u043a\u043b\u0430\u043c\u043d\u043e\u0439 \u0441\u0435\u0442\u0438 \u043f\u043e \u043e\u043f\u0440\u0435\u0434\u0435\u043b\u0435\u043d\u043d\u044b\u043c \u043a\u043b\u044e\u0447\u0435\u0432\u044b\u043c \u0441\u043b\u043e\u0432\u0430\u043c \u0432 \u041f\u043e\u0438\u0441\u043a\u0435 Google, \u0442\u0435\u043c \u0441\u0430\u043c\u044b\u043c \u0443\u0432\u0435\u043b\u0438\u0447\u0438\u0432\u0430\u044f \u043a\u043e\u043b\u0438\u0447\u0435\u0441\u0442\u0432\u043e \u043f\u043e\u0441\u0435\u0442\u0438\u0442\u0435\u043b\u0435\u0439 \u0432\u0430\u0448\u0435\u0433\u043e \u0432\u0435\u0431-\u0441\u0430\u0439\u0442\u0430, \u043c\u0430\u0433\u0430\u0437\u0438\u043d\u0430 \u0438\u043b\u0438 \u0431\u043b\u043e\u0433\u0430 \u0438 \u0434\u0440\u0443\u0433\u0438\u0435 \u0444\u0430\u043a\u0442\u043e\u0440\u044b. \u0422\u0430\u043a\u0436\u0435 \u0432\u043e\u0437\u043c\u043e\u0436\u043d\u043e \u0440\u0430\u0437\u043c\u0435\u0449\u0430\u0442\u044c \u0440\u0435\u043a\u043b\u0430\u043c\u0443 (\u0442\u0435\u043a\u0441\u0442 \/\u0438\u0437\u043e\u0431\u0440\u0430\u0436\u0435\u043d\u0438\u044f) \u0432 \u043a\u043e\u043d\u0442\u0435\u043a\u0441\u0442\u043d\u043e-\u043c\u0435\u0434\u0438\u0439\u043d\u043e\u0439 \u0441\u0435\u0442\u0438 Google, \u0442\u0430\u043a\u0438\u043c \u043e\u0431\u0440\u0430\u0437\u043e\u043c \u043e\u0445\u0432\u0430\u0442\u044b\u0432\u0430\u044f \u043f\u043e\u0447\u0442\u0438 90% \u0432\u0441\u0435\u0445 \u043f\u043e\u043b\u044c\u0437\u043e\u0432\u0430\u0442\u0435\u043b\u0435\u0439 \u0418\u043d\u0442\u0435\u0440\u043d\u0435\u0442\u0430. \u041f\u043e\u0441\u0442\u043e\u044f\u043d\u043d\u043e \u0430\u043d\u0430\u043b\u0438\u0437\u0438\u0440\u0443\u044f \u0438 \u043e\u043f\u0442\u0438\u043c\u0438\u0437\u0438\u0440\u0443\u044f \u0441\u0432\u043e\u0438 \u0440\u0435\u043a\u043b\u0430\u043c\u043d\u044b\u0435 \u043a\u0430\u043c\u043f\u0430\u043d\u0438\u0438 Google \u0432 \u0441\u043e\u043e\u0442\u0432\u0435\u0442\u0441\u0442\u0432\u0438\u0438 \u0441 \u043e\u043f\u0440\u0435\u0434\u0435\u043b\u0435\u043d\u043d\u044b\u043c\u0438 \u0446\u0435\u043b\u044f\u043c\u0438 \u0432\u0430\u0448\u0435\u0433\u043e \u0432\u0435\u0431-\u0441\u0430\u0439\u0442\u0430, \u0432\u044b \u043c\u043e\u0436\u0435\u0442\u0435 \u043c\u0430\u043a\u0441\u0438\u043c\u0430\u043b\u044c\u043d\u043e \u044d\u0444\u0444\u0435\u043a\u0442\u0438\u0432\u043d\u043e \u0438\u0441\u043f\u043e\u043b\u044c\u0437\u043e\u0432\u0430\u0442\u044c \u0441\u0432\u043e\u0439 \u043c\u0430\u0440\u043a\u0435\u0442\u0438\u043d\u0433\u043e\u0432\u044b\u0439 \u0431\u044e\u0434\u0436\u0435\u0442 \u0432 \u044d\u0442\u043e\u043c \u0442\u0438\u043f\u0435 \u043e\u043d\u043b\u0430\u0439\u043d-\u043c\u0430\u0440\u043a\u0435\u0442\u0438\u043d\u0433\u0430.<\/p>\n\n\n\n<p>\u0412\u044b \u0445\u043e\u0442\u0438\u0442\u0435 \u0437\u0430\u043d\u0438\u043c\u0430\u0442\u044c\u0441\u044f \u043f\u0440\u043e\u0444\u0435\u0441\u0441\u0438\u043e\u043d\u0430\u043b\u044c\u043d\u043e\u0439 \u0440\u0435\u043a\u043b\u0430\u043c\u043e\u0439 \u0432 \u043f\u043e\u0438\u0441\u043a\u043e\u0432\u044b\u0445 \u0441\u0438\u0441\u0442\u0435\u043c\u0430\u0445 \u0438 \u0440\u0430\u0437\u043c\u0435\u0449\u0430\u0442\u044c \u0440\u0435\u043a\u043b\u0430\u043c\u0443 \u0432 Google? \u041c\u044b, \u0440\u0435\u043a\u043b\u0430\u043c\u043d\u043e\u0435 \u0430\u0433\u0435\u043d\u0442\u0441\u0442\u0432\u043e Bayram D\u00f6kmeci, \u044f\u0432\u043b\u044f\u0435\u043c\u0441\u044f \u043e\u0434\u043d\u043e\u0439 \u0438\u0437 \u0442\u0443\u0440\u0435\u0446\u043a\u0438\u0445 \u043a\u043e\u043d\u0441\u0430\u043b\u0442\u0438\u043d\u0433\u043e\u0432\u044b\u0445 \u043a\u043e\u043c\u043f\u0430\u043d\u0438\u0439, \u0438\u043c\u0435\u044e\u0449\u0435\u0439 \u0441\u0442\u0430\u0442\u0443\u0441 \u201c\u0421\u0435\u0440\u0442\u0438\u0444\u0438\u0446\u0438\u0440\u043e\u0432\u0430\u043d\u043d\u043e\u0433\u043e \u043f\u0430\u0440\u0442\u043d\u0435\u0440\u0430 Google Premier\u201d \u0438 \u201c\u0410\u043a\u043a\u0440\u0435\u0434\u0438\u0442\u043e\u0432\u0430\u043d\u043d\u043e\u0439 \u043f\u0440\u043e\u0444\u0435\u0441\u0441\u0438\u043e\u043d\u0430\u043b\u044c\u043d\u043e\u0439 \u043a\u043e\u043c\u043f\u0430\u043d\u0438\u0438\u201d \u0434\u043b\u044f Microsoft Ads (\u0440\u0430\u043d\u0435\u0435 Bing); \u044d\u0442\u043e \u0433\u0430\u0440\u0430\u043d\u0442\u0438\u044f \u0432\u0430\u0448\u0435\u0439 \u043a\u043e\u043c\u043f\u0435\u0442\u0435\u043d\u0442\u043d\u043e\u0441\u0442\u0438 \u0438 \u0438\u0434\u0435\u0430\u043b\u044c\u043d\u044b\u0439 \u043f\u0430\u0440\u0442\u043d\u0435\u0440 \u0434\u043b\u044f \u043f\u043e\u0438\u0441\u043a\u043e\u0432\u043e\u0439 \u0441\u0438\u0441\u0442\u0435\u043c\u044b. \u043c\u0430\u0440\u043a\u0435\u0442\u0438\u043d\u0433!<\/p>\n\n\n\n<p>\u0420\u0415\u041a\u041b\u0410\u041c\u041d\u042b\u0415 \u041f\u0410\u0420\u0422\u041d\u0415\u0420\u042b GOOGLE PREMIER \u0418 MICROSOFT<br>\u0411\u0430\u0439\u0440\u0430\u043c \u041b\u0438\u0442\u0435\u0439\u0449\u0438\u043a<br>\u041f\u0430\u0440\u0442\u043d\u0435\u0440 Google Premier<br>\u0438 \u0440\u0435\u043a\u043b\u0430\u043c\u043d\u044b\u0439 \u043f\u0430\u0440\u0442\u043d\u0435\u0440 Microsoft.<\/p>\n\n\n\n<div class=\"wp-block-stackable-image stk-block-image has-text-align-left stk-block stk-4605d12\" data-block-id=\"4605d12\"><style>.stk-4605d12 .stk-img-wrapper{width:30% !important}<\/style><figure><span class=\"stk-img-wrapper stk-image--shape-stretch\"><img loading=\"lazy\" decoding=\"async\" class=\"stk-img wp-image-1013\" src=\"https:\/\/cdn.bayramdokmeci.com\/2024\/02\/PremierPartner-RGB.svg\" width=\"30\" height=\"300\"\/><\/span><\/figure><\/div>","protected":false},"excerpt":{"rendered":"<p>Arama motoru reklamc\u0131l\u0131\u011f\u0131 veya arama motoru reklamc\u0131l\u0131\u011f\u0131 (SEA), arama motoru optimizasyonu (Arama Motoru Optimizasyonu\/SEO) ile birlikte \u00e7evrimi\u00e7i pazarlaman\u0131n en \u00f6nemli iki arac\u0131ndan biridir. Web sitenizi bulman\u0131n samanl\u0131kta i\u011fne aramaya benzememesini sa\u011flamak i\u00e7in internet pazarlamac\u0131l\u0131\u011f\u0131, do\u011fru zamanda do\u011fru anahtar kelimeleri gerektirir. Arama motoru pazarlamac\u0131l\u0131\u011f\u0131nda p\u00fcf nokta genellikle ayr\u0131nt\u0131da gizlidir. Bir Google Ads veya Microsoft Ads (eski [&hellip;]<\/p>\n","protected":false},"author":1,"featured_media":0,"parent":0,"menu_order":0,"comment_status":"closed","ping_status":"closed","template":"","meta":{"footnotes":""},"class_list":["post-812","page","type-page","status-publish","hentry"],"blocksy_meta":{"page_title_panel":"","has_hero_section":"disabled","b5eab4b45fc993c35f414f196001c1b3":"","hero_section":"type-1","hero_elements":[{"id":"custom_title","enabled":true,"heading_tag":"h1","title":"Home"},{"id":"custom_description","enabled":true,"description_visibility":{"desktop":true,"tablet":true,"mobile":false}},{"id":"custom_meta","enabled":false,"meta_elements":[{"id":"author","enabled":true,"label":"By","has_author_avatar":"yes","avatar_size":25},{"id":"post_date","enabled":true,"label":"On","date_format_source":"default","date_format":"M j, Y"},{"id":"updated_date","enabled":false,"label":"On","date_format_source":"default","date_format":"M j, Y"},{"id":"categories","enabled":false,"label":"In","style":"simple"},{"id":"comments","enabled":true}],"page_meta_elements":{"joined":true,"articles_count":true,"comments":true}},{"id":"breadcrumbs","enabled":false}],"76f4d01deefcea6e36539ad1e0b44d7b":"","hero_alignment1":"CT_CSS_SKIP_RULE","hero_margin":40,"hero_alignment2":"center","hero_vertical_alignment":"center","0949b4a7e32105b1f86c9539ab4f63fe":"","hero_structure":"narrow","8b5cdd064d547fd8f2f567b9e5031f2c":"","page_title_bg_type":"featured_image","custom_hero_background":{"attachment_id":null},"parallax":{"desktop":false,"tablet":false,"mobile":false},"b8535cf0316ce12df016fa4a68ddf005":"","hero_height":"250px","pageTitleFont":{"family":"Default","variation":"Default","size":"30px","line-height":"CT_CSS_SKIP_RULE","letter-spacing":"CT_CSS_SKIP_RULE","text-transform":"CT_CSS_SKIP_RULE","text-decoration":"CT_CSS_SKIP_RULE"},"pageTitleFontColor":{"default":{"color":"CT_CSS_SKIP_RULEDEFAULT"}},"pageMetaFont":{"family":"Default","variation":"n6","size":"12px","line-height":"1.3","letter-spacing":"CT_CSS_SKIP_RULE","text-transform":"uppercase","text-decoration":"CT_CSS_SKIP_RULE"},"pageMetaFontColor":{"default":{"color":"CT_CSS_SKIP_RULEDEFAULT"},"hover":{"color":"CT_CSS_SKIP_RULEDEFAULT"}},"page_meta_button_type_font_colors":{"default":{"color":"CT_CSS_SKIP_RULEDEFAULT"},"hover":{"color":"CT_CSS_SKIP_RULEDEFAULT"}},"page_meta_button_type_background_colors":{"default":{"color":"CT_CSS_SKIP_RULEDEFAULT"},"hover":{"color":"CT_CSS_SKIP_RULEDEFAULT"}},"pageExcerptFont":{"family":"Default","variation":"Default","size":"CT_CSS_SKIP_RULE","line-height":"CT_CSS_SKIP_RULE","letter-spacing":"CT_CSS_SKIP_RULE","text-transform":"CT_CSS_SKIP_RULE","text-decoration":"CT_CSS_SKIP_RULE"},"pageExcerptColor":{"default":{"color":"CT_CSS_SKIP_RULEDEFAULT"}},"breadcrumbsFont":{"family":"Default","variation":"Default","size":"CT_CSS_SKIP_RULE","line-height":"CT_CSS_SKIP_RULE","letter-spacing":"CT_CSS_SKIP_RULE","text-transform":"CT_CSS_SKIP_RULE","text-decoration":"CT_CSS_SKIP_RULE"},"breadcrumbsFontColor":{"default":{"color":"CT_CSS_SKIP_RULEDEFAULT"},"initial":{"color":"CT_CSS_SKIP_RULEDEFAULT"},"hover":{"color":"CT_CSS_SKIP_RULEDEFAULT"}},"pageTitleOverlay":{"background_type":"color","background_pattern":"type-1","background_image":{"attachment_id":null,"x":0,"y":0},"gradient":"linear-gradient(135deg,rgba(6,147,227,1) 0%,rgb(155,81,224) 100%)","background_repeat":"repeat","background_size":"auto","background_attachment":"scroll","patternColor":{"default":{"color":"#e5e7ea"}},"overlayColor":{"default":{"color":"CT_CSS_SKIP_RULE"}},"backgroundColor":{"default":{"color":"CT_CSS_SKIP_RULE"}}},"pageTitleBackground":{"background_type":"color","background_pattern":"type-1","background_image":{"attachment_id":null,"x":0,"y":0},"gradient":"linear-gradient(135deg,rgba(6,147,227,1) 0%,rgb(155,81,224) 100%)","background_repeat":"repeat","background_size":"auto","background_attachment":"scroll","patternColor":{"default":{"color":"#e5e7ea"}},"overlayColor":{"default":{"color":"CT_CSS_SKIP_RULE"}},"backgroundColor":{"default":{"color":"var(--theme-palette-color-6)"}}},"pageTitlePadding":{"top":"50px","bottom":"50px","left":"auto","right":"auto","linked":true},"eba25506a86953c395b61aeb80c3ca2d":"","page_structure_type":"default","653fd0425713646e5318053e5570eeb1":"","content_style_source":"inherit","content_style":"wide","vertical_spacing_source":"custom","content_area_spacing":"none","background":{"background_type":"color","background_pattern":"type-1","background_image":{"attachment_id":null,"x":0,"y":0},"gradient":"linear-gradient(135deg,rgba(6,147,227,1) 0%,rgb(155,81,224) 100%)","background_repeat":"repeat","background_size":"auto","background_attachment":"scroll","patternColor":{"default":{"color":"#e5e7ea"}},"overlayColor":{"default":{"color":"CT_CSS_SKIP_RULE"}},"backgroundColor":{"default":{"color":"CT_CSS_SKIP_RULE"}}},"content_background":{"background_type":"color","background_pattern":"type-1","background_image":{"attachment_id":null,"x":0,"y":0},"gradient":"linear-gradient(135deg,rgba(6,147,227,1) 0%,rgb(155,81,224) 100%)","background_repeat":"repeat","background_size":"auto","background_attachment":"scroll","patternColor":{"default":{"color":"#e5e7ea"}},"overlayColor":{"default":{"color":"CT_CSS_SKIP_RULE"}},"backgroundColor":{"default":{"color":"var(--theme-palette-color-8)"}}},"content_boxed_shadow":{"inherit":false,"blur":18,"spread":-6,"v_offset":12,"h_offset":0,"inset":false,"enable":true,"color":{"color":"rgba(34, 56, 101, 0.04)"}},"boxed_content_spacing":{"desktop":{"top":"40px","bottom":"40px","left":"40px","right":"40px","linked":true},"tablet":{"top":"35px","bottom":"35px","left":"35px","right":"35px","linked":true},"mobile":{"top":"20px","bottom":"20px","left":"20px","right":"20px","linked":true}},"content_boxed_radius":{"top":"3px","bottom":"3px","left":"3px","right":"3px","linked":true},"7992791a59a9cb710c125115fbd410b3":"","disable_featured_image":"no","disable_share_box":"no","disable_header":"no","disable_footer":"no","styles_descriptor":{"styles":{"desktop":"","tablet":"","mobile":""},"google_fonts":[],"version":6}},"featured_image_urls":{"full":"","thumbnail":"","medium":"","medium_large":"","large":"","1536x1536":"","2048x2048":"","trp-custom-language-flag":""},"post_excerpt_stackable":"<p>Arama motoru reklamc\u0131l\u0131\u011f\u0131 veya arama motoru reklamc\u0131l\u0131\u011f\u0131 (SEA), arama motoru optimizasyonu (Arama Motoru Optimizasyonu\/SEO) ile birlikte \u00e7evrimi\u00e7i pazarlaman\u0131n en \u00f6nemli iki arac\u0131ndan biridir. Web sitenizi bulman\u0131n samanl\u0131kta i\u011fne aramaya benzememesini sa\u011flamak i\u00e7in internet pazarlamac\u0131l\u0131\u011f\u0131, do\u011fru zamanda do\u011fru anahtar kelimeleri gerektirir. Arama motoru pazarlamac\u0131l\u0131\u011f\u0131nda p\u00fcf nokta genellikle ayr\u0131nt\u0131da gizlidir. Bir Google Ads veya Microsoft Ads (eski ad\u0131yla Bing) kampanyas\u0131 h\u0131zl\u0131 bir \u015fekilde olu\u015fturulabilir ancak SEA\u2019n\u0131n tehlikeleri ve iyi optmize oldu\u011funa dikkat edilmelidir. Daha az\u0131 daha fazlad\u0131r, kalite niceli\u011fin \u00f6n\u00fcne ge\u00e7er. \u0130lgili hedef gruplar aras\u0131nda arama motoru s\u0131ralamalar\u0131nda yerinizi artt\u0131rmak ve \u00fcst s\u0131ralarda yer almak ister misiniz? O zaman bir SEA kampanyas\u0131&hellip;<\/p>\n","category_list":"","author_info":{"name":"\u043f\u0440\u0430\u0437\u0434\u043d\u0438\u043a","url":"https:\/\/bayramdokmeci.com\/ru\/author\/bayram\/"},"comments_num":"0 comments","_links":{"self":[{"href":"https:\/\/bayramdokmeci.com\/ru\/wp-json\/wp\/v2\/pages\/812","targetHints":{"allow":["GET"]}}],"collection":[{"href":"https:\/\/bayramdokmeci.com\/ru\/wp-json\/wp\/v2\/pages"}],"about":[{"href":"https:\/\/bayramdokmeci.com\/ru\/wp-json\/wp\/v2\/types\/page"}],"author":[{"embeddable":true,"href":"https:\/\/bayramdokmeci.com\/ru\/wp-json\/wp\/v2\/users\/1"}],"replies":[{"embeddable":true,"href":"https:\/\/bayramdokmeci.com\/ru\/wp-json\/wp\/v2\/comments?post=812"}],"version-history":[{"count":12,"href":"https:\/\/bayramdokmeci.com\/ru\/wp-json\/wp\/v2\/pages\/812\/revisions"}],"predecessor-version":[{"id":1016,"href":"https:\/\/bayramdokmeci.com\/ru\/wp-json\/wp\/v2\/pages\/812\/revisions\/1016"}],"wp:attachment":[{"href":"https:\/\/bayramdokmeci.com\/ru\/wp-json\/wp\/v2\/media?parent=812"}],"curies":[{"name":"wp","href":"https:\/\/api.w.org\/{rel}","templated":true}]}}