{"id":835,"date":"2024-02-09T09:51:08","date_gmt":"2024-02-09T09:51:08","guid":{"rendered":"https:\/\/bayramdokmeci.com\/?page_id=835"},"modified":"2026-02-17T12:58:52","modified_gmt":"2026-02-17T12:58:52","slug":"facebook-pazarlama","status":"publish","type":"page","link":"https:\/\/bayramdokmeci.com\/pt\/facebook-pazarlama\/","title":{"rendered":"Marketing do Facebook"},"content":{"rendered":"<div class=\"wp-block-columns is-layout-flex wp-container-core-columns-is-layout-28f84493 wp-block-columns-is-layout-flex\">\n<div class=\"wp-block-column is-layout-flow wp-block-column-is-layout-flow\" style=\"flex-basis:100%\">\n<div class=\"wp-block-stackable-image stk-block-image stk-block stk-582b4d7\" data-block-id=\"582b4d7\"><figure><span class=\"stk-img-wrapper stk-image--shape-stretch\"><img loading=\"lazy\" decoding=\"async\" class=\"stk-img wp-image-837\" src=\"https:\/\/cdn.bayramdokmeci.com\/2024\/02\/facebook-marketing.jpg\" width=\"1182\" height=\"634\" srcset=\"https:\/\/cdn.bayramdokmeci.com\/2024\/02\/facebook-marketing.jpg 1182w, https:\/\/cdn.bayramdokmeci.com\/2024\/02\/facebook-marketing-300x161.jpg 300w, https:\/\/cdn.bayramdokmeci.com\/2024\/02\/facebook-marketing-1024x549.jpg 1024w, https:\/\/cdn.bayramdokmeci.com\/2024\/02\/facebook-marketing-768x412.jpg 768w\" sizes=\"auto, (max-width: 1182px) 100vw, 1182px\" \/><\/span><\/figure><\/div>\n<\/div>\n<\/div>\n\n\n\n<p>Facebook \u015firketler, markalar, kurumlar ve kamuyu ilgilendiren ki\u015filer i\u00e7in kapsaml\u0131 pazarlama se\u00e7enekleri sunuyor. Bu yeni bir \u015fey de\u011fil; Facebook&#8217;ta 140 milyondan fazla \u015firket aktif. Ba\u015fka hi\u00e7bir \u00e7evrimi\u00e7i platform, s\u00fcrekli olarak geli\u015ftirilen yenilik\u00e7i i\u00e7erik ve formatlarla e\u015fle\u015ftirilmi\u015f, benzer \u015fekilde karma\u015f\u0131k ve sofistike bir hedef grup se\u00e7imi sunmamaktad\u0131r. Bug\u00fcn TV, radyo ve yaz\u0131l\u0131 bas\u0131n gibi geleneksel kanallar\u0131 geride b\u0131rakan b\u00fcy\u00fck bir avantaj. Kula\u011fa heyecan verici geliyor de\u011fil mi?<\/p>\n\n\n\n<p>Ancak \u00e7o\u011fu \u015firket, ki\u015fiye \u00f6zel sosyal medya reklam kampanyalar\u0131 kullanarak daha da fazla potansiyelden yararlanabileceklerini \u00e7o\u011fu zaman bilmiyor. Sadece bir Facebook kampanyas\u0131 olu\u015fturun ve i\u015finiz bitti mi? G\u00fczel olurdu\u2026 \u0130\u015fte tam da bu noktada bir Facebook uzman\u0131n\u0131n tavsiyesine s\u0131kl\u0131kla ihtiya\u00e7 duyulur.<\/p>\n\n\n\n<p>\u0130nsanlar aras\u0131ndaki ba\u011flant\u0131ya, iyi mesajlara ve do\u011fru yerle\u015ftirmeye inan\u0131yoruz ve bizim i\u00e7in medya stratejisi olmadan ileti\u015fim stratejisi olmaz. Bizim i\u00e7in Facebook pazarlamas\u0131n\u0131n b\u00fcy\u00fcs\u00fc, tam olarak tan\u0131mlanm\u0131\u015f bir hedef gruba, tam isabetli mesajlarla ula\u015fmakta yat\u0131yor. Markan\u0131z\u0131n veya \u015firketinizin bilinirli\u011fini art\u0131rmak, web sitenizdeki ziyaret\u00e7i say\u0131s\u0131n\u0131, sat\u0131\u015flar\u0131 ve d\u00f6n\u00fc\u015f\u00fcmleri art\u0131rmak i\u00e7in Facebook Reklamlar\u0131n\u0131 kullan\u0131n. Hedef grubunuzun Facebook sayfan\u0131zdan haberdar olmas\u0131n\u0131 sa\u011flay\u0131n. Etkinliklerin tan\u0131t\u0131m\u0131n\u0131 yap\u0131n, di\u011fer kirazlar gibi potansiyel m\u00fc\u015fteriler toplay\u0131n, istedi\u011finiz hedef grubu web sitenize, mobil veya Facebook uygulaman\u0131za y\u00f6nlendirin veya ma\u011fazan\u0131z\u0131n ziyaret\u00e7i s\u0131kl\u0131\u011f\u0131n\u0131 art\u0131r\u0131n. B\u00f6ylece i\u00e7erik ger\u00e7ekten alakal\u0131 olanlara ula\u015f\u0131r. Bize g\u00f6re, markalar\u0131 son derece alakal\u0131 bir ortama yerle\u015ftirdi\u011fimiz ve kullan\u0131c\u0131lar\u0131 sad\u0131k al\u0131c\u0131lara d\u00f6n\u00fc\u015ft\u00fcrd\u00fc\u011f\u00fcm\u00fcz geli\u015fmi\u015f reklam kampanyalar\u0131d\u0131r.<\/p>\n\n\n\n<p>META \u0130\u015e ORTA\u011eI<br>Ekibimiz Facebook Blueprint sertifikal\u0131.<\/p>\n\n\n\n<div class=\"wp-block-stackable-image stk-block-image has-text-align-left stk-block stk-477e103\" data-block-id=\"477e103\"><style>.stk-477e103 .stk-img-wrapper{width:30% !important}<\/style><figure><span class=\"stk-img-wrapper stk-image--shape-stretch\"><img loading=\"lazy\" decoding=\"async\" class=\"stk-img wp-image-1012\" src=\"https:\/\/cdn.bayramdokmeci.com\/2024\/02\/meta-partner.png\" width=\"240\" height=\"137\"\/><\/span><\/figure><\/div>","protected":false},"excerpt":{"rendered":"<p>Facebook \u015firketler, markalar, kurumlar ve kamuyu ilgilendiren ki\u015filer i\u00e7in kapsaml\u0131 pazarlama se\u00e7enekleri sunuyor. Bu yeni bir \u015fey de\u011fil; Facebook&#8217;ta 140 milyondan fazla \u015firket aktif. Ba\u015fka hi\u00e7bir \u00e7evrimi\u00e7i platform, s\u00fcrekli olarak geli\u015ftirilen yenilik\u00e7i i\u00e7erik ve formatlarla e\u015fle\u015ftirilmi\u015f, benzer \u015fekilde karma\u015f\u0131k ve sofistike bir hedef grup se\u00e7imi sunmamaktad\u0131r. Bug\u00fcn TV, radyo ve yaz\u0131l\u0131 bas\u0131n gibi geleneksel kanallar\u0131 [&hellip;]<\/p>\n","protected":false},"author":1,"featured_media":0,"parent":0,"menu_order":0,"comment_status":"closed","ping_status":"closed","template":"","meta":{"footnotes":""},"class_list":["post-835","page","type-page","status-publish","hentry"],"blocksy_meta":{"page_title_panel":"","has_hero_section":"disabled","b5eab4b45fc993c35f414f196001c1b3":"","hero_section":"type-1","hero_elements":[{"id":"custom_title","enabled":true,"heading_tag":"h1","title":"Home"},{"id":"custom_description","enabled":true,"description_visibility":{"desktop":true,"tablet":true,"mobile":false}},{"id":"custom_meta","enabled":false,"meta_elements":[{"id":"author","enabled":true,"label":"By","has_author_avatar":"yes","avatar_size":25},{"id":"post_date","enabled":true,"label":"On","date_format_source":"default","date_format":"M j, Y"},{"id":"updated_date","enabled":false,"label":"On","date_format_source":"default","date_format":"M j, Y"},{"id":"categories","enabled":false,"label":"In","style":"simple"},{"id":"comments","enabled":true}],"page_meta_elements":{"joined":true,"articles_count":true,"comments":true}},{"id":"breadcrumbs","enabled":false}],"76f4d01deefcea6e36539ad1e0b44d7b":"","hero_alignment1":"CT_CSS_SKIP_RULE","hero_margin":40,"hero_alignment2":"center","hero_vertical_alignment":"center","0949b4a7e32105b1f86c9539ab4f63fe":"","hero_structure":"narrow","8b5cdd064d547fd8f2f567b9e5031f2c":"","page_title_bg_type":"featured_image","custom_hero_background":{"attachment_id":null},"parallax":{"desktop":false,"tablet":false,"mobile":false},"b8535cf0316ce12df016fa4a68ddf005":"","hero_height":"250px","pageTitleFont":{"family":"Default","variation":"Default","size":"30px","line-height":"CT_CSS_SKIP_RULE","letter-spacing":"CT_CSS_SKIP_RULE","text-transform":"CT_CSS_SKIP_RULE","text-decoration":"CT_CSS_SKIP_RULE"},"pageTitleFontColor":{"default":{"color":"CT_CSS_SKIP_RULEDEFAULT"}},"pageMetaFont":{"family":"Default","variation":"n6","size":"12px","line-height":"1.3","letter-spacing":"CT_CSS_SKIP_RULE","text-transform":"uppercase","text-decoration":"CT_CSS_SKIP_RULE"},"pageMetaFontColor":{"default":{"color":"CT_CSS_SKIP_RULEDEFAULT"},"hover":{"color":"CT_CSS_SKIP_RULEDEFAULT"}},"page_meta_button_type_font_colors":{"default":{"color":"CT_CSS_SKIP_RULEDEFAULT"},"hover":{"color":"CT_CSS_SKIP_RULEDEFAULT"}},"page_meta_button_type_background_colors":{"default":{"color":"CT_CSS_SKIP_RULEDEFAULT"},"hover":{"color":"CT_CSS_SKIP_RULEDEFAULT"}},"pageExcerptFont":{"family":"Default","variation":"Default","size":"CT_CSS_SKIP_RULE","line-height":"CT_CSS_SKIP_RULE","letter-spacing":"CT_CSS_SKIP_RULE","text-transform":"CT_CSS_SKIP_RULE","text-decoration":"CT_CSS_SKIP_RULE"},"pageExcerptColor":{"default":{"color":"CT_CSS_SKIP_RULEDEFAULT"}},"breadcrumbsFont":{"family":"Default","variation":"Default","size":"CT_CSS_SKIP_RULE","line-height":"CT_CSS_SKIP_RULE","letter-spacing":"CT_CSS_SKIP_RULE","text-transform":"CT_CSS_SKIP_RULE","text-decoration":"CT_CSS_SKIP_RULE"},"breadcrumbsFontColor":{"default":{"color":"CT_CSS_SKIP_RULEDEFAULT"},"initial":{"color":"CT_CSS_SKIP_RULEDEFAULT"},"hover":{"color":"CT_CSS_SKIP_RULEDEFAULT"}},"pageTitleOverlay":{"background_type":"color","background_pattern":"type-1","background_image":{"attachment_id":null,"x":0,"y":0},"gradient":"linear-gradient(135deg,rgba(6,147,227,1) 0%,rgb(155,81,224) 100%)","background_repeat":"repeat","background_size":"auto","background_attachment":"scroll","patternColor":{"default":{"color":"#e5e7ea"}},"overlayColor":{"default":{"color":"CT_CSS_SKIP_RULE"}},"backgroundColor":{"default":{"color":"CT_CSS_SKIP_RULE"}}},"pageTitleBackground":{"background_type":"color","background_pattern":"type-1","background_image":{"attachment_id":null,"x":0,"y":0},"gradient":"linear-gradient(135deg,rgba(6,147,227,1) 0%,rgb(155,81,224) 100%)","background_repeat":"repeat","background_size":"auto","background_attachment":"scroll","patternColor":{"default":{"color":"#e5e7ea"}},"overlayColor":{"default":{"color":"CT_CSS_SKIP_RULE"}},"backgroundColor":{"default":{"color":"var(--theme-palette-color-6)"}}},"pageTitlePadding":{"top":"50px","bottom":"50px","left":"auto","right":"auto","linked":true},"eba25506a86953c395b61aeb80c3ca2d":"","page_structure_type":"default","653fd0425713646e5318053e5570eeb1":"","content_style_source":"inherit","content_style":"wide","vertical_spacing_source":"custom","content_area_spacing":"none","background":{"background_type":"color","background_pattern":"type-1","background_image":{"attachment_id":null,"x":0,"y":0},"gradient":"linear-gradient(135deg,rgba(6,147,227,1) 0%,rgb(155,81,224) 100%)","background_repeat":"repeat","background_size":"auto","background_attachment":"scroll","patternColor":{"default":{"color":"#e5e7ea"}},"overlayColor":{"default":{"color":"CT_CSS_SKIP_RULE"}},"backgroundColor":{"default":{"color":"CT_CSS_SKIP_RULE"}}},"content_background":{"background_type":"color","background_pattern":"type-1","background_image":{"attachment_id":null,"x":0,"y":0},"gradient":"linear-gradient(135deg,rgba(6,147,227,1) 0%,rgb(155,81,224) 100%)","background_repeat":"repeat","background_size":"auto","background_attachment":"scroll","patternColor":{"default":{"color":"#e5e7ea"}},"overlayColor":{"default":{"color":"CT_CSS_SKIP_RULE"}},"backgroundColor":{"default":{"color":"var(--theme-palette-color-8)"}}},"content_boxed_shadow":{"inherit":false,"blur":18,"spread":-6,"v_offset":12,"h_offset":0,"inset":false,"enable":true,"color":{"color":"rgba(34, 56, 101, 0.04)"}},"boxed_content_spacing":{"desktop":{"top":"40px","bottom":"40px","left":"40px","right":"40px","linked":true},"tablet":{"top":"35px","bottom":"35px","left":"35px","right":"35px","linked":true},"mobile":{"top":"20px","bottom":"20px","left":"20px","right":"20px","linked":true}},"content_boxed_radius":{"top":"3px","bottom":"3px","left":"3px","right":"3px","linked":true},"7992791a59a9cb710c125115fbd410b3":"","disable_featured_image":"no","disable_share_box":"no","disable_header":"no","disable_footer":"no","styles_descriptor":{"styles":{"desktop":"","tablet":"","mobile":""},"google_fonts":[],"version":6}},"featured_image_urls":{"full":"","thumbnail":"","medium":"","medium_large":"","large":"","1536x1536":"","2048x2048":"","trp-custom-language-flag":""},"post_excerpt_stackable":"<p>Facebook \u015firketler, markalar, kurumlar ve kamuyu ilgilendiren ki\u015filer i\u00e7in kapsaml\u0131 pazarlama se\u00e7enekleri sunuyor. Bu yeni bir \u015fey de\u011fil; Facebook&#8217;ta 140 milyondan fazla \u015firket aktif. Ba\u015fka hi\u00e7bir \u00e7evrimi\u00e7i platform, s\u00fcrekli olarak geli\u015ftirilen yenilik\u00e7i i\u00e7erik ve formatlarla e\u015fle\u015ftirilmi\u015f, benzer \u015fekilde karma\u015f\u0131k ve sofistike bir hedef grup se\u00e7imi sunmamaktad\u0131r. Bug\u00fcn TV, radyo ve yaz\u0131l\u0131 bas\u0131n gibi geleneksel kanallar\u0131 geride b\u0131rakan b\u00fcy\u00fck bir avantaj. Kula\u011fa heyecan verici geliyor de\u011fil mi? Ancak \u00e7o\u011fu \u015firket, ki\u015fiye \u00f6zel sosyal medya reklam kampanyalar\u0131 kullanarak daha da fazla potansiyelden yararlanabileceklerini \u00e7o\u011fu zaman bilmiyor. Sadece bir Facebook kampanyas\u0131 olu\u015fturun ve i\u015finiz bitti mi? G\u00fczel olurdu\u2026 \u0130\u015fte tam da bu noktada&hellip;<\/p>\n","category_list":"","author_info":{"name":"feriado","url":"https:\/\/bayramdokmeci.com\/pt\/author\/bayram\/"},"comments_num":"0 comments","_links":{"self":[{"href":"https:\/\/bayramdokmeci.com\/pt\/wp-json\/wp\/v2\/pages\/835","targetHints":{"allow":["GET"]}}],"collection":[{"href":"https:\/\/bayramdokmeci.com\/pt\/wp-json\/wp\/v2\/pages"}],"about":[{"href":"https:\/\/bayramdokmeci.com\/pt\/wp-json\/wp\/v2\/types\/page"}],"author":[{"embeddable":true,"href":"https:\/\/bayramdokmeci.com\/pt\/wp-json\/wp\/v2\/users\/1"}],"replies":[{"embeddable":true,"href":"https:\/\/bayramdokmeci.com\/pt\/wp-json\/wp\/v2\/comments?post=835"}],"version-history":[{"count":3,"href":"https:\/\/bayramdokmeci.com\/pt\/wp-json\/wp\/v2\/pages\/835\/revisions"}],"predecessor-version":[{"id":1015,"href":"https:\/\/bayramdokmeci.com\/pt\/wp-json\/wp\/v2\/pages\/835\/revisions\/1015"}],"wp:attachment":[{"href":"https:\/\/bayramdokmeci.com\/pt\/wp-json\/wp\/v2\/media?parent=835"}],"curies":[{"name":"wp","href":"https:\/\/api.w.org\/{rel}","templated":true}]}}