{"id":835,"date":"2024-02-09T09:51:08","date_gmt":"2024-02-09T09:51:08","guid":{"rendered":"https:\/\/bayramdokmeci.com\/?page_id=835"},"modified":"2026-02-17T12:58:52","modified_gmt":"2026-02-17T12:58:52","slug":"facebook-pazarlama","status":"publish","type":"page","link":"https:\/\/bayramdokmeci.com\/fr\/facebook-pazarlama\/","title":{"rendered":"Marketing Facebook"},"content":{"rendered":"<div class=\"wp-block-columns is-layout-flex wp-container-core-columns-is-layout-28f84493 wp-block-columns-is-layout-flex\">\n<div class=\"wp-block-column is-layout-flow wp-block-column-is-layout-flow\" style=\"flex-basis:100%\">\n<div class=\"wp-block-stackable-image stk-block-image stk-block stk-582b4d7\" data-block-id=\"582b4d7\"><figure><span class=\"stk-img-wrapper stk-image--shape-stretch\"><img loading=\"lazy\" decoding=\"async\" class=\"stk-img wp-image-837\" src=\"https:\/\/cdn.bayramdokmeci.com\/2024\/02\/facebook-marketing.jpg\" width=\"1182\" height=\"634\" srcset=\"https:\/\/cdn.bayramdokmeci.com\/2024\/02\/facebook-marketing.jpg 1182w, https:\/\/cdn.bayramdokmeci.com\/2024\/02\/facebook-marketing-300x161.jpg 300w, https:\/\/cdn.bayramdokmeci.com\/2024\/02\/facebook-marketing-1024x549.jpg 1024w, https:\/\/cdn.bayramdokmeci.com\/2024\/02\/facebook-marketing-768x412.jpg 768w\" sizes=\"auto, (max-width: 1182px) 100vw, 1182px\" \/><\/span><\/figure><\/div>\n<\/div>\n<\/div>\n\n\n\n<p>Facebook propose des options marketing compl\u00e8tes pour les entreprises, les marques, les institutions et les personnalit\u00e9s publiques. Ce n'est pas nouveau\u00a0: plus de 140 millions d'entreprises sont actives sur Facebook. Aucune autre plateforme en ligne n'offre un choix aussi pr\u00e9cis et diversifi\u00e9 d'audiences cibles, associ\u00e9 \u00e0 des contenus et des formats innovants en constante \u00e9volution. C'est un avantage consid\u00e9rable, qui surpasse aujourd'hui les m\u00e9dias traditionnels comme la t\u00e9l\u00e9vision, la radio et la presse \u00e9crite. Tentant, n'est-ce pas\u00a0?<\/p>\n\n\n\n<p>Cependant, de nombreuses entreprises ignorent qu'elles pourraient exploiter un potentiel encore plus grand gr\u00e2ce \u00e0 des campagnes publicitaires personnalis\u00e9es sur les r\u00e9seaux sociaux. Cr\u00e9er une campagne Facebook et le tour est jou\u00e9\u00a0? Ce serait formidable\u2026 C'est pr\u00e9cis\u00e9ment l\u00e0 que les conseils d'un expert Facebook s'av\u00e8rent souvent indispensables.<\/p>\n\n\n\n<p>Nous croyons en l'importance du lien entre les personnes, des messages percutants et d'une diffusion optimale. Pour nous, une strat\u00e9gie de communication ne saurait se concevoir sans une strat\u00e9gie m\u00e9dia. La magie du marketing Facebook r\u00e9side dans la capacit\u00e9 \u00e0 atteindre une audience cible pr\u00e9cis\u00e9ment d\u00e9finie gr\u00e2ce \u00e0 des messages cibl\u00e9s. Utilisez les publicit\u00e9s Facebook pour accro\u00eetre la notori\u00e9t\u00e9 de votre marque, booster le trafic de votre site web, vos ventes et vos conversions. Assurez-vous que votre audience cible connaisse votre page Facebook. Faites la promotion d'\u00e9v\u00e9nements, attirez des clients potentiels, orientez votre audience cible vers votre site web, votre application mobile ou votre application Facebook, ou augmentez la fr\u00e9quence des visites en magasin. Ainsi, votre contenu atteint les personnes r\u00e9ellement int\u00e9ress\u00e9es. Il s'agit pour nous de campagnes publicitaires avanc\u00e9es qui permettent de positionner les marques dans un environnement pertinent et de fid\u00e9liser les utilisateurs.<\/p>\n\n\n\n<p>PARTENAIRE COMMERCIAL META<br>Notre \u00e9quipe est certifi\u00e9e Facebook Blueprint.<\/p>\n\n\n\n<div class=\"wp-block-stackable-image stk-block-image has-text-align-left stk-block stk-477e103\" data-block-id=\"477e103\"><style>.stk-477e103 .stk-img-wrapper{width:30% !important}<\/style><figure><span class=\"stk-img-wrapper stk-image--shape-stretch\"><img loading=\"lazy\" decoding=\"async\" class=\"stk-img wp-image-1012\" src=\"https:\/\/cdn.bayramdokmeci.com\/2024\/02\/meta-partner.png\" width=\"240\" height=\"137\"\/><\/span><\/figure><\/div>","protected":false},"excerpt":{"rendered":"<p>Facebook \u015firketler, markalar, kurumlar ve kamuyu ilgilendiren ki\u015filer i\u00e7in kapsaml\u0131 pazarlama se\u00e7enekleri sunuyor. Bu yeni bir \u015fey de\u011fil; Facebook&#8217;ta 140 milyondan fazla \u015firket aktif. Ba\u015fka hi\u00e7bir \u00e7evrimi\u00e7i platform, s\u00fcrekli olarak geli\u015ftirilen yenilik\u00e7i i\u00e7erik ve formatlarla e\u015fle\u015ftirilmi\u015f, benzer \u015fekilde karma\u015f\u0131k ve sofistike bir hedef grup se\u00e7imi sunmamaktad\u0131r. Bug\u00fcn TV, radyo ve yaz\u0131l\u0131 bas\u0131n gibi geleneksel kanallar\u0131 [&hellip;]<\/p>\n","protected":false},"author":1,"featured_media":0,"parent":0,"menu_order":0,"comment_status":"closed","ping_status":"closed","template":"","meta":{"footnotes":""},"class_list":["post-835","page","type-page","status-publish","hentry"],"blocksy_meta":{"page_title_panel":"","has_hero_section":"disabled","b5eab4b45fc993c35f414f196001c1b3":"","hero_section":"type-1","hero_elements":[{"id":"custom_title","enabled":true,"heading_tag":"h1","title":"Home"},{"id":"custom_description","enabled":true,"description_visibility":{"desktop":true,"tablet":true,"mobile":false}},{"id":"custom_meta","enabled":false,"meta_elements":[{"id":"author","enabled":true,"label":"By","has_author_avatar":"yes","avatar_size":25},{"id":"post_date","enabled":true,"label":"On","date_format_source":"default","date_format":"M j, Y"},{"id":"updated_date","enabled":false,"label":"On","date_format_source":"default","date_format":"M j, Y"},{"id":"categories","enabled":false,"label":"In","style":"simple"},{"id":"comments","enabled":true}],"page_meta_elements":{"joined":true,"articles_count":true,"comments":true}},{"id":"breadcrumbs","enabled":false}],"76f4d01deefcea6e36539ad1e0b44d7b":"","hero_alignment1":"CT_CSS_SKIP_RULE","hero_margin":40,"hero_alignment2":"center","hero_vertical_alignment":"center","0949b4a7e32105b1f86c9539ab4f63fe":"","hero_structure":"narrow","8b5cdd064d547fd8f2f567b9e5031f2c":"","page_title_bg_type":"featured_image","custom_hero_background":{"attachment_id":null},"parallax":{"desktop":false,"tablet":false,"mobile":false},"b8535cf0316ce12df016fa4a68ddf005":"","hero_height":"250px","pageTitleFont":{"family":"Default","variation":"Default","size":"30px","line-height":"CT_CSS_SKIP_RULE","letter-spacing":"CT_CSS_SKIP_RULE","text-transform":"CT_CSS_SKIP_RULE","text-decoration":"CT_CSS_SKIP_RULE"},"pageTitleFontColor":{"default":{"color":"CT_CSS_SKIP_RULEDEFAULT"}},"pageMetaFont":{"family":"Default","variation":"n6","size":"12px","line-height":"1.3","letter-spacing":"CT_CSS_SKIP_RULE","text-transform":"uppercase","text-decoration":"CT_CSS_SKIP_RULE"},"pageMetaFontColor":{"default":{"color":"CT_CSS_SKIP_RULEDEFAULT"},"hover":{"color":"CT_CSS_SKIP_RULEDEFAULT"}},"page_meta_button_type_font_colors":{"default":{"color":"CT_CSS_SKIP_RULEDEFAULT"},"hover":{"color":"CT_CSS_SKIP_RULEDEFAULT"}},"page_meta_button_type_background_colors":{"default":{"color":"CT_CSS_SKIP_RULEDEFAULT"},"hover":{"color":"CT_CSS_SKIP_RULEDEFAULT"}},"pageExcerptFont":{"family":"Default","variation":"Default","size":"CT_CSS_SKIP_RULE","line-height":"CT_CSS_SKIP_RULE","letter-spacing":"CT_CSS_SKIP_RULE","text-transform":"CT_CSS_SKIP_RULE","text-decoration":"CT_CSS_SKIP_RULE"},"pageExcerptColor":{"default":{"color":"CT_CSS_SKIP_RULEDEFAULT"}},"breadcrumbsFont":{"family":"Default","variation":"Default","size":"CT_CSS_SKIP_RULE","line-height":"CT_CSS_SKIP_RULE","letter-spacing":"CT_CSS_SKIP_RULE","text-transform":"CT_CSS_SKIP_RULE","text-decoration":"CT_CSS_SKIP_RULE"},"breadcrumbsFontColor":{"default":{"color":"CT_CSS_SKIP_RULEDEFAULT"},"initial":{"color":"CT_CSS_SKIP_RULEDEFAULT"},"hover":{"color":"CT_CSS_SKIP_RULEDEFAULT"}},"pageTitleOverlay":{"background_type":"color","background_pattern":"type-1","background_image":{"attachment_id":null,"x":0,"y":0},"gradient":"linear-gradient(135deg,rgba(6,147,227,1) 0%,rgb(155,81,224) 100%)","background_repeat":"repeat","background_size":"auto","background_attachment":"scroll","patternColor":{"default":{"color":"#e5e7ea"}},"overlayColor":{"default":{"color":"CT_CSS_SKIP_RULE"}},"backgroundColor":{"default":{"color":"CT_CSS_SKIP_RULE"}}},"pageTitleBackground":{"background_type":"color","background_pattern":"type-1","background_image":{"attachment_id":null,"x":0,"y":0},"gradient":"linear-gradient(135deg,rgba(6,147,227,1) 0%,rgb(155,81,224) 100%)","background_repeat":"repeat","background_size":"auto","background_attachment":"scroll","patternColor":{"default":{"color":"#e5e7ea"}},"overlayColor":{"default":{"color":"CT_CSS_SKIP_RULE"}},"backgroundColor":{"default":{"color":"var(--theme-palette-color-6)"}}},"pageTitlePadding":{"top":"50px","bottom":"50px","left":"auto","right":"auto","linked":true},"eba25506a86953c395b61aeb80c3ca2d":"","page_structure_type":"default","653fd0425713646e5318053e5570eeb1":"","content_style_source":"inherit","content_style":"wide","vertical_spacing_source":"custom","content_area_spacing":"none","background":{"background_type":"color","background_pattern":"type-1","background_image":{"attachment_id":null,"x":0,"y":0},"gradient":"linear-gradient(135deg,rgba(6,147,227,1) 0%,rgb(155,81,224) 100%)","background_repeat":"repeat","background_size":"auto","background_attachment":"scroll","patternColor":{"default":{"color":"#e5e7ea"}},"overlayColor":{"default":{"color":"CT_CSS_SKIP_RULE"}},"backgroundColor":{"default":{"color":"CT_CSS_SKIP_RULE"}}},"content_background":{"background_type":"color","background_pattern":"type-1","background_image":{"attachment_id":null,"x":0,"y":0},"gradient":"linear-gradient(135deg,rgba(6,147,227,1) 0%,rgb(155,81,224) 100%)","background_repeat":"repeat","background_size":"auto","background_attachment":"scroll","patternColor":{"default":{"color":"#e5e7ea"}},"overlayColor":{"default":{"color":"CT_CSS_SKIP_RULE"}},"backgroundColor":{"default":{"color":"var(--theme-palette-color-8)"}}},"content_boxed_shadow":{"inherit":false,"blur":18,"spread":-6,"v_offset":12,"h_offset":0,"inset":false,"enable":true,"color":{"color":"rgba(34, 56, 101, 0.04)"}},"boxed_content_spacing":{"desktop":{"top":"40px","bottom":"40px","left":"40px","right":"40px","linked":true},"tablet":{"top":"35px","bottom":"35px","left":"35px","right":"35px","linked":true},"mobile":{"top":"20px","bottom":"20px","left":"20px","right":"20px","linked":true}},"content_boxed_radius":{"top":"3px","bottom":"3px","left":"3px","right":"3px","linked":true},"7992791a59a9cb710c125115fbd410b3":"","disable_featured_image":"no","disable_share_box":"no","disable_header":"no","disable_footer":"no","styles_descriptor":{"styles":{"desktop":"","tablet":"","mobile":""},"google_fonts":[],"version":6}},"featured_image_urls":{"full":"","thumbnail":"","medium":"","medium_large":"","large":"","1536x1536":"","2048x2048":"","trp-custom-language-flag":""},"post_excerpt_stackable":"<p>Facebook \u015firketler, markalar, kurumlar ve kamuyu ilgilendiren ki\u015filer i\u00e7in kapsaml\u0131 pazarlama se\u00e7enekleri sunuyor. Bu yeni bir \u015fey de\u011fil; Facebook&#8217;ta 140 milyondan fazla \u015firket aktif. Ba\u015fka hi\u00e7bir \u00e7evrimi\u00e7i platform, s\u00fcrekli olarak geli\u015ftirilen yenilik\u00e7i i\u00e7erik ve formatlarla e\u015fle\u015ftirilmi\u015f, benzer \u015fekilde karma\u015f\u0131k ve sofistike bir hedef grup se\u00e7imi sunmamaktad\u0131r. Bug\u00fcn TV, radyo ve yaz\u0131l\u0131 bas\u0131n gibi geleneksel kanallar\u0131 geride b\u0131rakan b\u00fcy\u00fck bir avantaj. Kula\u011fa heyecan verici geliyor de\u011fil mi? Ancak \u00e7o\u011fu \u015firket, ki\u015fiye \u00f6zel sosyal medya reklam kampanyalar\u0131 kullanarak daha da fazla potansiyelden yararlanabileceklerini \u00e7o\u011fu zaman bilmiyor. Sadece bir Facebook kampanyas\u0131 olu\u015fturun ve i\u015finiz bitti mi? G\u00fczel olurdu\u2026 \u0130\u015fte tam da bu noktada\u2026<\/p>\n","category_list":"","author_info":{"name":"vacances","url":"https:\/\/bayramdokmeci.com\/fr\/author\/bayram\/"},"comments_num":"0 comments","_links":{"self":[{"href":"https:\/\/bayramdokmeci.com\/fr\/wp-json\/wp\/v2\/pages\/835","targetHints":{"allow":["GET"]}}],"collection":[{"href":"https:\/\/bayramdokmeci.com\/fr\/wp-json\/wp\/v2\/pages"}],"about":[{"href":"https:\/\/bayramdokmeci.com\/fr\/wp-json\/wp\/v2\/types\/page"}],"author":[{"embeddable":true,"href":"https:\/\/bayramdokmeci.com\/fr\/wp-json\/wp\/v2\/users\/1"}],"replies":[{"embeddable":true,"href":"https:\/\/bayramdokmeci.com\/fr\/wp-json\/wp\/v2\/comments?post=835"}],"version-history":[{"count":3,"href":"https:\/\/bayramdokmeci.com\/fr\/wp-json\/wp\/v2\/pages\/835\/revisions"}],"predecessor-version":[{"id":1015,"href":"https:\/\/bayramdokmeci.com\/fr\/wp-json\/wp\/v2\/pages\/835\/revisions\/1015"}],"wp:attachment":[{"href":"https:\/\/bayramdokmeci.com\/fr\/wp-json\/wp\/v2\/media?parent=835"}],"curies":[{"name":"wp","href":"https:\/\/api.w.org\/{rel}","templated":true}]}}