{"id":812,"date":"2024-02-09T07:52:51","date_gmt":"2024-02-09T07:52:51","guid":{"rendered":"https:\/\/bayramdokmeci.com\/?page_id=812"},"modified":"2026-02-17T12:59:12","modified_gmt":"2026-02-17T12:59:12","slug":"arama-motoru-pazarlama","status":"publish","type":"page","link":"https:\/\/bayramdokmeci.com\/fr\/arama-motoru-pazarlama\/","title":{"rendered":"Marketing des moteurs de recherche"},"content":{"rendered":"<div class=\"wp-block-columns is-layout-flex wp-container-core-columns-is-layout-28f84493 wp-block-columns-is-layout-flex\">\n<div class=\"wp-block-column is-layout-flow wp-block-column-is-layout-flow\" style=\"flex-basis:100%\">\n<div class=\"wp-block-stackable-image stk-block-image stk-block stk-582b4d7\" data-block-id=\"582b4d7\"><figure><span class=\"stk-img-wrapper stk-image--shape-stretch\"><img loading=\"lazy\" decoding=\"async\" class=\"stk-img wp-image-833\" src=\"https:\/\/cdn.bayramdokmeci.com\/2024\/02\/Google-Ads.jpg\" width=\"1542\" height=\"1044\" srcset=\"https:\/\/cdn.bayramdokmeci.com\/2024\/02\/Google-Ads.jpg 1542w, https:\/\/cdn.bayramdokmeci.com\/2024\/02\/Google-Ads-300x203.jpg 300w, https:\/\/cdn.bayramdokmeci.com\/2024\/02\/Google-Ads-1024x693.jpg 1024w, https:\/\/cdn.bayramdokmeci.com\/2024\/02\/Google-Ads-768x520.jpg 768w, https:\/\/cdn.bayramdokmeci.com\/2024\/02\/Google-Ads-1536x1040.jpg 1536w\" sizes=\"auto, (max-width: 1542px) 100vw, 1542px\" \/><\/span><\/figure><\/div>\n<\/div>\n<\/div>\n\n\n\n<p>La publicit\u00e9 sur les moteurs de recherche (SEA), associ\u00e9e \u00e0 l'optimisation pour les moteurs de recherche (SEO), est l'un des deux outils les plus importants du marketing en ligne.<\/p>\n\n\n\n<p>Pour que votre site web ne soit pas aussi difficile \u00e0 r\u00e9f\u00e9rencer que de chercher une aiguille dans une botte de foin, le marketing en ligne exige les bons mots-cl\u00e9s au bon moment. En mati\u00e8re de r\u00e9f\u00e9rencement, la cl\u00e9 r\u00e9side souvent dans les d\u00e9tails.<\/p>\n\n\n\n<p>Cr\u00e9er une campagne Google Ads ou Microsoft Ads (anciennement Bing) est rapide, mais il est essentiel de ma\u00eetriser les risques li\u00e9s au SEA et de savoir comment l'optimiser. La qualit\u00e9 prime sur la quantit\u00e9. Vous souhaitez am\u00e9liorer votre r\u00e9f\u00e9rencement et atteindre les premi\u00e8res positions aupr\u00e8s de vos cibles\u00a0? Nous serions ravis de vous accompagner dans la conception et la mise en \u0153uvre de votre campagne SEA\u00a0; contactez-nous\u00a0!<\/p>\n\n\n\n<p>Le marketing Google Ads est un sujet complexe qui, mal utilis\u00e9, peut engendrer plus de co\u00fbts que de ventes. Toutefois, outre le r\u00e9f\u00e9rencement naturel sur les moteurs de recherche, la publicit\u00e9 sur les moteurs de recherche (via l'optimisation pour les moteurs de recherche) est \u00e9galement un moyen d'attirer des visiteurs qualifi\u00e9s sur votre site web.<\/p>\n\n\n\n<p>Nous vous conseillons sur l'utilisation de Google Ads et collaborons avec vous pour \u00e9laborer des strat\u00e9gies de marketing sur les moteurs de recherche afin d'aider votre entreprise \u00e0 atteindre ses objectifs. Gr\u00e2ce au suivi des conversions Google Ads et \u00e0 Google Analytics, nous pouvons identifier pr\u00e9cis\u00e9ment les campagnes, les groupes cibles, les textes d'annonces et les mots cl\u00e9s les plus performants. Google Ads vous permet de diffuser des annonces optimis\u00e9es au clic sur le R\u00e9seau de Recherche Google pour des mots cl\u00e9s sp\u00e9cifiques, augmentant ainsi le trafic vers votre site web, votre boutique ou votre blog, et bien plus encore. Vous pouvez \u00e9galement diffuser des annonces (texte\/image) sur le R\u00e9seau Display de Google, touchant pr\u00e8s de 90 % des internautes. En analysant et en optimisant en continu vos campagnes Google Ads en fonction des objectifs d\u00e9finis pour votre site web, vous optimisez votre budget marketing.<\/p>\n\n\n\n<p>Vous souhaitez faire de la publicit\u00e9 professionnelle sur les moteurs de recherche et diffuser des annonces Google\u00a0? L\u2019agence de publicit\u00e9 Bayram D\u00f6kmeci, en Turquie, est l\u2019une des agences de conseil certifi\u00e9es \u00ab\u00a0Google Premier Partner\u00a0\u00bb et \u00ab\u00a0Accredited Professional Company\u00a0\u00bb pour Microsoft Ads (anciennement Bing). Nous sommes un gage de comp\u00e9tence et le partenaire id\u00e9al pour votre marketing sur les moteurs de recherche\u00a0!<\/p>\n\n\n\n<p>PARTENAIRES PUBLICITAIRES DE GOOGLE PREMIER ET DE MICROSOFT<br>Bayram Dokmeci<br>Partenaire Google Premier<br>et partenaire publicitaire de Microsoft.<\/p>\n\n\n\n<div class=\"wp-block-stackable-image stk-block-image has-text-align-left stk-block stk-4605d12\" data-block-id=\"4605d12\"><style>.stk-4605d12 .stk-img-wrapper{width:30% !important}<\/style><figure><span class=\"stk-img-wrapper stk-image--shape-stretch\"><img loading=\"lazy\" decoding=\"async\" class=\"stk-img wp-image-1013\" src=\"https:\/\/cdn.bayramdokmeci.com\/2024\/02\/PremierPartner-RGB.svg\" width=\"30\" height=\"300\"\/><\/span><\/figure><\/div>","protected":false},"excerpt":{"rendered":"<p>Arama motoru reklamc\u0131l\u0131\u011f\u0131 veya arama motoru reklamc\u0131l\u0131\u011f\u0131 (SEA), arama motoru optimizasyonu (Arama Motoru Optimizasyonu\/SEO) ile birlikte \u00e7evrimi\u00e7i pazarlaman\u0131n en \u00f6nemli iki arac\u0131ndan biridir. Web sitenizi bulman\u0131n samanl\u0131kta i\u011fne aramaya benzememesini sa\u011flamak i\u00e7in internet pazarlamac\u0131l\u0131\u011f\u0131, do\u011fru zamanda do\u011fru anahtar kelimeleri gerektirir. Arama motoru pazarlamac\u0131l\u0131\u011f\u0131nda p\u00fcf nokta genellikle ayr\u0131nt\u0131da gizlidir. Bir Google Ads veya Microsoft Ads (eski [&hellip;]<\/p>\n","protected":false},"author":1,"featured_media":0,"parent":0,"menu_order":0,"comment_status":"closed","ping_status":"closed","template":"","meta":{"footnotes":""},"class_list":["post-812","page","type-page","status-publish","hentry"],"blocksy_meta":{"page_title_panel":"","has_hero_section":"disabled","b5eab4b45fc993c35f414f196001c1b3":"","hero_section":"type-1","hero_elements":[{"id":"custom_title","enabled":true,"heading_tag":"h1","title":"Home"},{"id":"custom_description","enabled":true,"description_visibility":{"desktop":true,"tablet":true,"mobile":false}},{"id":"custom_meta","enabled":false,"meta_elements":[{"id":"author","enabled":true,"label":"By","has_author_avatar":"yes","avatar_size":25},{"id":"post_date","enabled":true,"label":"On","date_format_source":"default","date_format":"M j, Y"},{"id":"updated_date","enabled":false,"label":"On","date_format_source":"default","date_format":"M j, Y"},{"id":"categories","enabled":false,"label":"In","style":"simple"},{"id":"comments","enabled":true}],"page_meta_elements":{"joined":true,"articles_count":true,"comments":true}},{"id":"breadcrumbs","enabled":false}],"76f4d01deefcea6e36539ad1e0b44d7b":"","hero_alignment1":"CT_CSS_SKIP_RULE","hero_margin":40,"hero_alignment2":"center","hero_vertical_alignment":"center","0949b4a7e32105b1f86c9539ab4f63fe":"","hero_structure":"narrow","8b5cdd064d547fd8f2f567b9e5031f2c":"","page_title_bg_type":"featured_image","custom_hero_background":{"attachment_id":null},"parallax":{"desktop":false,"tablet":false,"mobile":false},"b8535cf0316ce12df016fa4a68ddf005":"","hero_height":"250px","pageTitleFont":{"family":"Default","variation":"Default","size":"30px","line-height":"CT_CSS_SKIP_RULE","letter-spacing":"CT_CSS_SKIP_RULE","text-transform":"CT_CSS_SKIP_RULE","text-decoration":"CT_CSS_SKIP_RULE"},"pageTitleFontColor":{"default":{"color":"CT_CSS_SKIP_RULEDEFAULT"}},"pageMetaFont":{"family":"Default","variation":"n6","size":"12px","line-height":"1.3","letter-spacing":"CT_CSS_SKIP_RULE","text-transform":"uppercase","text-decoration":"CT_CSS_SKIP_RULE"},"pageMetaFontColor":{"default":{"color":"CT_CSS_SKIP_RULEDEFAULT"},"hover":{"color":"CT_CSS_SKIP_RULEDEFAULT"}},"page_meta_button_type_font_colors":{"default":{"color":"CT_CSS_SKIP_RULEDEFAULT"},"hover":{"color":"CT_CSS_SKIP_RULEDEFAULT"}},"page_meta_button_type_background_colors":{"default":{"color":"CT_CSS_SKIP_RULEDEFAULT"},"hover":{"color":"CT_CSS_SKIP_RULEDEFAULT"}},"pageExcerptFont":{"family":"Default","variation":"Default","size":"CT_CSS_SKIP_RULE","line-height":"CT_CSS_SKIP_RULE","letter-spacing":"CT_CSS_SKIP_RULE","text-transform":"CT_CSS_SKIP_RULE","text-decoration":"CT_CSS_SKIP_RULE"},"pageExcerptColor":{"default":{"color":"CT_CSS_SKIP_RULEDEFAULT"}},"breadcrumbsFont":{"family":"Default","variation":"Default","size":"CT_CSS_SKIP_RULE","line-height":"CT_CSS_SKIP_RULE","letter-spacing":"CT_CSS_SKIP_RULE","text-transform":"CT_CSS_SKIP_RULE","text-decoration":"CT_CSS_SKIP_RULE"},"breadcrumbsFontColor":{"default":{"color":"CT_CSS_SKIP_RULEDEFAULT"},"initial":{"color":"CT_CSS_SKIP_RULEDEFAULT"},"hover":{"color":"CT_CSS_SKIP_RULEDEFAULT"}},"pageTitleOverlay":{"background_type":"color","background_pattern":"type-1","background_image":{"attachment_id":null,"x":0,"y":0},"gradient":"linear-gradient(135deg,rgba(6,147,227,1) 0%,rgb(155,81,224) 100%)","background_repeat":"repeat","background_size":"auto","background_attachment":"scroll","patternColor":{"default":{"color":"#e5e7ea"}},"overlayColor":{"default":{"color":"CT_CSS_SKIP_RULE"}},"backgroundColor":{"default":{"color":"CT_CSS_SKIP_RULE"}}},"pageTitleBackground":{"background_type":"color","background_pattern":"type-1","background_image":{"attachment_id":null,"x":0,"y":0},"gradient":"linear-gradient(135deg,rgba(6,147,227,1) 0%,rgb(155,81,224) 100%)","background_repeat":"repeat","background_size":"auto","background_attachment":"scroll","patternColor":{"default":{"color":"#e5e7ea"}},"overlayColor":{"default":{"color":"CT_CSS_SKIP_RULE"}},"backgroundColor":{"default":{"color":"var(--theme-palette-color-6)"}}},"pageTitlePadding":{"top":"50px","bottom":"50px","left":"auto","right":"auto","linked":true},"eba25506a86953c395b61aeb80c3ca2d":"","page_structure_type":"default","653fd0425713646e5318053e5570eeb1":"","content_style_source":"inherit","content_style":"wide","vertical_spacing_source":"custom","content_area_spacing":"none","background":{"background_type":"color","background_pattern":"type-1","background_image":{"attachment_id":null,"x":0,"y":0},"gradient":"linear-gradient(135deg,rgba(6,147,227,1) 0%,rgb(155,81,224) 100%)","background_repeat":"repeat","background_size":"auto","background_attachment":"scroll","patternColor":{"default":{"color":"#e5e7ea"}},"overlayColor":{"default":{"color":"CT_CSS_SKIP_RULE"}},"backgroundColor":{"default":{"color":"CT_CSS_SKIP_RULE"}}},"content_background":{"background_type":"color","background_pattern":"type-1","background_image":{"attachment_id":null,"x":0,"y":0},"gradient":"linear-gradient(135deg,rgba(6,147,227,1) 0%,rgb(155,81,224) 100%)","background_repeat":"repeat","background_size":"auto","background_attachment":"scroll","patternColor":{"default":{"color":"#e5e7ea"}},"overlayColor":{"default":{"color":"CT_CSS_SKIP_RULE"}},"backgroundColor":{"default":{"color":"var(--theme-palette-color-8)"}}},"content_boxed_shadow":{"inherit":false,"blur":18,"spread":-6,"v_offset":12,"h_offset":0,"inset":false,"enable":true,"color":{"color":"rgba(34, 56, 101, 0.04)"}},"boxed_content_spacing":{"desktop":{"top":"40px","bottom":"40px","left":"40px","right":"40px","linked":true},"tablet":{"top":"35px","bottom":"35px","left":"35px","right":"35px","linked":true},"mobile":{"top":"20px","bottom":"20px","left":"20px","right":"20px","linked":true}},"content_boxed_radius":{"top":"3px","bottom":"3px","left":"3px","right":"3px","linked":true},"7992791a59a9cb710c125115fbd410b3":"","disable_featured_image":"no","disable_share_box":"no","disable_header":"no","disable_footer":"no","styles_descriptor":{"styles":{"desktop":"","tablet":"","mobile":""},"google_fonts":[],"version":6}},"featured_image_urls":{"full":"","thumbnail":"","medium":"","medium_large":"","large":"","1536x1536":"","2048x2048":"","trp-custom-language-flag":""},"post_excerpt_stackable":"<p>Arama motoru reklamc\u0131l\u0131\u011f\u0131 veya arama motoru reklamc\u0131l\u0131\u011f\u0131 (SEA), arama motoru optimizasyonu (Arama Motoru Optimizasyonu\/SEO) ile birlikte \u00e7evrimi\u00e7i pazarlaman\u0131n en \u00f6nemli iki arac\u0131ndan biridir. Web sitenizi bulman\u0131n samanl\u0131kta i\u011fne aramaya benzememesini sa\u011flamak i\u00e7in internet pazarlamac\u0131l\u0131\u011f\u0131, do\u011fru zamanda do\u011fru anahtar kelimeleri gerektirir. Arama motoru pazarlamac\u0131l\u0131\u011f\u0131nda p\u00fcf nokta genellikle ayr\u0131nt\u0131da gizlidir. Bir Google Ads veya Microsoft Ads (eski ad\u0131yla Bing) kampanyas\u0131 h\u0131zl\u0131 bir \u015fekilde olu\u015fturulabilir ancak SEA\u2019n\u0131n tehlikeleri ve iyi optmize oldu\u011funa dikkat edilmelidir. Daha az\u0131 daha fazlad\u0131r, kalite niceli\u011fin \u00f6n\u00fcne ge\u00e7er. \u0130lgili hedef gruplar aras\u0131nda arama motoru s\u0131ralamalar\u0131nda yerinizi artt\u0131rmak ve \u00fcst s\u0131ralarda yer almak ister misiniz? O zaman bir SEA kampanyas\u0131\u2026<\/p>\n","category_list":"","author_info":{"name":"vacances","url":"https:\/\/bayramdokmeci.com\/fr\/author\/bayram\/"},"comments_num":"0 comments","_links":{"self":[{"href":"https:\/\/bayramdokmeci.com\/fr\/wp-json\/wp\/v2\/pages\/812","targetHints":{"allow":["GET"]}}],"collection":[{"href":"https:\/\/bayramdokmeci.com\/fr\/wp-json\/wp\/v2\/pages"}],"about":[{"href":"https:\/\/bayramdokmeci.com\/fr\/wp-json\/wp\/v2\/types\/page"}],"author":[{"embeddable":true,"href":"https:\/\/bayramdokmeci.com\/fr\/wp-json\/wp\/v2\/users\/1"}],"replies":[{"embeddable":true,"href":"https:\/\/bayramdokmeci.com\/fr\/wp-json\/wp\/v2\/comments?post=812"}],"version-history":[{"count":12,"href":"https:\/\/bayramdokmeci.com\/fr\/wp-json\/wp\/v2\/pages\/812\/revisions"}],"predecessor-version":[{"id":1016,"href":"https:\/\/bayramdokmeci.com\/fr\/wp-json\/wp\/v2\/pages\/812\/revisions\/1016"}],"wp:attachment":[{"href":"https:\/\/bayramdokmeci.com\/fr\/wp-json\/wp\/v2\/media?parent=812"}],"curies":[{"name":"wp","href":"https:\/\/api.w.org\/{rel}","templated":true}]}}