{"id":1135,"date":"2024-03-26T11:04:09","date_gmt":"2024-03-26T11:04:09","guid":{"rendered":"https:\/\/bayramdokmeci.com\/?page_id=1135"},"modified":"2024-03-26T11:06:50","modified_gmt":"2024-03-26T11:06:50","slug":"otel-pazarlama","status":"publish","type":"page","link":"https:\/\/bayramdokmeci.com\/fr\/otel-pazarlama\/","title":{"rendered":"Marketing h\u00f4telier"},"content":{"rendered":"<div class=\"wp-block-stackable-columns alignfull stk-block-columns stk-block stk-cf247fd stk-block-background stk--has-background-overlay\" data-block-id=\"cf247fd\"><style>.stk-cf247fd{background-image:url(https:\/\/bayramdokmeci.com\/wp-content\/uploads\/2024\/02\/beach.jpg) !important}.stk-cf247fd:before{opacity:0 !important}@media screen and (max-width:767px){.stk-cf247fd{padding-right:0px !important}}<\/style><div class=\"stk-row stk-inner-blocks stk-block-content stk-content-align stk-cf247fd-column alignfull\">\n<div class=\"wp-block-stackable-column stk-block-column stk-column stk-block stk-e1982c3\" data-v=\"4\" data-block-id=\"e1982c3\"><style>.stk-e1982c3-container{margin-top:180px !important;margin-right:180px !important;margin-bottom:180px !important;margin-left:180px !important}<\/style><div class=\"stk-column-wrapper stk-block-column__content stk-container stk-e1982c3-container stk--no-background stk--no-padding\"><div class=\"stk-block-content stk-inner-blocks stk-e1982c3-inner-blocks\">\n<div class=\"wp-block-stackable-spacer stk-block-spacer stk--no-padding stk-block stk-0c5c918\" data-block-id=\"0c5c918\"><style>.stk-0c5c918{height:100px !important}<\/style><\/div>\n<\/div><\/div><\/div>\n<\/div><\/div>\n\n\n\n<div class=\"wp-block-stackable-spacer stk-block-spacer stk--no-padding stk-block stk-ecfb7b6\" data-block-id=\"ecfb7b6\"><style>.stk-ecfb7b6{height:50px !important}@media screen and (max-width:1023px){.stk-ecfb7b6{height:70px !important}}<\/style><\/div>\n\n\n\n<div class=\"wp-block-stackable-heading stk-block-heading stk-block-heading--v2 stk-block stk-6437c60 ct-advanced-heading\" title=\"%titre%\" id=\"otellerimiz-icin-cozum-ve-deger-uretmekten-mutluluk-duyariz\" data-block-id=\"6437c60\"><style>@media screen and (max-width:1023px){.stk-6437c60{margin-bottom:40px !important}}@media screen and (max-width:767px){.stk-6437c60{margin-bottom:35px !important}}<\/style><h2 class=\"stk-block-heading__text has-text-align-center-mobile\">Nous sommes heureux de cr\u00e9er des solutions et de la valeur pour nos h\u00f4tels.<\/h2><\/div>\n\n\n\n<p>Nous sommes une agence sp\u00e9cialis\u00e9e en marketing h\u00f4telier et nous nous concentrons sur la promotion professionnelle des h\u00f4tels et des entreprises touristiques en Turquie. En tant qu'agence \u00e0 service complet, nous offrons \u00e0 nos clients une gamme compl\u00e8te de services comprenant plus de 100 activit\u00e9s marketing couvrant tous les domaines. <\/p>\n\n\n\n<p>Nous nous concentrons sur la conception et la commercialisation continue de concepts h\u00f4teliers individuels.<\/p>\n\n\n\n<div class=\"wp-block-stackable-spacer stk-block-spacer stk--no-padding stk-block stk-bd6f3e7\" data-block-id=\"bd6f3e7\"><\/div>","protected":false},"excerpt":{"rendered":"<p>Otellerimiz i\u00e7in \u00e7\u00f6z\u00fcm ve de\u011fer \u00fcretmekten mutluluk duyar\u0131z Otel pazarlamas\u0131 konusunda uzmanla\u015fm\u0131\u015f bir ajans\u0131z ve T\u00fcrkiye\u2019deki otel ve turizm \u015firketlerinin profesyonel pazarlamas\u0131na odaklan\u0131yoruz. Tam hizmet ajans\u0131 olarak, m\u00fc\u015fterilerimize t\u00fcm pazarlama alanlar\u0131nda 100\u2019den fazla pazarlama faaliyetleri ile kapsaml\u0131 bir hizmet yelpazesi sunuyoruz. Bireysel otel konseptlerinin tasarlanmas\u0131na ve bunlar\u0131n s\u00fcrekli pazarlanmas\u0131na odaklan\u0131yoruz.<\/p>","protected":false},"author":1,"featured_media":0,"parent":0,"menu_order":0,"comment_status":"closed","ping_status":"closed","template":"","meta":{"footnotes":""},"class_list":["post-1135","page","type-page","status-publish","hentry"],"blocksy_meta":{"page_title_panel":"","has_hero_section":"disabled","94d8266d861ee2b6716f6fd6d3d1a6be":"","hero_section":"type-1","hero_elements":[{"id":"custom_title","enabled":true,"heading_tag":"h1","title":"Home"},{"id":"custom_description","enabled":true,"description_visibility":{"desktop":true,"tablet":true,"mobile":false}},{"id":"custom_meta","enabled":false,"meta_elements":[{"id":"author","enabled":true,"label":"By","has_author_avatar":"yes","avatar_size":25},{"id":"post_date","enabled":true,"label":"On","date_format_source":"default","date_format":"M j, Y"},{"id":"updated_date","enabled":false,"label":"On","date_format_source":"default","date_format":"M j, Y"},{"id":"categories","enabled":false,"label":"In","style":"simple"},{"id":"comments","enabled":true}],"page_meta_elements":{"joined":true,"articles_count":true,"comments":true}},{"id":"breadcrumbs","enabled":false}],"f41aead3c6029a63e8b257ac6a2ca3e7":"","hero_alignment1":"CT_CSS_SKIP_RULE","hero_margin":40,"hero_alignment2":"center","hero_vertical_alignment":"center","958dd5eda46e66e7c247ff10323fe14a":"","hero_structure":"narrow","e76ba1b6387eed561df1f2c7aebbb52f":"","page_title_bg_type":"featured_image","custom_hero_background":{"attachment_id":null},"parallax":{"desktop":false,"tablet":false,"mobile":false},"69745599bfaa2aa0fb056d487524d265":"","hero_height":"250px","pageTitleFont":{"family":"Default","variation":"Default","size":"30px","line-height":"CT_CSS_SKIP_RULE","letter-spacing":"CT_CSS_SKIP_RULE","text-transform":"CT_CSS_SKIP_RULE","text-decoration":"CT_CSS_SKIP_RULE"},"pageTitleFontColor":{"default":{"color":"CT_CSS_SKIP_RULEDEFAULT"}},"pageMetaFont":{"family":"Default","variation":"n6","size":"12px","line-height":"1.3","letter-spacing":"CT_CSS_SKIP_RULE","text-transform":"uppercase","text-decoration":"CT_CSS_SKIP_RULE"},"pageMetaFontColor":{"default":{"color":"CT_CSS_SKIP_RULEDEFAULT"},"hover":{"color":"CT_CSS_SKIP_RULEDEFAULT"}},"page_meta_button_type_font_colors":{"default":{"color":"CT_CSS_SKIP_RULEDEFAULT"},"hover":{"color":"CT_CSS_SKIP_RULEDEFAULT"}},"page_meta_button_type_background_colors":{"default":{"color":"CT_CSS_SKIP_RULEDEFAULT"},"hover":{"color":"CT_CSS_SKIP_RULEDEFAULT"}},"pageExcerptFont":{"family":"Default","variation":"Default","size":"CT_CSS_SKIP_RULE","line-height":"CT_CSS_SKIP_RULE","letter-spacing":"CT_CSS_SKIP_RULE","text-transform":"CT_CSS_SKIP_RULE","text-decoration":"CT_CSS_SKIP_RULE"},"pageExcerptColor":{"default":{"color":"CT_CSS_SKIP_RULEDEFAULT"}},"breadcrumbsFont":{"family":"Default","variation":"Default","size":"CT_CSS_SKIP_RULE","line-height":"CT_CSS_SKIP_RULE","letter-spacing":"CT_CSS_SKIP_RULE","text-transform":"CT_CSS_SKIP_RULE","text-decoration":"CT_CSS_SKIP_RULE"},"breadcrumbsFontColor":{"default":{"color":"CT_CSS_SKIP_RULEDEFAULT"},"initial":{"color":"CT_CSS_SKIP_RULEDEFAULT"},"hover":{"color":"CT_CSS_SKIP_RULEDEFAULT"}},"pageTitleOverlay":{"background_type":"color","background_pattern":"type-1","background_image":{"attachment_id":null,"x":0,"y":0},"gradient":"linear-gradient(135deg,rgba(6,147,227,1) 0%,rgb(155,81,224) 100%)","background_repeat":"repeat","background_size":"auto","background_attachment":"scroll","patternColor":{"default":{"color":"#e5e7ea"}},"overlayColor":{"default":{"color":"CT_CSS_SKIP_RULE"}},"backgroundColor":{"default":{"color":"CT_CSS_SKIP_RULE"}}},"pageTitleBackground":{"background_type":"color","background_pattern":"type-1","background_image":{"attachment_id":null,"x":0,"y":0},"gradient":"linear-gradient(135deg,rgba(6,147,227,1) 0%,rgb(155,81,224) 100%)","background_repeat":"repeat","background_size":"auto","background_attachment":"scroll","patternColor":{"default":{"color":"#e5e7ea"}},"overlayColor":{"default":{"color":"CT_CSS_SKIP_RULE"}},"backgroundColor":{"default":{"color":"var(--theme-palette-color-6)"}}},"pageTitlePadding":{"top":"50px","bottom":"50px","left":"auto","right":"auto","linked":true},"1d93e8be71fc37159bd056a6b4eb4d5f":"","page_structure_type":"default","4cb75e1abd4c273f3e6ebcb528cec230":"","content_style_source":"inherit","content_style":"wide","vertical_spacing_source":"custom","content_area_spacing":"none","background":{"background_type":"color","background_pattern":"type-1","background_image":{"attachment_id":null,"x":0,"y":0},"gradient":"linear-gradient(135deg,rgba(6,147,227,1) 0%,rgb(155,81,224) 100%)","background_repeat":"repeat","background_size":"auto","background_attachment":"scroll","patternColor":{"default":{"color":"#e5e7ea"}},"overlayColor":{"default":{"color":"CT_CSS_SKIP_RULE"}},"backgroundColor":{"default":{"color":"CT_CSS_SKIP_RULE"}}},"content_background":{"background_type":"color","background_pattern":"type-1","background_image":{"attachment_id":null,"x":0,"y":0},"gradient":"linear-gradient(135deg,rgba(6,147,227,1) 0%,rgb(155,81,224) 100%)","background_repeat":"repeat","background_size":"auto","background_attachment":"scroll","patternColor":{"default":{"color":"#e5e7ea"}},"overlayColor":{"default":{"color":"CT_CSS_SKIP_RULE"}},"backgroundColor":{"default":{"color":"var(--theme-palette-color-8)"}}},"content_boxed_shadow":{"inherit":false,"blur":18,"spread":-6,"v_offset":12,"h_offset":0,"inset":false,"enable":true,"color":{"color":"rgba(34, 56, 101, 0.04)"}},"boxed_content_spacing":{"desktop":{"top":"40px","bottom":"40px","left":"40px","right":"40px","linked":true},"tablet":{"top":"35px","bottom":"35px","left":"35px","right":"35px","linked":true},"mobile":{"top":"20px","bottom":"20px","left":"20px","right":"20px","linked":true}},"content_boxed_radius":{"top":"3px","bottom":"3px","left":"3px","right":"3px","linked":true},"ce8d94c2c91a29d6c4a43d5fbe270ee8":"","disable_featured_image":"no","disable_share_box":"no","disable_header":"no","disable_footer":"no","styles_descriptor":{"styles":{"desktop":"","tablet":"","mobile":""},"google_fonts":[],"version":6}},"featured_image_urls":{"full":"","thumbnail":"","medium":"","medium_large":"","large":"","1536x1536":"","2048x2048":"","trp-custom-language-flag":""},"post_excerpt_stackable":"<p>Otellerimiz i\u00e7in \u00e7\u00f6z\u00fcm ve de\u011fer \u00fcretmekten mutluluk duyar\u0131z Otel pazarlamas\u0131 konusunda uzmanla\u015fm\u0131\u015f bir ajans\u0131z ve T\u00fcrkiye\u2019deki otel ve turizm \u015firketlerinin profesyonel pazarlamas\u0131na odaklan\u0131yoruz. Tam hizmet ajans\u0131 olarak, m\u00fc\u015fterilerimize t\u00fcm pazarlama alanlar\u0131nda 100\u2019den fazla pazarlama faaliyetleri ile kapsaml\u0131 bir hizmet yelpazesi sunuyoruz. Bireysel otel konseptlerinin tasarlanmas\u0131na ve bunlar\u0131n s\u00fcrekli pazarlanmas\u0131na odaklan\u0131yoruz.<\/p>\n","category_list":"","author_info":{"name":"vacances","url":"https:\/\/bayramdokmeci.com\/fr\/author\/bayram\/"},"comments_num":"0 comments","_links":{"self":[{"href":"https:\/\/bayramdokmeci.com\/fr\/wp-json\/wp\/v2\/pages\/1135","targetHints":{"allow":["GET"]}}],"collection":[{"href":"https:\/\/bayramdokmeci.com\/fr\/wp-json\/wp\/v2\/pages"}],"about":[{"href":"https:\/\/bayramdokmeci.com\/fr\/wp-json\/wp\/v2\/types\/page"}],"author":[{"embeddable":true,"href":"https:\/\/bayramdokmeci.com\/fr\/wp-json\/wp\/v2\/users\/1"}],"replies":[{"embeddable":true,"href":"https:\/\/bayramdokmeci.com\/fr\/wp-json\/wp\/v2\/comments?post=1135"}],"version-history":[{"count":4,"href":"https:\/\/bayramdokmeci.com\/fr\/wp-json\/wp\/v2\/pages\/1135\/revisions"}],"predecessor-version":[{"id":1141,"href":"https:\/\/bayramdokmeci.com\/fr\/wp-json\/wp\/v2\/pages\/1135\/revisions\/1141"}],"wp:attachment":[{"href":"https:\/\/bayramdokmeci.com\/fr\/wp-json\/wp\/v2\/media?parent=1135"}],"curies":[{"name":"wp","href":"https:\/\/api.w.org\/{rel}","templated":true}]}}