{"id":846,"date":"2024-02-09T12:36:35","date_gmt":"2024-02-09T12:36:35","guid":{"rendered":"https:\/\/bayramdokmeci.com\/?page_id=846"},"modified":"2026-02-17T12:57:50","modified_gmt":"2026-02-17T12:57:50","slug":"linkedin-is-gelistirme","status":"publish","type":"page","link":"https:\/\/bayramdokmeci.com\/es\/linkedin-is-gelistirme\/","title":{"rendered":"Desarrollo de negocios en LinkedIn"},"content":{"rendered":"<div class=\"wp-block-columns is-layout-flex wp-container-core-columns-is-layout-28f84493 wp-block-columns-is-layout-flex\">\n<div class=\"wp-block-column is-layout-flow wp-block-column-is-layout-flow\" style=\"flex-basis:100%\">\n<div class=\"wp-block-stackable-image stk-block-image stk-block stk-582b4d7\" data-block-id=\"582b4d7\"><figure><span class=\"stk-img-wrapper stk-image--shape-stretch\"><img loading=\"lazy\" decoding=\"async\" class=\"stk-img wp-image-847\" src=\"https:\/\/cdn.bayramdokmeci.com\/2024\/02\/linkedin-marketing.jpg\" width=\"1182\" height=\"634\" srcset=\"https:\/\/cdn.bayramdokmeci.com\/2024\/02\/linkedin-marketing.jpg 1182w, https:\/\/cdn.bayramdokmeci.com\/2024\/02\/linkedin-marketing-300x161.jpg 300w, https:\/\/cdn.bayramdokmeci.com\/2024\/02\/linkedin-marketing-1024x549.jpg 1024w, https:\/\/cdn.bayramdokmeci.com\/2024\/02\/linkedin-marketing-768x412.jpg 768w\" sizes=\"auto, (max-width: 1182px) 100vw, 1182px\" \/><\/span><\/figure><\/div>\n<\/div>\n<\/div>\n\n\n\n<p>Con m\u00e1s de mil millones de usuarios activos en m\u00e1s de 200 pa\u00edses, LinkedIn es la red empresarial l\u00edder a nivel mundial. Ya sea para establecer contactos, reclutar personal o hacer marketing de contenidos, cualquiera que desee ser visible en el mundo empresarial est\u00e1 activo en LinkedIn.<br><br>Perfiles personales, perfiles de empresas, paneles de negocios, grupos, fuentes de noticias, anuncios de LinkedIn: LinkedIn se ha convertido en los \u00faltimos a\u00f1os en un mercado empresarial muy popular y hoy ofrece interesantes oportunidades de marketing para empresarios de todos los campos y empresas de todos los sectores.<\/p>\n\n\n\n<p>La plataforma de empleo ha reunido herramientas adecuadas para la contrataci\u00f3n en sus Soluciones de Talento. Desde una p\u00e1gina de empresa con un dise\u00f1o profesional hasta una p\u00e1gina de empleo y campa\u00f1as de marketing de RR. HH. relevantes, LinkedIn es un componente fundamental. LinkedIn ofrece la oportunidad de construir una imagen de marca de empleador clara y clara que ofrezca a los candidatos id\u00f3neos una imagen significativa de la empresa. Esto tambi\u00e9n incluye la posibilidad de mostrar puestos vacantes en la plataforma.<\/p>\n\n\n\n<p>LinkedIn tambi\u00e9n es una excelente plataforma para la comunicaci\u00f3n corporativa general. Te ayudamos a integrar la red social en tu estrategia de marketing y comunicaci\u00f3n, y te ofrecemos consejos y trucos para la interacci\u00f3n entre empleados y la empresa.<\/p>\n\n\n\n<p>LinkedIn es excelente para anunciarse en el entorno empresarial. El contenido patrocinado puede ayudarte a generar leads, dar a conocer tu marca o promocionar eventos. Sin embargo, crear una campa\u00f1a en LinkedIn no es f\u00e1cil. Con la estrategia de campa\u00f1a adecuada, una estructura l\u00f3gica, anuncios atractivos y grupos objetivo \u00f3ptimos, puedes alcanzar tus objetivos comerciales con nosotros. Te mostraremos c\u00f3mo hacerlo usando las mejores pr\u00e1cticas de LinkedIn.<\/p>\n\n\n\n<p>\u00a1Vivimos en LinkedIn! Juntos, desarrollaremos la estrategia de contenido y difusi\u00f3n m\u00e1s adecuada para ti, te mostraremos herramientas eficientes de mantenimiento y gesti\u00f3n, y te proporcionaremos un an\u00e1lisis profesional de los datos que recopiles.<\/p>\n\n\n\n<p>Somos un socio de soluciones de talento de LinkedIn.<br>Nuestro equipo est\u00e1 formado por expertos certificados por LinkedIn.<\/p>\n\n\n\n<div class=\"wp-block-stackable-image stk-block-image has-text-align-left stk-block stk-3245efa\" data-block-id=\"3245efa\"><style>.stk-3245efa .stk-img-wrapper{width:30% !important}<\/style><figure><span class=\"stk-img-wrapper stk-image--shape-stretch\"><img loading=\"lazy\" decoding=\"async\" class=\"stk-img wp-image-1010\" src=\"https:\/\/cdn.bayramdokmeci.com\/2024\/02\/LinkedIn_Talent_Solutions_Partner.png\" width=\"240\" height=\"96\"\/><\/span><\/figure><\/div>","protected":false},"excerpt":{"rendered":"<p>200&#8217;den fazla \u00fclkede bir milyar\u0131n \u00fczerinde aktif kullan\u0131c\u0131s\u0131 bulunan LinkedIn, d\u00fcnyan\u0131n en \u00f6nemli i\u015f a\u011f\u0131d\u0131r. \u0130ster i\u015f ba\u011flant\u0131lar\u0131 kurmak, ister i\u015fe al\u0131m, ister i\u00e7erik pazarlamayla ilgili olsun. \u0130\u015f d\u00fcnyas\u0131nda g\u00f6r\u00fcnmek isteyen herkes LinkedIn\u2019de aktif. Ki\u015fisel profiller, \u015firket profilleri, i\u015f panolar\u0131, gruplar, haber ak\u0131\u015f\u0131, LinkedIn reklamlar\u0131 &#8211; LinkedIn, son y\u0131llarda olduk\u00e7a s\u0131k ziyaret edilen bir i\u015f [&hellip;]<\/p>\n","protected":false},"author":1,"featured_media":0,"parent":0,"menu_order":0,"comment_status":"closed","ping_status":"closed","template":"","meta":{"footnotes":""},"class_list":["post-846","page","type-page","status-publish","hentry"],"blocksy_meta":{"page_title_panel":"","has_hero_section":"disabled","b5eab4b45fc993c35f414f196001c1b3":"","hero_section":"type-1","hero_elements":[{"id":"custom_title","enabled":true,"heading_tag":"h1","title":"Home"},{"id":"custom_description","enabled":true,"description_visibility":{"desktop":true,"tablet":true,"mobile":false}},{"id":"custom_meta","enabled":false,"meta_elements":[{"id":"author","enabled":true,"label":"By","has_author_avatar":"yes","avatar_size":25},{"id":"post_date","enabled":true,"label":"On","date_format_source":"default","date_format":"M j, Y"},{"id":"updated_date","enabled":false,"label":"On","date_format_source":"default","date_format":"M j, Y"},{"id":"categories","enabled":false,"label":"In","style":"simple"},{"id":"comments","enabled":true}],"page_meta_elements":{"joined":true,"articles_count":true,"comments":true}},{"id":"breadcrumbs","enabled":false}],"76f4d01deefcea6e36539ad1e0b44d7b":"","hero_alignment1":"CT_CSS_SKIP_RULE","hero_margin":40,"hero_alignment2":"center","hero_vertical_alignment":"center","0949b4a7e32105b1f86c9539ab4f63fe":"","hero_structure":"narrow","8b5cdd064d547fd8f2f567b9e5031f2c":"","page_title_bg_type":"featured_image","custom_hero_background":{"attachment_id":null},"parallax":{"desktop":false,"tablet":false,"mobile":false},"b8535cf0316ce12df016fa4a68ddf005":"","hero_height":"250px","pageTitleFont":{"family":"Default","variation":"Default","size":"30px","line-height":"CT_CSS_SKIP_RULE","letter-spacing":"CT_CSS_SKIP_RULE","text-transform":"CT_CSS_SKIP_RULE","text-decoration":"CT_CSS_SKIP_RULE"},"pageTitleFontColor":{"default":{"color":"CT_CSS_SKIP_RULEDEFAULT"}},"pageMetaFont":{"family":"Default","variation":"n6","size":"12px","line-height":"1.3","letter-spacing":"CT_CSS_SKIP_RULE","text-transform":"uppercase","text-decoration":"CT_CSS_SKIP_RULE"},"pageMetaFontColor":{"default":{"color":"CT_CSS_SKIP_RULEDEFAULT"},"hover":{"color":"CT_CSS_SKIP_RULEDEFAULT"}},"page_meta_button_type_font_colors":{"default":{"color":"CT_CSS_SKIP_RULEDEFAULT"},"hover":{"color":"CT_CSS_SKIP_RULEDEFAULT"}},"page_meta_button_type_background_colors":{"default":{"color":"CT_CSS_SKIP_RULEDEFAULT"},"hover":{"color":"CT_CSS_SKIP_RULEDEFAULT"}},"pageExcerptFont":{"family":"Default","variation":"Default","size":"CT_CSS_SKIP_RULE","line-height":"CT_CSS_SKIP_RULE","letter-spacing":"CT_CSS_SKIP_RULE","text-transform":"CT_CSS_SKIP_RULE","text-decoration":"CT_CSS_SKIP_RULE"},"pageExcerptColor":{"default":{"color":"CT_CSS_SKIP_RULEDEFAULT"}},"breadcrumbsFont":{"family":"Default","variation":"Default","size":"CT_CSS_SKIP_RULE","line-height":"CT_CSS_SKIP_RULE","letter-spacing":"CT_CSS_SKIP_RULE","text-transform":"CT_CSS_SKIP_RULE","text-decoration":"CT_CSS_SKIP_RULE"},"breadcrumbsFontColor":{"default":{"color":"CT_CSS_SKIP_RULEDEFAULT"},"initial":{"color":"CT_CSS_SKIP_RULEDEFAULT"},"hover":{"color":"CT_CSS_SKIP_RULEDEFAULT"}},"pageTitleOverlay":{"background_type":"color","background_pattern":"type-1","background_image":{"attachment_id":null,"x":0,"y":0},"gradient":"linear-gradient(135deg,rgba(6,147,227,1) 0%,rgb(155,81,224) 100%)","background_repeat":"repeat","background_size":"auto","background_attachment":"scroll","patternColor":{"default":{"color":"#e5e7ea"}},"overlayColor":{"default":{"color":"CT_CSS_SKIP_RULE"}},"backgroundColor":{"default":{"color":"CT_CSS_SKIP_RULE"}}},"pageTitleBackground":{"background_type":"color","background_pattern":"type-1","background_image":{"attachment_id":null,"x":0,"y":0},"gradient":"linear-gradient(135deg,rgba(6,147,227,1) 0%,rgb(155,81,224) 100%)","background_repeat":"repeat","background_size":"auto","background_attachment":"scroll","patternColor":{"default":{"color":"#e5e7ea"}},"overlayColor":{"default":{"color":"CT_CSS_SKIP_RULE"}},"backgroundColor":{"default":{"color":"var(--theme-palette-color-6)"}}},"pageTitlePadding":{"top":"50px","bottom":"50px","left":"auto","right":"auto","linked":true},"eba25506a86953c395b61aeb80c3ca2d":"","page_structure_type":"default","653fd0425713646e5318053e5570eeb1":"","content_style_source":"inherit","content_style":"wide","vertical_spacing_source":"custom","content_area_spacing":"none","background":{"background_type":"color","background_pattern":"type-1","background_image":{"attachment_id":null,"x":0,"y":0},"gradient":"linear-gradient(135deg,rgba(6,147,227,1) 0%,rgb(155,81,224) 100%)","background_repeat":"repeat","background_size":"auto","background_attachment":"scroll","patternColor":{"default":{"color":"#e5e7ea"}},"overlayColor":{"default":{"color":"CT_CSS_SKIP_RULE"}},"backgroundColor":{"default":{"color":"CT_CSS_SKIP_RULE"}}},"content_background":{"background_type":"color","background_pattern":"type-1","background_image":{"attachment_id":null,"x":0,"y":0},"gradient":"linear-gradient(135deg,rgba(6,147,227,1) 0%,rgb(155,81,224) 100%)","background_repeat":"repeat","background_size":"auto","background_attachment":"scroll","patternColor":{"default":{"color":"#e5e7ea"}},"overlayColor":{"default":{"color":"CT_CSS_SKIP_RULE"}},"backgroundColor":{"default":{"color":"var(--theme-palette-color-8)"}}},"content_boxed_shadow":{"inherit":false,"blur":18,"spread":-6,"v_offset":12,"h_offset":0,"inset":false,"enable":true,"color":{"color":"rgba(34, 56, 101, 0.04)"}},"boxed_content_spacing":{"desktop":{"top":"40px","bottom":"40px","left":"40px","right":"40px","linked":true},"tablet":{"top":"35px","bottom":"35px","left":"35px","right":"35px","linked":true},"mobile":{"top":"20px","bottom":"20px","left":"20px","right":"20px","linked":true}},"content_boxed_radius":{"top":"3px","bottom":"3px","left":"3px","right":"3px","linked":true},"7992791a59a9cb710c125115fbd410b3":"","disable_featured_image":"no","disable_share_box":"no","disable_header":"no","disable_footer":"no","styles_descriptor":{"styles":{"desktop":"","tablet":"","mobile":""},"google_fonts":[],"version":6}},"featured_image_urls":{"full":"","thumbnail":"","medium":"","medium_large":"","large":"","1536x1536":"","2048x2048":"","trp-custom-language-flag":""},"post_excerpt_stackable":"<p>200&#8217;den fazla \u00fclkede bir milyar\u0131n \u00fczerinde aktif kullan\u0131c\u0131s\u0131 bulunan LinkedIn, d\u00fcnyan\u0131n en \u00f6nemli i\u015f a\u011f\u0131d\u0131r. \u0130ster i\u015f ba\u011flant\u0131lar\u0131 kurmak, ister i\u015fe al\u0131m, ister i\u00e7erik pazarlamayla ilgili olsun. \u0130\u015f d\u00fcnyas\u0131nda g\u00f6r\u00fcnmek isteyen herkes LinkedIn\u2019de aktif.Ki\u015fisel profiller, \u015firket profilleri, i\u015f panolar\u0131, gruplar, haber ak\u0131\u015f\u0131, LinkedIn reklamlar\u0131 &#8211; LinkedIn, son y\u0131llarda olduk\u00e7a s\u0131k ziyaret edilen bir i\u015f pazar\u0131 haline geldi ve bug\u00fcn t\u00fcm alanlardan i\u015f adamlar\u0131 ve t\u00fcm sekt\u00f6rlerden \u015firketler i\u00e7in ilgin\u00e7 pazarlama f\u0131rsatlar\u0131 sunuyor. \u0130\u015f platformu, personel al\u0131m\u0131 i\u00e7in Yetenek \u00c7\u00f6z\u00fcmleri kapsam\u0131nda uygun ara\u00e7lar\u0131 bir araya getirdi. Profesyonelce tasarlanm\u0131\u015f bir \u015firket sayfas\u0131ndan kariyer sayfas\u0131na ve ilgili \u0130K pazarlama kampanyalar\u0131na kadar, LinkedIn&#8217;in \u00f6zellikle&hellip;<\/p>\n","category_list":"","author_info":{"name":"d\u00eda festivo","url":"https:\/\/bayramdokmeci.com\/es\/author\/bayram\/"},"comments_num":"0 comments","_links":{"self":[{"href":"https:\/\/bayramdokmeci.com\/es\/wp-json\/wp\/v2\/pages\/846","targetHints":{"allow":["GET"]}}],"collection":[{"href":"https:\/\/bayramdokmeci.com\/es\/wp-json\/wp\/v2\/pages"}],"about":[{"href":"https:\/\/bayramdokmeci.com\/es\/wp-json\/wp\/v2\/types\/page"}],"author":[{"embeddable":true,"href":"https:\/\/bayramdokmeci.com\/es\/wp-json\/wp\/v2\/users\/1"}],"replies":[{"embeddable":true,"href":"https:\/\/bayramdokmeci.com\/es\/wp-json\/wp\/v2\/comments?post=846"}],"version-history":[{"count":2,"href":"https:\/\/bayramdokmeci.com\/es\/wp-json\/wp\/v2\/pages\/846\/revisions"}],"predecessor-version":[{"id":1018,"href":"https:\/\/bayramdokmeci.com\/es\/wp-json\/wp\/v2\/pages\/846\/revisions\/1018"}],"wp:attachment":[{"href":"https:\/\/bayramdokmeci.com\/es\/wp-json\/wp\/v2\/media?parent=846"}],"curies":[{"name":"wp","href":"https:\/\/api.w.org\/{rel}","templated":true}]}}