{"id":1063,"date":"2024-02-27T16:05:57","date_gmt":"2024-02-27T16:05:57","guid":{"rendered":"https:\/\/bayramdokmeci.com\/?page_id=1063"},"modified":"2024-02-27T16:30:14","modified_gmt":"2024-02-27T16:30:14","slug":"kulturumuz","status":"publish","type":"page","link":"https:\/\/bayramdokmeci.com\/el\/kulturumuz\/","title":{"rendered":"K\u00fclt\u00fcr\u00fcm\u00fcz"},"content":{"rendered":"<div class=\"wp-block-columns is-layout-flex wp-container-core-columns-is-layout-28f84493 wp-block-columns-is-layout-flex\">\n<div class=\"wp-block-column is-layout-flow wp-block-column-is-layout-flow\" style=\"flex-basis:100%\">\n<div class=\"wp-block-stackable-image stk-block-image stk-block stk-582b4d7\" data-block-id=\"582b4d7\"><figure><span class=\"stk-img-wrapper stk-image--shape-stretch\"><img loading=\"lazy\" decoding=\"async\" class=\"stk-img wp-image-1065\" src=\"https:\/\/cdn.bayramdokmeci.com\/2024\/02\/kulturumuz.jpg\" width=\"1182\" height=\"634\" srcset=\"https:\/\/cdn.bayramdokmeci.com\/2024\/02\/kulturumuz.jpg 1182w, https:\/\/cdn.bayramdokmeci.com\/2024\/02\/kulturumuz-300x161.jpg 300w, https:\/\/cdn.bayramdokmeci.com\/2024\/02\/kulturumuz-1024x549.jpg 1024w, https:\/\/cdn.bayramdokmeci.com\/2024\/02\/kulturumuz-768x412.jpg 768w\" sizes=\"auto, (max-width: 1182px) 100vw, 1182px\" \/><\/span><\/figure><\/div>\n<\/div>\n<\/div>\n\n\n\n<div class=\"wp-block-stackable-heading stk-block-heading stk-block-heading--v2 stk-block stk-3ba0e7d\" id=\"turk-turizimin-her-uyesi-icin-guvenilir-ozenli-kapsayici-eglenceli-ve-donusumsel-bir-deneyim-yaratmayi-hedefliyoruz\" data-block-id=\"3ba0e7d\"><h2 class=\"stk-block-heading__text\">T\u00fcrk Turizimin her \u00fcyesi i\u00e7in g\u00fcvenilir, \u00f6zenli, kapsay\u0131c\u0131, e\u011flenceli ve d\u00f6n\u00fc\u015f\u00fcmsel bir deneyim yaratmay\u0131 hedefliyoruz.<\/h2><\/div>\n\n\n\n<p>Herkesin her \u015feyi yeniden d\u00fc\u015f\u00fcnd\u00fc\u011f\u00fc B\u00fcy\u00fck Yeniden Yap\u0131lanma olarak adland\u0131rd\u0131\u011f\u0131m\u0131z bir d\u00f6nemin ortas\u0131nday\u0131z. \u015eirketler t\u00fcm \u00e7al\u0131\u015fma modellerini, k\u00fclt\u00fcrlerini ve \u015firket de\u011ferlerini yeniden g\u00f6zden ge\u00e7iriyor. Ayn\u0131 zamanda, \u00e7al\u0131\u015fanlar sadece nas\u0131l \u00e7al\u0131\u015ft\u0131klar\u0131n\u0131 de\u011fil, neden \u00e7al\u0131\u015ft\u0131klar\u0131n\u0131 da yeniden d\u00fc\u015f\u00fcn\u00fcyor ve daha fazla esneklik, daha iyi \u00fccret, kapsay\u0131c\u0131 bir ortam veya daha derin bir tatmin gibi ihtiya\u00e7lar\u0131na en uygun f\u0131rsatlar\u0131 ar\u0131yorlar.<\/p>\n\n\n\n<p>\u00c7evremizde \u00e7ok \u015fey de\u011fi\u015fmi\u015f olsa da, de\u011fi\u015fmeyen \u015fey k\u00fclt\u00fcr\u00fcm\u00fcz\u00fcn g\u00fcc\u00fcd\u00fcr. \u0130ster \u00e7al\u0131\u015fma \u015feklimize basit ama cesur bir yakla\u015f\u0131m benimsemek, ister \u00e7e\u015fitlilik i\u00e7eren hizmetlerimiz, taahh\u00fcd\u00fcm\u00fcz\u00fc payla\u015fan kurulu\u015flarla ortakl\u0131k yapmak, ister k\u00fcresel i\u015fg\u00fcc\u00fcn\u00fcn t\u00fcm \u00fcyeleri i\u00e7in daha adil sonu\u00e7lar elde edilmesine yard\u0131mc\u0131 olmak olsun, de\u011ferlerimize ba\u011fl\u0131y\u0131z ve b\u00fcy\u00fcme zihniyetini benimsiyoruz.<\/p>\n\n\n\n<p>Bizim i\u00e7in iyilik yapmak, iyi yapmak kadar, hatta ondan daha \u00f6nemlidir. \u00c7al\u0131\u015ft\u0131\u011f\u0131m\u0131z Otel ve Acentelere, dan\u0131\u015fmanl\u0131k ve hizmet yoluyla i\u015flerini b\u00fcy\u00fctmek ve a\u011flar\u0131n\u0131 geni\u015fletmek i\u00e7in deste\u011fimizi s\u00fcrd\u00fcrece\u011fiz. <\/p>\n\n\n\n<div class=\"wp-block-stackable-spacer stk-block-spacer stk--no-padding stk-block stk-43a6213\" data-block-id=\"43a6213\"><\/div>","protected":false},"excerpt":{"rendered":"<p>T\u00fcrk Turizimin her \u00fcyesi i\u00e7in g\u00fcvenilir, \u00f6zenli, kapsay\u0131c\u0131, e\u011flenceli ve d\u00f6n\u00fc\u015f\u00fcmsel bir deneyim yaratmay\u0131 hedefliyoruz. Herkesin her \u015feyi yeniden d\u00fc\u015f\u00fcnd\u00fc\u011f\u00fc B\u00fcy\u00fck Yeniden Yap\u0131lanma olarak adland\u0131rd\u0131\u011f\u0131m\u0131z bir d\u00f6nemin ortas\u0131nday\u0131z. \u015eirketler t\u00fcm \u00e7al\u0131\u015fma modellerini, k\u00fclt\u00fcrlerini ve \u015firket de\u011ferlerini yeniden g\u00f6zden ge\u00e7iriyor. Ayn\u0131 zamanda, \u00e7al\u0131\u015fanlar sadece nas\u0131l \u00e7al\u0131\u015ft\u0131klar\u0131n\u0131 de\u011fil, neden \u00e7al\u0131\u015ft\u0131klar\u0131n\u0131 da yeniden d\u00fc\u015f\u00fcn\u00fcyor ve daha fazla esneklik, [&hellip;]<\/p>\n","protected":false},"author":1,"featured_media":0,"parent":0,"menu_order":0,"comment_status":"closed","ping_status":"closed","template":"","meta":{"footnotes":""},"class_list":["post-1063","page","type-page","status-publish","hentry"],"blocksy_meta":{"page_title_panel":"","has_hero_section":"disabled","b5eab4b45fc993c35f414f196001c1b3":"","hero_section":"type-1","hero_elements":[{"id":"custom_title","enabled":true,"heading_tag":"h1","title":"Home"},{"id":"custom_description","enabled":true,"description_visibility":{"desktop":true,"tablet":true,"mobile":false}},{"id":"custom_meta","enabled":false,"meta_elements":[{"id":"author","enabled":true,"label":"By","has_author_avatar":"yes","avatar_size":25},{"id":"post_date","enabled":true,"label":"On","date_format_source":"default","date_format":"M j, Y"},{"id":"updated_date","enabled":false,"label":"On","date_format_source":"default","date_format":"M j, Y"},{"id":"categories","enabled":false,"label":"In","style":"simple"},{"id":"comments","enabled":true}],"page_meta_elements":{"joined":true,"articles_count":true,"comments":true}},{"id":"breadcrumbs","enabled":false}],"76f4d01deefcea6e36539ad1e0b44d7b":"","hero_alignment1":"CT_CSS_SKIP_RULE","hero_margin":40,"hero_alignment2":"center","hero_vertical_alignment":"center","0949b4a7e32105b1f86c9539ab4f63fe":"","hero_structure":"narrow","8b5cdd064d547fd8f2f567b9e5031f2c":"","page_title_bg_type":"featured_image","custom_hero_background":{"attachment_id":null},"parallax":{"desktop":false,"tablet":false,"mobile":false},"b8535cf0316ce12df016fa4a68ddf005":"","hero_height":"250px","pageTitleFont":{"family":"Default","variation":"Default","size":"30px","line-height":"CT_CSS_SKIP_RULE","letter-spacing":"CT_CSS_SKIP_RULE","text-transform":"CT_CSS_SKIP_RULE","text-decoration":"CT_CSS_SKIP_RULE"},"pageTitleFontColor":{"default":{"color":"CT_CSS_SKIP_RULEDEFAULT"}},"pageMetaFont":{"family":"Default","variation":"n6","size":"12px","line-height":"1.3","letter-spacing":"CT_CSS_SKIP_RULE","text-transform":"uppercase","text-decoration":"CT_CSS_SKIP_RULE"},"pageMetaFontColor":{"default":{"color":"CT_CSS_SKIP_RULEDEFAULT"},"hover":{"color":"CT_CSS_SKIP_RULEDEFAULT"}},"page_meta_button_type_font_colors":{"default":{"color":"CT_CSS_SKIP_RULEDEFAULT"},"hover":{"color":"CT_CSS_SKIP_RULEDEFAULT"}},"page_meta_button_type_background_colors":{"default":{"color":"CT_CSS_SKIP_RULEDEFAULT"},"hover":{"color":"CT_CSS_SKIP_RULEDEFAULT"}},"pageExcerptFont":{"family":"Default","variation":"Default","size":"CT_CSS_SKIP_RULE","line-height":"CT_CSS_SKIP_RULE","letter-spacing":"CT_CSS_SKIP_RULE","text-transform":"CT_CSS_SKIP_RULE","text-decoration":"CT_CSS_SKIP_RULE"},"pageExcerptColor":{"default":{"color":"CT_CSS_SKIP_RULEDEFAULT"}},"breadcrumbsFont":{"family":"Default","variation":"Default","size":"CT_CSS_SKIP_RULE","line-height":"CT_CSS_SKIP_RULE","letter-spacing":"CT_CSS_SKIP_RULE","text-transform":"CT_CSS_SKIP_RULE","text-decoration":"CT_CSS_SKIP_RULE"},"breadcrumbsFontColor":{"default":{"color":"CT_CSS_SKIP_RULEDEFAULT"},"initial":{"color":"CT_CSS_SKIP_RULEDEFAULT"},"hover":{"color":"CT_CSS_SKIP_RULEDEFAULT"}},"pageTitleOverlay":{"background_type":"color","background_pattern":"type-1","background_image":{"attachment_id":null,"x":0,"y":0},"gradient":"linear-gradient(135deg,rgba(6,147,227,1) 0%,rgb(155,81,224) 100%)","background_repeat":"repeat","background_size":"auto","background_attachment":"scroll","patternColor":{"default":{"color":"#e5e7ea"}},"overlayColor":{"default":{"color":"CT_CSS_SKIP_RULE"}},"backgroundColor":{"default":{"color":"CT_CSS_SKIP_RULE"}}},"pageTitleBackground":{"background_type":"color","background_pattern":"type-1","background_image":{"attachment_id":null,"x":0,"y":0},"gradient":"linear-gradient(135deg,rgba(6,147,227,1) 0%,rgb(155,81,224) 100%)","background_repeat":"repeat","background_size":"auto","background_attachment":"scroll","patternColor":{"default":{"color":"#e5e7ea"}},"overlayColor":{"default":{"color":"CT_CSS_SKIP_RULE"}},"backgroundColor":{"default":{"color":"var(--theme-palette-color-6)"}}},"pageTitlePadding":{"top":"50px","bottom":"50px","left":"auto","right":"auto","linked":true},"eba25506a86953c395b61aeb80c3ca2d":"","page_structure_type":"default","653fd0425713646e5318053e5570eeb1":"","content_style_source":"inherit","content_style":"wide","vertical_spacing_source":"custom","content_area_spacing":"none","background":{"background_type":"color","background_pattern":"type-1","background_image":{"attachment_id":null,"x":0,"y":0},"gradient":"linear-gradient(135deg,rgba(6,147,227,1) 0%,rgb(155,81,224) 100%)","background_repeat":"repeat","background_size":"auto","background_attachment":"scroll","patternColor":{"default":{"color":"#e5e7ea"}},"overlayColor":{"default":{"color":"CT_CSS_SKIP_RULE"}},"backgroundColor":{"default":{"color":"CT_CSS_SKIP_RULE"}}},"content_background":{"background_type":"color","background_pattern":"type-1","background_image":{"attachment_id":null,"x":0,"y":0},"gradient":"linear-gradient(135deg,rgba(6,147,227,1) 0%,rgb(155,81,224) 100%)","background_repeat":"repeat","background_size":"auto","background_attachment":"scroll","patternColor":{"default":{"color":"#e5e7ea"}},"overlayColor":{"default":{"color":"CT_CSS_SKIP_RULE"}},"backgroundColor":{"default":{"color":"var(--theme-palette-color-8)"}}},"content_boxed_shadow":{"inherit":false,"blur":18,"spread":-6,"v_offset":12,"h_offset":0,"inset":false,"enable":true,"color":{"color":"rgba(34, 56, 101, 0.04)"}},"boxed_content_spacing":{"desktop":{"top":"40px","bottom":"40px","left":"40px","right":"40px","linked":true},"tablet":{"top":"35px","bottom":"35px","left":"35px","right":"35px","linked":true},"mobile":{"top":"20px","bottom":"20px","left":"20px","right":"20px","linked":true}},"content_boxed_radius":{"top":"3px","bottom":"3px","left":"3px","right":"3px","linked":true},"7992791a59a9cb710c125115fbd410b3":"","disable_featured_image":"no","disable_share_box":"no","disable_header":"yes","disable_footer":"no","styles_descriptor":{"styles":{"desktop":"","tablet":"","mobile":""},"google_fonts":[],"version":6}},"featured_image_urls":{"full":"","thumbnail":"","medium":"","medium_large":"","large":"","1536x1536":"","2048x2048":"","trp-custom-language-flag":""},"post_excerpt_stackable":"<p>T\u00fcrk Turizimin her \u00fcyesi i\u00e7in g\u00fcvenilir, \u00f6zenli, kapsay\u0131c\u0131, e\u011flenceli ve d\u00f6n\u00fc\u015f\u00fcmsel bir deneyim yaratmay\u0131 hedefliyoruz. Herkesin her \u015feyi yeniden d\u00fc\u015f\u00fcnd\u00fc\u011f\u00fc B\u00fcy\u00fck Yeniden Yap\u0131lanma olarak adland\u0131rd\u0131\u011f\u0131m\u0131z bir d\u00f6nemin ortas\u0131nday\u0131z. \u015eirketler t\u00fcm \u00e7al\u0131\u015fma modellerini, k\u00fclt\u00fcrlerini ve \u015firket de\u011ferlerini yeniden g\u00f6zden ge\u00e7iriyor. Ayn\u0131 zamanda, \u00e7al\u0131\u015fanlar sadece nas\u0131l \u00e7al\u0131\u015ft\u0131klar\u0131n\u0131 de\u011fil, neden \u00e7al\u0131\u015ft\u0131klar\u0131n\u0131 da yeniden d\u00fc\u015f\u00fcn\u00fcyor ve daha fazla esneklik, daha iyi \u00fccret, kapsay\u0131c\u0131 bir ortam veya daha derin bir tatmin gibi ihtiya\u00e7lar\u0131na en uygun f\u0131rsatlar\u0131 ar\u0131yorlar. \u00c7evremizde \u00e7ok \u015fey de\u011fi\u015fmi\u015f olsa da, de\u011fi\u015fmeyen \u015fey k\u00fclt\u00fcr\u00fcm\u00fcz\u00fcn g\u00fcc\u00fcd\u00fcr. \u0130ster \u00e7al\u0131\u015fma \u015feklimize basit ama cesur bir yakla\u015f\u0131m benimsemek, ister \u00e7e\u015fitlilik i\u00e7eren hizmetlerimiz, taahh\u00fcd\u00fcm\u00fcz\u00fc payla\u015fan kurulu\u015flarla ortakl\u0131k yapmak,&hellip;<\/p>\n","category_list":"","author_info":{"name":"\u03b1\u03c1\u03b3\u03af\u03b1","url":"https:\/\/bayramdokmeci.com\/el\/author\/bayram\/"},"comments_num":"0 comments","_links":{"self":[{"href":"https:\/\/bayramdokmeci.com\/el\/wp-json\/wp\/v2\/pages\/1063","targetHints":{"allow":["GET"]}}],"collection":[{"href":"https:\/\/bayramdokmeci.com\/el\/wp-json\/wp\/v2\/pages"}],"about":[{"href":"https:\/\/bayramdokmeci.com\/el\/wp-json\/wp\/v2\/types\/page"}],"author":[{"embeddable":true,"href":"https:\/\/bayramdokmeci.com\/el\/wp-json\/wp\/v2\/users\/1"}],"replies":[{"embeddable":true,"href":"https:\/\/bayramdokmeci.com\/el\/wp-json\/wp\/v2\/comments?post=1063"}],"version-history":[{"count":3,"href":"https:\/\/bayramdokmeci.com\/el\/wp-json\/wp\/v2\/pages\/1063\/revisions"}],"predecessor-version":[{"id":1067,"href":"https:\/\/bayramdokmeci.com\/el\/wp-json\/wp\/v2\/pages\/1063\/revisions\/1067"}],"wp:attachment":[{"href":"https:\/\/bayramdokmeci.com\/el\/wp-json\/wp\/v2\/media?parent=1063"}],"curies":[{"name":"wp","href":"https:\/\/api.w.org\/{rel}","templated":true}]}}