{"id":812,"date":"2024-02-09T07:52:51","date_gmt":"2024-02-09T07:52:51","guid":{"rendered":"https:\/\/bayramdokmeci.com\/?page_id=812"},"modified":"2026-02-17T12:59:12","modified_gmt":"2026-02-17T12:59:12","slug":"arama-motoru-pazarlama","status":"publish","type":"page","link":"https:\/\/bayramdokmeci.com\/de\/arama-motoru-pazarlama\/","title":{"rendered":"Suchmaschinenmarketing"},"content":{"rendered":"<div class=\"wp-block-columns is-layout-flex wp-container-core-columns-is-layout-28f84493 wp-block-columns-is-layout-flex\">\n<div class=\"wp-block-column is-layout-flow wp-block-column-is-layout-flow\" style=\"flex-basis:100%\">\n<div class=\"wp-block-stackable-image stk-block-image stk-block stk-582b4d7\" data-block-id=\"582b4d7\"><figure><span class=\"stk-img-wrapper stk-image--shape-stretch\"><img loading=\"lazy\" decoding=\"async\" class=\"stk-img wp-image-833\" src=\"https:\/\/cdn.bayramdokmeci.com\/2024\/02\/Google-Ads.jpg\" width=\"1542\" height=\"1044\" srcset=\"https:\/\/cdn.bayramdokmeci.com\/2024\/02\/Google-Ads.jpg 1542w, https:\/\/cdn.bayramdokmeci.com\/2024\/02\/Google-Ads-300x203.jpg 300w, https:\/\/cdn.bayramdokmeci.com\/2024\/02\/Google-Ads-1024x693.jpg 1024w, https:\/\/cdn.bayramdokmeci.com\/2024\/02\/Google-Ads-768x520.jpg 768w, https:\/\/cdn.bayramdokmeci.com\/2024\/02\/Google-Ads-1536x1040.jpg 1536w\" sizes=\"auto, (max-width: 1542px) 100vw, 1542px\" \/><\/span><\/figure><\/div>\n<\/div>\n<\/div>\n\n\n\n<p>Search engine marketing oder search engine advertising (SEA), Suchmaschinenoptimierung (search engine optimization\/SEO) ist eines der zwei wichtigsten Instrumente des online-marketing.<\/p>\n\n\n\n<p>Um sicherzustellen, dass Ihre website zu finden ist wie eine Nadel im Heuhaufen suchen f\u00fcr internet-marketing erfordert die richtigen keywords zur richtigen Zeit. Der trick liegt in den details, in der Regel in search engine marketing.<\/p>\n\n\n\n<p>Google ads oder Microsoft Ads (ehemals Bing) Kampagne kann schnell erstellt werden, aber es sollte beachtet werden, dass die Gefahren des Meeres und optmize ist gut. Weniger ist mehr, die Qualit\u00e4t, die Menge zu begrenzen wird. H\u00f6here rankings in den Suchmaschinen-rankings und erh\u00f6hen Sie Ihren Platz unter den relevanten Zielgruppen m\u00f6chten Sie erhalten? Dann wir werden gl\u00fccklich sein zu helfen Sie entwickeln und implementieren eine sea-Kampagne; alles, was Sie tun m\u00fcssen, ist die Klingel.<\/p>\n\n\n\n<p>Google Ads Marketing, vom Vertrieb, die mehr Kosten, wenn falsch verwendet, wodurch ein sehr Komplexes Thema. Jedoch, die Standorte zus\u00e4tzlich zu den organischen Suchmaschinen (search engine optimization ist eine M\u00f6glichkeit der Gewinnung von qualifizierten Besuchern auf Ihre website durch Suchmaschinen-marketing.<\/p>\n\n\n\n<p>Wir beraten \u00fcber die Verwendung von Google-Werbung, Google-Werbung und Ihr Unternehmen mit Suchmaschinen-marketing-Strategien, wir arbeiten mit Ihnen, um Ihre Ziele zu erreichen, um sich zu entwickeln. Genau, welche Kampagnen mit Google ads-conversion-tracking und Google Analytics, der Zielgruppen, der Anzeigentext und die keywords, k\u00f6nnen wir bestimmen, die profitabel ist. Eine Google-Suche nach bestimmten Schl\u00fcsselw\u00f6rtern in Ihre Webseite mit Google Ads Suchanzeigen klicken Sie auf die Netzwerk-optimiert und damit die Platzierung von anzeigen auf Ihrer website, Ihren Shop oder Ihren blog haben Sie die Gelegenheit, um die Zahl der Besucher, und andere Faktoren. Google Display-Netzwerk-anzeigen (text\/Bild), und so ist es m\u00f6glich zu erreichen fast 90 Prozent aller internet-Nutzer. Ihre Google Ads-Kampagnen definiert, die im Einklang mit den Zielen Ihrer Website, indem Sie st\u00e4ndig analysieren und optimieren Sie Ihr marketing-budget in der besten Weise k\u00f6nnen Sie diese Art von online-marketing.<\/p>\n\n\n\n<p>Sie m\u00f6chten place ads in Google search engine advertising und professional? Wir D\u00f6kmeci Holiday promotion-Agentur, Microsoft Ads (ehemals Bing) f\u00fcr \"zertifizierte Google Premier Partner\" und \"professionelles Unternehmen Akkreditiert mit dem status der\" t\u00fcrkischen Consulting ist eines der Unternehmen, und garantieren die Qualifikation f\u00fcr das Suchmaschinen-marketing ist der perfekte partner f\u00fcr Sie!<\/p>\n\n\n\n<p>MICROSOFT ADVERTISING UND GOOGLE-PREMIER-PARTNER<br>Bayram Dokmeci<br>Google Als Premier Business Partner<br>und Microsoft advertising Partner.<\/p>\n\n\n\n<div class=\"wp-block-stackable-image stk-block-image has-text-align-left stk-block stk-4605d12\" data-block-id=\"4605d12\"><style>.stk-4605d12 .stk-img-wrapper{width:30% !important}<\/style><figure><span class=\"stk-img-wrapper stk-image--shape-stretch\"><img loading=\"lazy\" decoding=\"async\" class=\"stk-img wp-image-1013\" src=\"https:\/\/cdn.bayramdokmeci.com\/2024\/02\/PremierPartner-RGB.svg\" width=\"30\" height=\"300\"\/><\/span><\/figure><\/div>","protected":false},"excerpt":{"rendered":"<p>Arama motoru reklamc\u0131l\u0131\u011f\u0131 veya arama motoru reklamc\u0131l\u0131\u011f\u0131 (SEA), arama motoru optimizasyonu (Arama Motoru Optimizasyonu\/SEO) ile birlikte \u00e7evrimi\u00e7i pazarlaman\u0131n en \u00f6nemli iki arac\u0131ndan biridir. Web sitenizi bulman\u0131n samanl\u0131kta i\u011fne aramaya benzememesini sa\u011flamak i\u00e7in internet pazarlamac\u0131l\u0131\u011f\u0131, do\u011fru zamanda do\u011fru anahtar kelimeleri gerektirir. Arama motoru pazarlamac\u0131l\u0131\u011f\u0131nda p\u00fcf nokta genellikle ayr\u0131nt\u0131da gizlidir. Bir Google Ads veya Microsoft Ads (eski [&hellip;]<\/p>\n","protected":false},"author":1,"featured_media":0,"parent":0,"menu_order":0,"comment_status":"closed","ping_status":"closed","template":"","meta":{"footnotes":""},"class_list":["post-812","page","type-page","status-publish","hentry"],"blocksy_meta":{"page_title_panel":"","has_hero_section":"disabled","b5eab4b45fc993c35f414f196001c1b3":"","hero_section":"type-1","hero_elements":[{"id":"custom_title","enabled":true,"heading_tag":"h1","title":"Home"},{"id":"custom_description","enabled":true,"description_visibility":{"desktop":true,"tablet":true,"mobile":false}},{"id":"custom_meta","enabled":false,"meta_elements":[{"id":"author","enabled":true,"label":"By","has_author_avatar":"yes","avatar_size":25},{"id":"post_date","enabled":true,"label":"On","date_format_source":"default","date_format":"M j, Y"},{"id":"updated_date","enabled":false,"label":"On","date_format_source":"default","date_format":"M j, Y"},{"id":"categories","enabled":false,"label":"In","style":"simple"},{"id":"comments","enabled":true}],"page_meta_elements":{"joined":true,"articles_count":true,"comments":true}},{"id":"breadcrumbs","enabled":false}],"76f4d01deefcea6e36539ad1e0b44d7b":"","hero_alignment1":"CT_CSS_SKIP_RULE","hero_margin":40,"hero_alignment2":"center","hero_vertical_alignment":"center","0949b4a7e32105b1f86c9539ab4f63fe":"","hero_structure":"narrow","8b5cdd064d547fd8f2f567b9e5031f2c":"","page_title_bg_type":"featured_image","custom_hero_background":{"attachment_id":null},"parallax":{"desktop":false,"tablet":false,"mobile":false},"b8535cf0316ce12df016fa4a68ddf005":"","hero_height":"250px","pageTitleFont":{"family":"Default","variation":"Default","size":"30px","line-height":"CT_CSS_SKIP_RULE","letter-spacing":"CT_CSS_SKIP_RULE","text-transform":"CT_CSS_SKIP_RULE","text-decoration":"CT_CSS_SKIP_RULE"},"pageTitleFontColor":{"default":{"color":"CT_CSS_SKIP_RULEDEFAULT"}},"pageMetaFont":{"family":"Default","variation":"n6","size":"12px","line-height":"1.3","letter-spacing":"CT_CSS_SKIP_RULE","text-transform":"uppercase","text-decoration":"CT_CSS_SKIP_RULE"},"pageMetaFontColor":{"default":{"color":"CT_CSS_SKIP_RULEDEFAULT"},"hover":{"color":"CT_CSS_SKIP_RULEDEFAULT"}},"page_meta_button_type_font_colors":{"default":{"color":"CT_CSS_SKIP_RULEDEFAULT"},"hover":{"color":"CT_CSS_SKIP_RULEDEFAULT"}},"page_meta_button_type_background_colors":{"default":{"color":"CT_CSS_SKIP_RULEDEFAULT"},"hover":{"color":"CT_CSS_SKIP_RULEDEFAULT"}},"pageExcerptFont":{"family":"Default","variation":"Default","size":"CT_CSS_SKIP_RULE","line-height":"CT_CSS_SKIP_RULE","letter-spacing":"CT_CSS_SKIP_RULE","text-transform":"CT_CSS_SKIP_RULE","text-decoration":"CT_CSS_SKIP_RULE"},"pageExcerptColor":{"default":{"color":"CT_CSS_SKIP_RULEDEFAULT"}},"breadcrumbsFont":{"family":"Default","variation":"Default","size":"CT_CSS_SKIP_RULE","line-height":"CT_CSS_SKIP_RULE","letter-spacing":"CT_CSS_SKIP_RULE","text-transform":"CT_CSS_SKIP_RULE","text-decoration":"CT_CSS_SKIP_RULE"},"breadcrumbsFontColor":{"default":{"color":"CT_CSS_SKIP_RULEDEFAULT"},"initial":{"color":"CT_CSS_SKIP_RULEDEFAULT"},"hover":{"color":"CT_CSS_SKIP_RULEDEFAULT"}},"pageTitleOverlay":{"background_type":"color","background_pattern":"type-1","background_image":{"attachment_id":null,"x":0,"y":0},"gradient":"linear-gradient(135deg,rgba(6,147,227,1) 0%,rgb(155,81,224) 100%)","background_repeat":"repeat","background_size":"auto","background_attachment":"scroll","patternColor":{"default":{"color":"#e5e7ea"}},"overlayColor":{"default":{"color":"CT_CSS_SKIP_RULE"}},"backgroundColor":{"default":{"color":"CT_CSS_SKIP_RULE"}}},"pageTitleBackground":{"background_type":"color","background_pattern":"type-1","background_image":{"attachment_id":null,"x":0,"y":0},"gradient":"linear-gradient(135deg,rgba(6,147,227,1) 0%,rgb(155,81,224) 100%)","background_repeat":"repeat","background_size":"auto","background_attachment":"scroll","patternColor":{"default":{"color":"#e5e7ea"}},"overlayColor":{"default":{"color":"CT_CSS_SKIP_RULE"}},"backgroundColor":{"default":{"color":"var(--theme-palette-color-6)"}}},"pageTitlePadding":{"top":"50px","bottom":"50px","left":"auto","right":"auto","linked":true},"eba25506a86953c395b61aeb80c3ca2d":"","page_structure_type":"default","653fd0425713646e5318053e5570eeb1":"","content_style_source":"inherit","content_style":"wide","vertical_spacing_source":"custom","content_area_spacing":"none","background":{"background_type":"color","background_pattern":"type-1","background_image":{"attachment_id":null,"x":0,"y":0},"gradient":"linear-gradient(135deg,rgba(6,147,227,1) 0%,rgb(155,81,224) 100%)","background_repeat":"repeat","background_size":"auto","background_attachment":"scroll","patternColor":{"default":{"color":"#e5e7ea"}},"overlayColor":{"default":{"color":"CT_CSS_SKIP_RULE"}},"backgroundColor":{"default":{"color":"CT_CSS_SKIP_RULE"}}},"content_background":{"background_type":"color","background_pattern":"type-1","background_image":{"attachment_id":null,"x":0,"y":0},"gradient":"linear-gradient(135deg,rgba(6,147,227,1) 0%,rgb(155,81,224) 100%)","background_repeat":"repeat","background_size":"auto","background_attachment":"scroll","patternColor":{"default":{"color":"#e5e7ea"}},"overlayColor":{"default":{"color":"CT_CSS_SKIP_RULE"}},"backgroundColor":{"default":{"color":"var(--theme-palette-color-8)"}}},"content_boxed_shadow":{"inherit":false,"blur":18,"spread":-6,"v_offset":12,"h_offset":0,"inset":false,"enable":true,"color":{"color":"rgba(34, 56, 101, 0.04)"}},"boxed_content_spacing":{"desktop":{"top":"40px","bottom":"40px","left":"40px","right":"40px","linked":true},"tablet":{"top":"35px","bottom":"35px","left":"35px","right":"35px","linked":true},"mobile":{"top":"20px","bottom":"20px","left":"20px","right":"20px","linked":true}},"content_boxed_radius":{"top":"3px","bottom":"3px","left":"3px","right":"3px","linked":true},"7992791a59a9cb710c125115fbd410b3":"","disable_featured_image":"no","disable_share_box":"no","disable_header":"no","disable_footer":"no","styles_descriptor":{"styles":{"desktop":"","tablet":"","mobile":""},"google_fonts":[],"version":6}},"featured_image_urls":{"full":"","thumbnail":"","medium":"","medium_large":"","large":"","1536x1536":"","2048x2048":"","trp-custom-language-flag":""},"post_excerpt_stackable":"<p>Arama motoru reklamc\u0131l\u0131\u011f\u0131 veya arama motoru reklamc\u0131l\u0131\u011f\u0131 (SEA), arama motoru optimizasyonu (Arama Motoru Optimizasyonu\/SEO) ile birlikte \u00e7evrimi\u00e7i pazarlaman\u0131n en \u00f6nemli iki arac\u0131ndan biridir. Web sitenizi bulman\u0131n samanl\u0131kta i\u011fne aramaya benzememesini sa\u011flamak i\u00e7in internet pazarlamac\u0131l\u0131\u011f\u0131, do\u011fru zamanda do\u011fru anahtar kelimeleri gerektirir. Arama motoru pazarlamac\u0131l\u0131\u011f\u0131nda p\u00fcf nokta genellikle ayr\u0131nt\u0131da gizlidir. Bir Google Ads veya Microsoft Ads (eski ad\u0131yla Bing) kampanyas\u0131 h\u0131zl\u0131 bir \u015fekilde olu\u015fturulabilir ancak SEA\u2019n\u0131n tehlikeleri ve iyi optmize oldu\u011funa dikkat edilmelidir. Daha az\u0131 daha fazlad\u0131r, kalite niceli\u011fin \u00f6n\u00fcne ge\u00e7er. \u0130lgili hedef gruplar aras\u0131nda arama motoru s\u0131ralamalar\u0131nda yerinizi artt\u0131rmak ve \u00fcst s\u0131ralarda yer almak ister misiniz? O zaman bir SEA kampanyas\u0131&hellip;<\/p>\n","category_list":"","author_info":{"name":"Urlaub","url":"https:\/\/bayramdokmeci.com\/de\/author\/bayram\/"},"comments_num":"0 comments","_links":{"self":[{"href":"https:\/\/bayramdokmeci.com\/de\/wp-json\/wp\/v2\/pages\/812","targetHints":{"allow":["GET"]}}],"collection":[{"href":"https:\/\/bayramdokmeci.com\/de\/wp-json\/wp\/v2\/pages"}],"about":[{"href":"https:\/\/bayramdokmeci.com\/de\/wp-json\/wp\/v2\/types\/page"}],"author":[{"embeddable":true,"href":"https:\/\/bayramdokmeci.com\/de\/wp-json\/wp\/v2\/users\/1"}],"replies":[{"embeddable":true,"href":"https:\/\/bayramdokmeci.com\/de\/wp-json\/wp\/v2\/comments?post=812"}],"version-history":[{"count":12,"href":"https:\/\/bayramdokmeci.com\/de\/wp-json\/wp\/v2\/pages\/812\/revisions"}],"predecessor-version":[{"id":1016,"href":"https:\/\/bayramdokmeci.com\/de\/wp-json\/wp\/v2\/pages\/812\/revisions\/1016"}],"wp:attachment":[{"href":"https:\/\/bayramdokmeci.com\/de\/wp-json\/wp\/v2\/media?parent=812"}],"curies":[{"name":"wp","href":"https:\/\/api.w.org\/{rel}","templated":true}]}}