{"id":842,"date":"2024-02-09T11:43:53","date_gmt":"2024-02-09T11:43:53","guid":{"rendered":"https:\/\/bayramdokmeci.com\/?page_id=842"},"modified":"2026-02-17T12:58:37","modified_gmt":"2026-02-17T12:58:37","slug":"instagram-pazarlama","status":"publish","type":"page","link":"https:\/\/bayramdokmeci.com\/ar\/instagram-pazarlama\/","title":{"rendered":"\u0627\u0644\u062a\u0633\u0648\u064a\u0642 \u0639\u0628\u0631 \u0625\u0646\u0633\u062a\u063a\u0631\u0627\u0645"},"content":{"rendered":"<div class=\"wp-block-columns is-layout-flex wp-container-core-columns-is-layout-28f84493 wp-block-columns-is-layout-flex\">\n<div class=\"wp-block-column is-layout-flow wp-block-column-is-layout-flow\" style=\"flex-basis:100%\">\n<div class=\"wp-block-stackable-image stk-block-image stk-block stk-582b4d7\" data-block-id=\"582b4d7\"><figure><span class=\"stk-img-wrapper stk-image--shape-stretch\"><img loading=\"lazy\" decoding=\"async\" class=\"stk-img wp-image-843\" src=\"https:\/\/cdn.bayramdokmeci.com\/2024\/02\/instagram-marketing.jpg\" width=\"1182\" height=\"634\" srcset=\"https:\/\/cdn.bayramdokmeci.com\/2024\/02\/instagram-marketing.jpg 1182w, https:\/\/cdn.bayramdokmeci.com\/2024\/02\/instagram-marketing-300x161.jpg 300w, https:\/\/cdn.bayramdokmeci.com\/2024\/02\/instagram-marketing-1024x549.jpg 1024w, https:\/\/cdn.bayramdokmeci.com\/2024\/02\/instagram-marketing-768x412.jpg 768w\" sizes=\"auto, (max-width: 1182px) 100vw, 1182px\" \/><\/span><\/figure><\/div>\n<\/div>\n<\/div>\n\n\n\n<p>\u0645\u062b\u0644 \u0641\u064a\u0633\u0628\u0648\u0643\u060c \u0623\u0635\u0628\u062d \u0625\u0646\u0633\u062a\u063a\u0631\u0627\u0645 \u062c\u0632\u0621\u064b\u0627 \u0644\u0627 \u064a\u062a\u062c\u0632\u0623 \u0645\u0646 \u0639\u0627\u0644\u0645 \u0627\u0644\u062a\u0648\u0627\u0635\u0644 \u0627\u0644\u0627\u062c\u062a\u0645\u0627\u0639\u064a. \u064a\u0636\u0645 \u0625\u0646\u0633\u062a\u063a\u0631\u0627\u0645 \u0645\u0627 \u064a\u0642\u0627\u0631\u0628 \u0645\u0644\u064a\u0627\u0631\u064a \u0645\u0633\u062a\u062e\u062f\u0645 \u0646\u0634\u0637 \u0634\u0647\u0631\u064a\u064b\u0627 \u062d\u0648\u0644 \u0627\u0644\u0639\u0627\u0644\u0645. \u062a\u0639\u0631\u0636 \u0623\u0643\u062b\u0631 \u0645\u0646 200 \u0645\u0644\u064a\u0648\u0646 \u0634\u0631\u0643\u0629 \u0639\u0644\u0627\u0645\u0627\u062a\u0647\u0627 \u0627\u0644\u062a\u062c\u0627\u0631\u064a\u0629 \u0648\u0645\u0646\u062a\u062c\u0627\u062a\u0647\u0627 \u0648\u062e\u062f\u0645\u0627\u062a\u0647\u0627 \u0639\u0644\u0649 \u0645\u0646\u0635\u0627\u062a \u062a\u064f\u0639\u0631\u0641 \u0628\u0627\u0633\u0645 \"\u0645\u0644\u0641\u0627\u062a \u062a\u0639\u0631\u064a\u0641 \u0627\u0644\u0634\u0631\u0643\u0627\u062a\" \u0639\u0644\u0649 \u0647\u0630\u0647 \u0627\u0644\u0645\u0646\u0635\u0629. \u064a\u0643\u0627\u062f \u0627\u0644\u062c\u0645\u064a\u0639 \u064a\u062a\u0627\u0628\u0639 \u0634\u0631\u0643\u0629 \u0648\u0627\u062d\u062f\u0629 \u0639\u0644\u0649 \u0627\u0644\u0623\u0642\u0644\u060c \u0648\u062a\u0632\u062f\u0627\u062f \u0623\u0647\u0645\u064a\u0629 \u062e\u0627\u0635\u064a\u0629 \u0627\u0644\u062a\u0633\u0648\u0642 \u0627\u0644\u0625\u0644\u0643\u062a\u0631\u0648\u0646\u064a. \u0644\u0627 \u0634\u0643 \u0641\u064a \u0623\u0647\u0645\u064a\u0629 \u0647\u0630\u0647 \u0627\u0644\u0645\u0646\u0635\u0629 \u0627\u0644\u062a\u064a \u062a\u0639\u0631\u0636 \u0627\u0644\u0635\u0648\u0631 \u0648\u0627\u0644\u0641\u064a\u062f\u064a\u0648\u0647\u0627\u062a. <\/p>\n\n\n\n<p>\u0646\u062d\u0646 \u0646\u0624\u0645\u0646 \u0628\u0627\u0644\u062a\u0648\u0627\u0635\u0644 \u0628\u064a\u0646 \u0627\u0644\u0646\u0627\u0633\u060c \u0648\u0627\u0644\u0645\u062d\u062a\u0648\u0649 \u0627\u0644\u062c\u064a\u062f \u062d\u0642\u064b\u0627\u060c \u0648\u0627\u0644\u0645\u0643\u0627\u0646 \u0627\u0644\u0645\u0646\u0627\u0633\u0628 \u0628\u062d\u064a\u062b \u064a\u0635\u0644 \u0627\u0644\u0645\u062d\u062a\u0648\u0649 \u0625\u0644\u0649 \u0623\u0648\u0644\u0626\u0643 \u0627\u0644\u0645\u0647\u062a\u0645\u064a\u0646 \u062d\u0642\u064b\u0627.<\/p>\n\n\n\n<p>\u0634\u0639\u0627\u0631\u0646\u0627: \u0644\u0627 \u062a\u0648\u062c\u062f \u0627\u0633\u062a\u0631\u0627\u062a\u064a\u062c\u064a\u0629 \u0645\u062d\u062a\u0648\u0649 \u0646\u0627\u062c\u062d\u0629 \u062f\u0648\u0646 \u0627\u0644\u0627\u0633\u062a\u062e\u062f\u0627\u0645 \u0627\u0644\u0623\u0645\u062b\u0644 \u0644\u0645\u064a\u0632\u0627\u0646\u064a\u0629 \u0627\u0644\u0648\u0633\u0627\u0626\u0637. \u0627\u0646\u0634\u0631 \u0645\u062d\u062a\u0648\u0627\u0643 \u0627\u0644\u0645\u0645\u064a\u0632 \u0641\u064a \u0635\u0641\u062d\u0627\u062a \u0627\u0644\u0623\u062e\u0628\u0627\u0631 \u0648\u0627\u0644\u0642\u0635\u0635 \u0644\u062c\u0645\u0647\u0648\u0631\u0643 \u0627\u0644\u0645\u0633\u062a\u0647\u062f\u0641 \u0627\u0644\u0645\u062a\u0639\u0637\u0634 \u0644\u0644\u0625\u0644\u0647\u0627\u0645\u060c \u0648\u0639\u0632\u0632 \u0627\u0644\u0648\u0639\u064a \u0628\u0639\u0644\u0627\u0645\u062a\u0643 \u0627\u0644\u062a\u062c\u0627\u0631\u064a\u0629 \u0623\u0648 \u0634\u0631\u0643\u062a\u0643 \u0639\u0628\u0631 \u0625\u0639\u0644\u0627\u0646\u0627\u062a \u0625\u0646\u0633\u062a\u063a\u0631\u0627\u0645. \u0623\u0638\u0647\u0631 \u0644\u0645\u062a\u0627\u0628\u0639\u064a\u0643 \u0631\u0648\u0639\u0629 \u0645\u062d\u062a\u0648\u0627\u0643\u060c \u0648\u0632\u062f \u0645\u0646 \u0632\u064a\u0627\u0631\u0627\u062a \u0645\u0648\u0642\u0639\u0643 \u0627\u0644\u0625\u0644\u0643\u062a\u0631\u0648\u0646\u064a\u060c \u0648\u0645\u0628\u064a\u0639\u0627\u062a\u0643\u060c \u0648\u0645\u0639\u062f\u0644\u0627\u062a \u0627\u0644\u062a\u062d\u0648\u064a\u0644. \u0639\u0631\u0651\u0641 \u062c\u0645\u0647\u0648\u0631\u0643 \u0627\u0644\u0645\u0633\u062a\u0647\u062f\u0641 \u0628\u062d\u0633\u0627\u0628\u0643 \u0639\u0644\u0649 \u0625\u0646\u0633\u062a\u063a\u0631\u0627\u0645. \u0627\u0633\u062a\u0645\u062a\u0639 \u0628\u0645\u0642\u0627\u0637\u0639 \u0627\u0644\u0641\u064a\u062f\u064a\u0648 \u0627\u0644\u062e\u0627\u0635\u0629 \u0628\u0643 \u0639\u0644\u0649 \u0642\u0635\u0635 \u0625\u0646\u0633\u062a\u063a\u0631\u0627\u0645 \u0648\u0631\u064a\u0644\u0632. \u0625\u0644\u0649 \u062c\u0627\u0646\u0628 \u0627\u0644\u062a\u0635\u0645\u064a\u0645 \u0627\u0644\u0625\u0628\u062f\u0627\u0639\u064a\u060c \u062a\u062a\u0637\u0644\u0628 \u0625\u0639\u0644\u0627\u0646\u0627\u062a \u0625\u0646\u0633\u062a\u063a\u0631\u0627\u0645 \u0645\u0631\u0627\u0642\u0628\u0629 \u0645\u0633\u062a\u0645\u0631\u0629 \u0648\u062a\u062d\u0633\u064a\u0646\u064b\u0627 \u062f\u0627\u0626\u0645\u064b\u0627 \u0644\u0644\u062d\u0641\u0627\u0638 \u0639\u0644\u0649 \u062a\u0641\u0627\u0639\u0644 \u0627\u0644\u0645\u0633\u062a\u062e\u062f\u0645\u064a\u0646 \u0630\u0648\u064a \u0627\u0644\u0645\u062a\u0637\u0644\u0628\u0627\u062a \u0627\u0644\u0628\u0635\u0631\u064a\u0629 \u0627\u0644\u0639\u0627\u0644\u064a\u0629 \u0648\u0641\u0639\u0627\u0644\u064a\u062a\u0647\u0627.<\/p>\n\n\n\n<p>\u0643\u064a\u0641 \u0623\u0635\u0644 \u0625\u0644\u0649 \u062c\u0645\u0647\u0648\u0631\u064a \u0627\u0644\u0645\u0633\u062a\u0647\u062f\u0641 \u0639\u0644\u0649 \u0625\u0646\u0633\u062a\u063a\u0631\u0627\u0645\u061f \u0645\u0627 \u0627\u0644\u0645\u062d\u062a\u0648\u0649 \u0627\u0644\u0630\u064a \u064a\u0645\u0643\u0646\u0646\u064a \u0627\u0633\u062a\u062e\u062f\u0627\u0645\u0647 \u0644\u062c\u0630\u0628 \u0627\u0644\u0627\u0646\u062a\u0628\u0627\u0647\u061f \u0647\u0644 \u0645\u0646 \u0627\u0644\u0623\u0641\u0636\u0644 \u0627\u0633\u062a\u062e\u062f\u0627\u0645 \u0627\u0644\u0645\u0646\u0634\u0648\u0631\u0627\u062a\u060c \u0623\u0645 \u0627\u0644\u0642\u0635\u0635\u060c \u0623\u0645 \u0645\u0642\u0627\u0637\u0639 \u0627\u0644\u0641\u064a\u062f\u064a\u0648 \u0627\u0644\u0642\u0635\u064a\u0631\u0629\u061f \u0643\u064a\u0641 \u064a\u0639\u0645\u0644 \u0627\u0644\u062a\u0633\u0648\u0642 \u0639\u0644\u0649 \u0625\u0646\u0633\u062a\u063a\u0631\u0627\u0645\u061f \u0643\u064a\u0641 \u0623\u062c\u0639\u0644 \u0627\u0644\u0645\u0624\u062b\u0631\u064a\u0646 \u064a\u0644\u0627\u062d\u0638\u0648\u0646\u0646\u064a\u061f \u0645\u0627 \u0647\u064a \u0627\u0644\u0647\u0627\u0634\u062a\u0627\u063a\u0627\u062a \u0627\u0644\u062a\u064a \u0623\u0633\u062a\u062e\u062f\u0645\u0647\u0627\u061f<\/p>\n\n\n\n<p>\u0647\u062f\u0641\u0646\u0627 \u0647\u0648 \u0627\u0628\u062a\u0643\u0627\u0631 \u0627\u0633\u062a\u0631\u0627\u062a\u064a\u062c\u064a\u0627\u062a \u0645\u062d\u062a\u0648\u0649 \u0648\u062d\u0645\u0644\u0627\u062a \u0625\u0639\u0644\u0627\u0646\u064a\u0629 \u0645\u062f\u0631\u0648\u0633\u0629 \u062c\u064a\u062f\u0627\u064b \u062a\u0639\u0645\u0644 \u0639\u0644\u0649 \u0648\u0636\u0639 \u0627\u0644\u0639\u0644\u0627\u0645\u0627\u062a \u0627\u0644\u062a\u062c\u0627\u0631\u064a\u0629 \u0648\u0627\u0644\u0634\u0631\u0643\u0627\u062a \u0641\u064a \u0628\u064a\u0626\u0629 \u0630\u0627\u062a \u0635\u0644\u0629 \u0639\u0627\u0644\u064a\u0629.<\/p>\n\n\n\n<p>\u0634\u0631\u064a\u0643 \u0623\u0639\u0645\u0627\u0644 \u0645\u064a\u062a\u0627<br>\u064a\u062a\u0643\u0648\u0646 \u0641\u0631\u064a\u0642\u0646\u0627 \u0645\u0646 \u062e\u0628\u0631\u0627\u0621 \u0645\u0639\u062a\u0645\u062f\u064a\u0646 \u0645\u0646 \u0625\u0646\u0633\u062a\u063a\u0631\u0627\u0645.<\/p>\n\n\n\n<div class=\"wp-block-stackable-image stk-block-image has-text-align-left stk-block stk-58263fb\" data-block-id=\"58263fb\"><style>.stk-58263fb .stk-img-wrapper{width:30% !important}<\/style><figure><span class=\"stk-img-wrapper stk-image--shape-stretch\"><img loading=\"lazy\" decoding=\"async\" class=\"stk-img wp-image-1011\" src=\"https:\/\/cdn.bayramdokmeci.com\/2024\/02\/meta-bayram.jpg\" width=\"240\" height=\"160\"\/><\/span><\/figure><\/div>","protected":false},"excerpt":{"rendered":"<p>Facebook gibi Instagram da \u015fu anda sosyal medya orman\u0131n\u0131n ayr\u0131lmaz bir par\u00e7as\u0131. Instagram&#8217;\u0131n d\u00fcnyan\u0131n her yerinden ayda yakla\u015f\u0131k 2 milyar aktif kullan\u0131c\u0131s\u0131 var. 200 milyondan fazla \u015firket, markalar\u0131n\u0131, \u00fcr\u00fcnlerini veya hizmetlerini sosyal medya platformunda i\u015f profilleri ad\u0131 verilen platformlarda sunuyor. Herkes en az bir firmay\u0131 takip ediyor ve al\u0131\u015fveri\u015f fonksiyonu giderek \u00f6nem kazan\u0131yor. G\u00f6r\u00fcnt\u00fc ve [&hellip;]<\/p>\n","protected":false},"author":1,"featured_media":0,"parent":0,"menu_order":0,"comment_status":"closed","ping_status":"closed","template":"","meta":{"footnotes":""},"class_list":["post-842","page","type-page","status-publish","hentry"],"blocksy_meta":{"page_title_panel":"","has_hero_section":"disabled","b5eab4b45fc993c35f414f196001c1b3":"","hero_section":"type-1","hero_elements":[{"id":"custom_title","enabled":true,"heading_tag":"h1","title":"Home"},{"id":"custom_description","enabled":true,"description_visibility":{"desktop":true,"tablet":true,"mobile":false}},{"id":"custom_meta","enabled":false,"meta_elements":[{"id":"author","enabled":true,"label":"By","has_author_avatar":"yes","avatar_size":25},{"id":"post_date","enabled":true,"label":"On","date_format_source":"default","date_format":"M j, Y"},{"id":"updated_date","enabled":false,"label":"On","date_format_source":"default","date_format":"M j, Y"},{"id":"categories","enabled":false,"label":"In","style":"simple"},{"id":"comments","enabled":true}],"page_meta_elements":{"joined":true,"articles_count":true,"comments":true}},{"id":"breadcrumbs","enabled":false}],"76f4d01deefcea6e36539ad1e0b44d7b":"","hero_alignment1":"CT_CSS_SKIP_RULE","hero_margin":40,"hero_alignment2":"center","hero_vertical_alignment":"center","0949b4a7e32105b1f86c9539ab4f63fe":"","hero_structure":"narrow","8b5cdd064d547fd8f2f567b9e5031f2c":"","page_title_bg_type":"featured_image","custom_hero_background":{"attachment_id":null},"parallax":{"desktop":false,"tablet":false,"mobile":false},"b8535cf0316ce12df016fa4a68ddf005":"","hero_height":"250px","pageTitleFont":{"family":"Default","variation":"Default","size":"30px","line-height":"CT_CSS_SKIP_RULE","letter-spacing":"CT_CSS_SKIP_RULE","text-transform":"CT_CSS_SKIP_RULE","text-decoration":"CT_CSS_SKIP_RULE"},"pageTitleFontColor":{"default":{"color":"CT_CSS_SKIP_RULEDEFAULT"}},"pageMetaFont":{"family":"Default","variation":"n6","size":"12px","line-height":"1.3","letter-spacing":"CT_CSS_SKIP_RULE","text-transform":"uppercase","text-decoration":"CT_CSS_SKIP_RULE"},"pageMetaFontColor":{"default":{"color":"CT_CSS_SKIP_RULEDEFAULT"},"hover":{"color":"CT_CSS_SKIP_RULEDEFAULT"}},"page_meta_button_type_font_colors":{"default":{"color":"CT_CSS_SKIP_RULEDEFAULT"},"hover":{"color":"CT_CSS_SKIP_RULEDEFAULT"}},"page_meta_button_type_background_colors":{"default":{"color":"CT_CSS_SKIP_RULEDEFAULT"},"hover":{"color":"CT_CSS_SKIP_RULEDEFAULT"}},"pageExcerptFont":{"family":"Default","variation":"Default","size":"CT_CSS_SKIP_RULE","line-height":"CT_CSS_SKIP_RULE","letter-spacing":"CT_CSS_SKIP_RULE","text-transform":"CT_CSS_SKIP_RULE","text-decoration":"CT_CSS_SKIP_RULE"},"pageExcerptColor":{"default":{"color":"CT_CSS_SKIP_RULEDEFAULT"}},"breadcrumbsFont":{"family":"Default","variation":"Default","size":"CT_CSS_SKIP_RULE","line-height":"CT_CSS_SKIP_RULE","letter-spacing":"CT_CSS_SKIP_RULE","text-transform":"CT_CSS_SKIP_RULE","text-decoration":"CT_CSS_SKIP_RULE"},"breadcrumbsFontColor":{"default":{"color":"CT_CSS_SKIP_RULEDEFAULT"},"initial":{"color":"CT_CSS_SKIP_RULEDEFAULT"},"hover":{"color":"CT_CSS_SKIP_RULEDEFAULT"}},"pageTitleOverlay":{"background_type":"color","background_pattern":"type-1","background_image":{"attachment_id":null,"x":0,"y":0},"gradient":"linear-gradient(135deg,rgba(6,147,227,1) 0%,rgb(155,81,224) 100%)","background_repeat":"repeat","background_size":"auto","background_attachment":"scroll","patternColor":{"default":{"color":"#e5e7ea"}},"overlayColor":{"default":{"color":"CT_CSS_SKIP_RULE"}},"backgroundColor":{"default":{"color":"CT_CSS_SKIP_RULE"}}},"pageTitleBackground":{"background_type":"color","background_pattern":"type-1","background_image":{"attachment_id":null,"x":0,"y":0},"gradient":"linear-gradient(135deg,rgba(6,147,227,1) 0%,rgb(155,81,224) 100%)","background_repeat":"repeat","background_size":"auto","background_attachment":"scroll","patternColor":{"default":{"color":"#e5e7ea"}},"overlayColor":{"default":{"color":"CT_CSS_SKIP_RULE"}},"backgroundColor":{"default":{"color":"var(--theme-palette-color-6)"}}},"pageTitlePadding":{"top":"50px","bottom":"50px","left":"auto","right":"auto","linked":true},"eba25506a86953c395b61aeb80c3ca2d":"","page_structure_type":"default","653fd0425713646e5318053e5570eeb1":"","content_style_source":"inherit","content_style":"wide","vertical_spacing_source":"custom","content_area_spacing":"none","background":{"background_type":"color","background_pattern":"type-1","background_image":{"attachment_id":null,"x":0,"y":0},"gradient":"linear-gradient(135deg,rgba(6,147,227,1) 0%,rgb(155,81,224) 100%)","background_repeat":"repeat","background_size":"auto","background_attachment":"scroll","patternColor":{"default":{"color":"#e5e7ea"}},"overlayColor":{"default":{"color":"CT_CSS_SKIP_RULE"}},"backgroundColor":{"default":{"color":"CT_CSS_SKIP_RULE"}}},"content_background":{"background_type":"color","background_pattern":"type-1","background_image":{"attachment_id":null,"x":0,"y":0},"gradient":"linear-gradient(135deg,rgba(6,147,227,1) 0%,rgb(155,81,224) 100%)","background_repeat":"repeat","background_size":"auto","background_attachment":"scroll","patternColor":{"default":{"color":"#e5e7ea"}},"overlayColor":{"default":{"color":"CT_CSS_SKIP_RULE"}},"backgroundColor":{"default":{"color":"var(--theme-palette-color-8)"}}},"content_boxed_shadow":{"inherit":false,"blur":18,"spread":-6,"v_offset":12,"h_offset":0,"inset":false,"enable":true,"color":{"color":"rgba(34, 56, 101, 0.04)"}},"boxed_content_spacing":{"desktop":{"top":"40px","bottom":"40px","left":"40px","right":"40px","linked":true},"tablet":{"top":"35px","bottom":"35px","left":"35px","right":"35px","linked":true},"mobile":{"top":"20px","bottom":"20px","left":"20px","right":"20px","linked":true}},"content_boxed_radius":{"top":"3px","bottom":"3px","left":"3px","right":"3px","linked":true},"7992791a59a9cb710c125115fbd410b3":"","disable_featured_image":"no","disable_share_box":"no","disable_header":"no","disable_footer":"no","styles_descriptor":{"styles":{"desktop":"","tablet":"","mobile":""},"google_fonts":[],"version":6}},"featured_image_urls":{"full":"","thumbnail":"","medium":"","medium_large":"","large":"","1536x1536":"","2048x2048":"","trp-custom-language-flag":""},"post_excerpt_stackable":"<p>Facebook gibi Instagram da \u015fu anda sosyal medya orman\u0131n\u0131n ayr\u0131lmaz bir par\u00e7as\u0131. Instagram&#8217;\u0131n d\u00fcnyan\u0131n her yerinden ayda yakla\u015f\u0131k 2 milyar aktif kullan\u0131c\u0131s\u0131 var. 200 milyondan fazla \u015firket, markalar\u0131n\u0131, \u00fcr\u00fcnlerini veya hizmetlerini sosyal medya platformunda i\u015f profilleri ad\u0131 verilen platformlarda sunuyor. Herkes en az bir firmay\u0131 takip ediyor ve al\u0131\u015fveri\u015f fonksiyonu giderek \u00f6nem kazan\u0131yor. G\u00f6r\u00fcnt\u00fc ve video platformunun \u00f6nemi inkar edilemez. \u0130nsanlar aras\u0131ndaki ba\u011flant\u0131ya, ger\u00e7ekten iyi i\u00e7eri\u011fe ve do\u011fru yerle\u015fime inan\u0131yoruz. B\u00f6ylece i\u00e7erik ger\u00e7ekten alakal\u0131 olanlara ula\u015f\u0131r. Slogan\u0131m\u0131z \u015fudur: Medya b\u00fct\u00e7esinin s\u00fcrd\u00fcr\u00fclebilir kullan\u0131m\u0131 olmadan i\u00e7erik stratejisi olmaz. Benzersiz i\u00e7eri\u011finizi ilhama a\u00e7 hedef kitlenizin haber ve hikaye ak\u0131\u015f\u0131na yerle\u015ftirin ve Instagram Reklamlar\u0131&hellip;<\/p>\n","category_list":"","author_info":{"name":"\u0639\u0637\u0644\u0629","url":"https:\/\/bayramdokmeci.com\/ar\/author\/bayram\/"},"comments_num":"0 comments","_links":{"self":[{"href":"https:\/\/bayramdokmeci.com\/ar\/wp-json\/wp\/v2\/pages\/842","targetHints":{"allow":["GET"]}}],"collection":[{"href":"https:\/\/bayramdokmeci.com\/ar\/wp-json\/wp\/v2\/pages"}],"about":[{"href":"https:\/\/bayramdokmeci.com\/ar\/wp-json\/wp\/v2\/types\/page"}],"author":[{"embeddable":true,"href":"https:\/\/bayramdokmeci.com\/ar\/wp-json\/wp\/v2\/users\/1"}],"replies":[{"embeddable":true,"href":"https:\/\/bayramdokmeci.com\/ar\/wp-json\/wp\/v2\/comments?post=842"}],"version-history":[{"count":2,"href":"https:\/\/bayramdokmeci.com\/ar\/wp-json\/wp\/v2\/pages\/842\/revisions"}],"predecessor-version":[{"id":1017,"href":"https:\/\/bayramdokmeci.com\/ar\/wp-json\/wp\/v2\/pages\/842\/revisions\/1017"}],"wp:attachment":[{"href":"https:\/\/bayramdokmeci.com\/ar\/wp-json\/wp\/v2\/media?parent=842"}],"curies":[{"name":"wp","href":"https:\/\/api.w.org\/{rel}","templated":true}]}}